{"id":5132,"date":"2025-08-19T21:08:17","date_gmt":"2025-08-19T19:08:17","guid":{"rendered":"https:\/\/driversfirst.eu\/iletisim\/"},"modified":"2026-04-05T02:15:37","modified_gmt":"2026-04-05T00:15:37","slug":"iletisim","status":"publish","type":"page","link":"https:\/\/driversfirst.eu\/tr\/iletisim\/","title":{"rendered":"\u0130leti\u015fim"},"content":{"rendered":"\t\t<div data-elementor-type=\"wp-page\" data-elementor-id=\"5132\" class=\"elementor elementor-5132 elementor-971\" data-elementor-post-type=\"page\">\n\t\t\t\t<div class=\"elementor-element elementor-element-564acfc e-flex e-con-boxed e-con e-parent\" data-id=\"564acfc\" data-element_type=\"container\" data-e-type=\"container\">\n\t\t\t\t\t<div class=\"e-con-inner\">\n\t\t\t\t<div class=\"elementor-element elementor-element-4fc9ec7 elementor-widget elementor-widget-heading\" data-id=\"4fc9ec7\" data-element_type=\"widget\" data-e-type=\"widget\" data-widget_type=\"heading.default\">\n\t\t\t\t\t<h2 class=\"elementor-heading-title elementor-size-default\">\u0130leti\u015fim<\/h2>\t\t\t\t<\/div>\n\t\t\t\t\t<\/div>\n\t\t\t\t<\/div>\n\t\t<div class=\"elementor-element elementor-element-76bac89 e-flex e-con-boxed e-con e-parent\" data-id=\"76bac89\" data-element_type=\"container\" data-e-type=\"container\" data-settings=\"{&quot;background_background&quot;:&quot;classic&quot;}\">\n\t\t\t\t\t<div class=\"e-con-inner\">\n\t\t<div class=\"elementor-element elementor-element-d2cabbf e-con-full e-flex e-con e-child\" data-id=\"d2cabbf\" data-element_type=\"container\" data-e-type=\"container\" data-settings=\"{&quot;background_background&quot;:&quot;classic&quot;}\">\n\t\t\t\t<div class=\"elementor-element elementor-element-5d69d8f elementor-widget elementor-widget-text-editor\" data-id=\"5d69d8f\" data-element_type=\"widget\" data-e-type=\"widget\" data-widget_type=\"text-editor.default\">\n\t\t\t\t\t\t\t\t\t<h3 class=\"wp-block-heading has-primary-color has-text-color has-link-color wp-elements-cc8d49fc4fc400b46ba63a2140959792\"><strong>Sizden haber almay\u0131 d\u00f6rt g\u00f6zle bekliyoruz<\/strong><\/h3><p>Sorular\u0131n\u0131z var m\u0131 veya Drivers First hakk\u0131nda daha fazla bilgi edinmek mi istiyorsunuz? <a href=\"mailto:info@driversfirst.eu\">info@driversfirst.eu<\/a> adresinden bizimle ileti\u015fime ge\u00e7mekten \u00e7ekinmeyiniz. Size yard\u0131mc\u0131 olmay\u0131 ve sahip olabilece\u011finiz t\u00fcm sorular\u0131 yan\u0131tlamay\u0131 d\u00f6rt g\u00f6zle bekliyoruz.  <\/p><p>Y\u00f6netim, ortakl\u0131k veya yat\u0131r\u0131m olanaklar\u0131 hakk\u0131nda daha fazla bilgi i\u00e7in <a href=\"https:\/\/mobilityfirst.eu\" target=\"_blank\" rel=\"noopener\">mobilityfirst.eu<\/a> adresini ziyaret ediniz<\/p><h5>Otopark \u00f6demeniz i\u00e7in KDV faturas\u0131na ihtiyac\u0131n\u0131z var m\u0131?<\/h5><p>Self-servis arac\u0131m\u0131z\u0131 kullan\u0131n\u0131z: <a class=\"underline underline underline-offset-2 decoration-1 decoration-current\/40 hover:decoration-current focus:decoration-current\" href=\"https:\/\/driversfirst.eu\/vat-invoice\/\" target=\"_blank\" rel=\"noopener\">https:\/\/driversfirst.eu\/vat-invoice\/<\/a><\/p>\t\t\t\t\t\t\t\t<\/div>\n\t\t\t\t<div class=\"elementor-element elementor-element-888d45b elementor-widget elementor-widget-text-editor\" data-id=\"888d45b\" data-element_type=\"widget\" data-e-type=\"widget\" data-widget_type=\"text-editor.default\">\n\t\t\t\t\t\t\t\t\t<h3 class=\"wp-block-heading has-primary-color has-text-color has-link-color wp-elements-cc8d49fc4fc400b46ba63a2140959792\"><strong>B\u00fcltenimize kat\u0131l\u0131n<\/strong><\/h3><p>En son haberler, lansmanlar ve \u00f6zel g\u00fcncellemeler i\u00e7in b\u00fcltenimize abone olunuz.<\/p>\t\t\t\t\t\t\t\t<\/div>\n\t\t\t\t<div class=\"elementor-element elementor-element-9759eca elementor-button-align-center elementor-widget elementor-widget-form\" data-id=\"9759eca\" data-element_type=\"widget\" data-e-type=\"widget\" data-settings=\"{&quot;step_next_label&quot;:&quot;Sonraki&quot;,&quot;step_previous_label&quot;:&quot;\\u00d6nceki&quot;,&quot;button_width&quot;:&quot;40&quot;,&quot;step_type&quot;:&quot;number_text&quot;,&quot;step_icon_shape&quot;:&quot;circle&quot;}\" data-widget_type=\"form.default\">\n\t\t\t\t\t\t\t<form class=\"elementor-form\" method=\"post\" name=\"B\u00fclten\" aria-label=\"B\u00fclten\">\n\t\t\t<input type=\"hidden\" name=\"post_id\" value=\"5132\"\/>\n\t\t\t<input type=\"hidden\" name=\"form_id\" value=\"9759eca\"\/>\n\t\t\t<input type=\"hidden\" name=\"referer_title\" value=\"\u0130leti\u015fim - Drivers First Security Parking\" \/>\n\n\t\t\t\t\t\t\t<input type=\"hidden\" name=\"queried_id\" value=\"5132\"\/>\n\t\t\t\n\t\t\t<div class=\"elementor-form-fields-wrapper elementor-labels-\">\n\t\t\t\t\t\t\t\t<div class=\"elementor-field-type-email elementor-field-group elementor-column elementor-field-group-email elementor-col-60 elementor-field-required\">\n\t\t\t\t\t\t\t\t\t\t\t\t<label for=\"form-field-email\" class=\"elementor-field-label elementor-screen-only\">\n\t\t\t\t\t\t\t\tE-posta\t\t\t\t\t\t\t<\/label>\n\t\t\t\t\t\t\t\t\t\t\t\t\t\t<input size=\"1\" type=\"email\" name=\"form_fields[email]\" id=\"form-field-email\" class=\"elementor-field elementor-size-sm  elementor-field-textual\" placeholder=\"E-posta\" required=\"required\">\n\t\t\t\t\t\t\t\t\t\t\t<\/div>\n\t\t\t\t\t\t\t\t<div class=\"elementor-field-group elementor-column elementor-field-type-submit elementor-col-40 e-form__buttons\">\n\t\t\t\t\t<button class=\"elementor-button elementor-size-sm\" type=\"submit\">\n\t\t\t\t\t\t<span class=\"elementor-button-content-wrapper\">\n\t\t\t\t\t\t\t\t\t\t\t\t\t\t\t\t\t\t\t\t\t\t<span class=\"elementor-button-text\">Abone Ol <\/span>\n\t\t\t\t\t\t\t\t\t\t\t\t\t<\/span>\n\t\t\t\t\t<\/button>\n\t\t\t\t<\/div>\n\t\t\t<\/div>\n\t\t<\/form>\n\t\t\t\t\t\t<\/div>\n\t\t\t\t<\/div>\n\t\t<div class=\"elementor-element elementor-element-6988278 e-con-full e-flex e-con e-child\" data-id=\"6988278\" data-element_type=\"container\" data-e-type=\"container\" data-settings=\"{&quot;background_background&quot;:&quot;classic&quot;}\">\n\t\t\t\t<div class=\"elementor-element elementor-element-7b675ff elementor-widget elementor-widget-text-editor\" data-id=\"7b675ff\" data-element_type=\"widget\" data-e-type=\"widget\" data-widget_type=\"text-editor.default\">\n\t\t\t\t\t\t\t\t\t<h3 class=\"wp-block-heading has-primary-color has-text-color has-link-color wp-elements-cc8d49fc4fc400b46ba63a2140959792\"><a href=\"mailto:info@driversfirst.eu\">info@driversfirst.eu<\/a><\/h3><p>Belirli bir konumun ileti\u015fim bilgileri i\u00e7in l\u00fctfen her konum i\u00e7in ayr\u0131 sayfay\u0131 g\u00f6r\u00fcnt\u00fcleyiniz<\/p>\t\t\t\t\t\t\t\t<\/div>\n\t\t\t\t<div class=\"elementor-element elementor-element-14f1abc elementor-align-center elementor-widget elementor-widget-button\" data-id=\"14f1abc\" data-element_type=\"widget\" data-e-type=\"widget\" data-widget_type=\"button.default\">\n\t\t\t\t\t\t\t\t\t\t<a class=\"elementor-button elementor-button-link elementor-size-sm\" href=\"https:\/\/driversfirst.eu\/tr\/konumlarimiz\/\">\n\t\t\t\t\t\t<span class=\"elementor-button-content-wrapper\">\n\t\t\t\t\t\t<span class=\"elementor-button-icon\">\n\t\t\t\t<svg aria-hidden=\"true\" class=\"e-font-icon-svg e-fas-location-arrow\" viewBox=\"0 0 512 512\" xmlns=\"http:\/\/www.w3.org\/2000\/svg\"><path d=\"M444.52 3.52L28.74 195.42c-47.97 22.39-31.98 92.75 19.19 92.75h175.91v175.91c0 51.17 70.36 67.17 92.75 19.19l191.9-415.78c15.99-38.39-25.59-79.97-63.97-63.97z\"><\/path><\/svg>\t\t\t<\/span>\n\t\t\t\t\t\t\t\t\t<span class=\"elementor-button-text\">Konumlar\u0131m\u0131z<\/span>\n\t\t\t\t\t<\/span>\n\t\t\t\t\t<\/a>\n\t\t\t\t\t\t\t\t<\/div>\n\t\t\t\t<\/div>\n\t\t\t\t\t<\/div>\n\t\t\t\t<\/div>\n\t\t\t\t<\/div>\n\t\t","protected":false},"excerpt":{"rendered":"<p>Sizden haber almay\u0131 d\u00f6rt g\u00f6zle bekliyoruz Sorular\u0131n\u0131z var m\u0131 veya Drivers First hakk\u0131nda daha fazla bilgi edinmek mi istiyorsunuz? info@driversfirst.eu adresinden bizimle ileti\u015fime ge\u00e7mekten \u00e7ekinmeyiniz. Size yard\u0131mc\u0131 olmay\u0131 ve sahip olabilece\u011finiz t\u00fcm sorular\u0131 yan\u0131tlamay\u0131 d\u00f6rt g\u00f6zle bekliyoruz. Y\u00f6netim, ortakl\u0131k veya yat\u0131r\u0131m olanaklar\u0131 hakk\u0131nda daha fazla bilgi i\u00e7in mobilityfirst.eu adresini ziyaret ediniz Otopark \u00f6demeniz i\u00e7in KDV [&hellip;]<\/p>\n","protected":false},"author":1,"featured_media":0,"parent":0,"menu_order":0,"comment_status":"closed","ping_status":"closed","template":"elementor_header_footer","meta":{"inline_featured_image":false,"footnotes":""},"class_list":["post-5132","page","type-page","status-publish","hentry"],"yoast_head":"<!-- This site is optimized with the Yoast SEO plugin v27.4 - https:\/\/yoast.com\/product\/yoast-seo-wordpress\/ -->\n<title>\u0130leti\u015fim - Drivers First Security Parking<\/title>\n<meta name=\"robots\" content=\"index, follow, max-snippet:-1, max-image-preview:large, max-video-preview:-1\" \/>\n<link rel=\"canonical\" href=\"https:\/\/driversfirst.eu\/tr\/iletisim\/\" \/>\n<meta property=\"og:locale\" content=\"tr_TR\" \/>\n<meta property=\"og:type\" content=\"article\" \/>\n<meta property=\"og:title\" content=\"\u0130leti\u015fim - Drivers First Security Parking\" \/>\n<meta property=\"og:description\" content=\"Sizden haber almay\u0131 d\u00f6rt g\u00f6zle bekliyoruz Sorular\u0131n\u0131z var m\u0131 veya Drivers First hakk\u0131nda daha fazla bilgi edinmek mi istiyorsunuz? info@driversfirst.eu adresinden bizimle ileti\u015fime ge\u00e7mekten \u00e7ekinmeyiniz. Size yard\u0131mc\u0131 olmay\u0131 ve sahip olabilece\u011finiz t\u00fcm sorular\u0131 yan\u0131tlamay\u0131 d\u00f6rt g\u00f6zle bekliyoruz. Y\u00f6netim, ortakl\u0131k veya yat\u0131r\u0131m olanaklar\u0131 hakk\u0131nda daha fazla bilgi i\u00e7in mobilityfirst.eu adresini ziyaret ediniz Otopark \u00f6demeniz i\u00e7in KDV [&hellip;]\" \/>\n<meta property=\"og:url\" content=\"https:\/\/driversfirst.eu\/tr\/iletisim\/\" \/>\n<meta property=\"og:site_name\" content=\"Drivers First Security Parking\" \/>\n<meta property=\"article:publisher\" content=\"https:\/\/www.facebook.com\/p\/Drivers-First-61558688551720\/\" \/>\n<meta property=\"article:modified_time\" content=\"2026-04-05T00:15:37+00:00\" \/>\n<meta name=\"twitter:card\" content=\"summary_large_image\" \/>\n<meta name=\"twitter:label1\" content=\"Tahmini okuma s\u00fcresi\" \/>\n\t<meta name=\"twitter:data1\" content=\"1 dakika\" \/>\n<script type=\"application\/ld+json\" class=\"yoast-schema-graph\">{\"@context\":\"https:\\\/\\\/schema.org\",\"@graph\":[{\"@type\":\"WebPage\",\"@id\":\"https:\\\/\\\/driversfirst.eu\\\/tr\\\/iletisim\\\/\",\"url\":\"https:\\\/\\\/driversfirst.eu\\\/tr\\\/iletisim\\\/\",\"name\":\"\u0130leti\u015fim - Drivers First Security Parking\",\"isPartOf\":{\"@id\":\"https:\\\/\\\/driversfirst.eu\\\/tr\\\/#website\"},\"datePublished\":\"2025-08-19T19:08:17+00:00\",\"dateModified\":\"2026-04-05T00:15:37+00:00\",\"breadcrumb\":{\"@id\":\"https:\\\/\\\/driversfirst.eu\\\/tr\\\/iletisim\\\/#breadcrumb\"},\"inLanguage\":\"tr\",\"potentialAction\":[{\"@type\":\"ReadAction\",\"target\":[\"https:\\\/\\\/driversfirst.eu\\\/tr\\\/iletisim\\\/\"]}]},{\"@type\":\"BreadcrumbList\",\"@id\":\"https:\\\/\\\/driversfirst.eu\\\/tr\\\/iletisim\\\/#breadcrumb\",\"itemListElement\":[{\"@type\":\"ListItem\",\"position\":1,\"name\":\"Ana Sayfa\",\"item\":\"https:\\\/\\\/driversfirst.eu\\\/tr\\\/\"},{\"@type\":\"ListItem\",\"position\":2,\"name\":\"\u0130leti\u015fim\"}]},{\"@type\":\"WebSite\",\"@id\":\"https:\\\/\\\/driversfirst.eu\\\/tr\\\/#website\",\"url\":\"https:\\\/\\\/driversfirst.eu\\\/tr\\\/\",\"name\":\"Drivers First Security Parking\",\"description\":\"Secure full service truck stops\",\"publisher\":{\"@id\":\"https:\\\/\\\/driversfirst.eu\\\/tr\\\/#organization\"},\"potentialAction\":[{\"@type\":\"SearchAction\",\"target\":{\"@type\":\"EntryPoint\",\"urlTemplate\":\"https:\\\/\\\/driversfirst.eu\\\/tr\\\/?s={search_term_string}\"},\"query-input\":{\"@type\":\"PropertyValueSpecification\",\"valueRequired\":true,\"valueName\":\"search_term_string\"}}],\"inLanguage\":\"tr\"},{\"@type\":\"Organization\",\"@id\":\"https:\\\/\\\/driversfirst.eu\\\/tr\\\/#organization\",\"name\":\"Drivers First Security Parking\",\"alternateName\":\"S\u00fcr\u00fcc\u00fcler \u00d6ncelikli\",\"url\":\"https:\\\/\\\/driversfirst.eu\\\/tr\\\/\",\"logo\":{\"@type\":\"ImageObject\",\"inLanguage\":\"tr\",\"@id\":\"https:\\\/\\\/driversfirst.eu\\\/tr\\\/#\\\/schema\\\/logo\\\/image\\\/\",\"url\":\"https:\\\/\\\/driversfirst.eu\\\/wp-content\\\/uploads\\\/2025\\\/08\\\/drivers-first-security-parking-scaled.png\",\"contentUrl\":\"https:\\\/\\\/driversfirst.eu\\\/wp-content\\\/uploads\\\/2025\\\/08\\\/drivers-first-security-parking-scaled.png\",\"width\":2560,\"height\":490,\"caption\":\"Drivers First Security Parking\"},\"image\":{\"@id\":\"https:\\\/\\\/driversfirst.eu\\\/tr\\\/#\\\/schema\\\/logo\\\/image\\\/\"},\"sameAs\":[\"https:\\\/\\\/www.facebook.com\\\/p\\\/Drivers-First-61558688551720\\\/\",\"https:\\\/\\\/www.linkedin.com\\\/company\\\/driversfirst\"]}]}<\/script>\n<!-- \/ Yoast SEO plugin. -->","yoast_head_json":{"title":"\u0130leti\u015fim - Drivers First Security Parking","robots":{"index":"index","follow":"follow","max-snippet":"max-snippet:-1","max-image-preview":"max-image-preview:large","max-video-preview":"max-video-preview:-1"},"canonical":"https:\/\/driversfirst.eu\/tr\/iletisim\/","og_locale":"tr_TR","og_type":"article","og_title":"\u0130leti\u015fim - Drivers First Security Parking","og_description":"Sizden haber almay\u0131 d\u00f6rt g\u00f6zle bekliyoruz Sorular\u0131n\u0131z var m\u0131 veya Drivers First hakk\u0131nda daha fazla bilgi edinmek mi istiyorsunuz? info@driversfirst.eu adresinden bizimle ileti\u015fime ge\u00e7mekten \u00e7ekinmeyiniz. Size yard\u0131mc\u0131 olmay\u0131 ve sahip olabilece\u011finiz t\u00fcm sorular\u0131 yan\u0131tlamay\u0131 d\u00f6rt g\u00f6zle bekliyoruz. Y\u00f6netim, ortakl\u0131k veya yat\u0131r\u0131m olanaklar\u0131 hakk\u0131nda daha fazla bilgi i\u00e7in mobilityfirst.eu adresini ziyaret ediniz Otopark \u00f6demeniz i\u00e7in KDV [&hellip;]","og_url":"https:\/\/driversfirst.eu\/tr\/iletisim\/","og_site_name":"Drivers First Security Parking","article_publisher":"https:\/\/www.facebook.com\/p\/Drivers-First-61558688551720\/","article_modified_time":"2026-04-05T00:15:37+00:00","twitter_card":"summary_large_image","twitter_misc":{"Tahmini okuma s\u00fcresi":"1 dakika"},"schema":{"@context":"https:\/\/schema.org","@graph":[{"@type":"WebPage","@id":"https:\/\/driversfirst.eu\/tr\/iletisim\/","url":"https:\/\/driversfirst.eu\/tr\/iletisim\/","name":"\u0130leti\u015fim - Drivers First Security Parking","isPartOf":{"@id":"https:\/\/driversfirst.eu\/tr\/#website"},"datePublished":"2025-08-19T19:08:17+00:00","dateModified":"2026-04-05T00:15:37+00:00","breadcrumb":{"@id":"https:\/\/driversfirst.eu\/tr\/iletisim\/#breadcrumb"},"inLanguage":"tr","potentialAction":[{"@type":"ReadAction","target":["https:\/\/driversfirst.eu\/tr\/iletisim\/"]}]},{"@type":"BreadcrumbList","@id":"https:\/\/driversfirst.eu\/tr\/iletisim\/#breadcrumb","itemListElement":[{"@type":"ListItem","position":1,"name":"Ana Sayfa","item":"https:\/\/driversfirst.eu\/tr\/"},{"@type":"ListItem","position":2,"name":"\u0130leti\u015fim"}]},{"@type":"WebSite","@id":"https:\/\/driversfirst.eu\/tr\/#website","url":"https:\/\/driversfirst.eu\/tr\/","name":"Drivers First Security Parking","description":"Secure full service truck stops","publisher":{"@id":"https:\/\/driversfirst.eu\/tr\/#organization"},"potentialAction":[{"@type":"SearchAction","target":{"@type":"EntryPoint","urlTemplate":"https:\/\/driversfirst.eu\/tr\/?s={search_term_string}"},"query-input":{"@type":"PropertyValueSpecification","valueRequired":true,"valueName":"search_term_string"}}],"inLanguage":"tr"},{"@type":"Organization","@id":"https:\/\/driversfirst.eu\/tr\/#organization","name":"Drivers First Security Parking","alternateName":"S\u00fcr\u00fcc\u00fcler \u00d6ncelikli","url":"https:\/\/driversfirst.eu\/tr\/","logo":{"@type":"ImageObject","inLanguage":"tr","@id":"https:\/\/driversfirst.eu\/tr\/#\/schema\/logo\/image\/","url":"https:\/\/driversfirst.eu\/wp-content\/uploads\/2025\/08\/drivers-first-security-parking-scaled.png","contentUrl":"https:\/\/driversfirst.eu\/wp-content\/uploads\/2025\/08\/drivers-first-security-parking-scaled.png","width":2560,"height":490,"caption":"Drivers First Security Parking"},"image":{"@id":"https:\/\/driversfirst.eu\/tr\/#\/schema\/logo\/image\/"},"sameAs":["https:\/\/www.facebook.com\/p\/Drivers-First-61558688551720\/","https:\/\/www.linkedin.com\/company\/driversfirst"]}]}},"_links":{"self":[{"href":"https:\/\/driversfirst.eu\/tr\/wp-json\/wp\/v2\/pages\/5132","targetHints":{"allow":["GET"]}}],"collection":[{"href":"https:\/\/driversfirst.eu\/tr\/wp-json\/wp\/v2\/pages"}],"about":[{"href":"https:\/\/driversfirst.eu\/tr\/wp-json\/wp\/v2\/types\/page"}],"author":[{"embeddable":true,"href":"https:\/\/driversfirst.eu\/tr\/wp-json\/wp\/v2\/users\/1"}],"replies":[{"embeddable":true,"href":"https:\/\/driversfirst.eu\/tr\/wp-json\/wp\/v2\/comments?post=5132"}],"version-history":[{"count":6,"href":"https:\/\/driversfirst.eu\/tr\/wp-json\/wp\/v2\/pages\/5132\/revisions"}],"predecessor-version":[{"id":7797,"href":"https:\/\/driversfirst.eu\/tr\/wp-json\/wp\/v2\/pages\/5132\/revisions\/7797"}],"wp:attachment":[{"href":"https:\/\/driversfirst.eu\/tr\/wp-json\/wp\/v2\/media?parent=5132"}],"curies":[{"name":"wp","href":"https:\/\/api.w.org\/{rel}","templated":true}]}}