{"id":2871,"date":"2025-08-19T21:08:17","date_gmt":"2025-08-19T19:08:17","guid":{"rendered":"https:\/\/driversfirst.eu\/contact\/"},"modified":"2026-04-05T02:15:37","modified_gmt":"2026-04-05T00:15:37","slug":"contact","status":"publish","type":"page","link":"https:\/\/driversfirst.eu\/ro\/contact\/","title":{"rendered":"Contact"},"content":{"rendered":"\t\t<div data-elementor-type=\"wp-page\" data-elementor-id=\"2871\" class=\"elementor elementor-2871 elementor-971\" data-elementor-post-type=\"page\">\n\t\t\t\t<div class=\"elementor-element elementor-element-564acfc e-flex e-con-boxed e-con e-parent\" data-id=\"564acfc\" data-element_type=\"container\" data-e-type=\"container\">\n\t\t\t\t\t<div class=\"e-con-inner\">\n\t\t\t\t<div class=\"elementor-element elementor-element-4fc9ec7 elementor-widget elementor-widget-heading\" data-id=\"4fc9ec7\" data-element_type=\"widget\" data-e-type=\"widget\" data-widget_type=\"heading.default\">\n\t\t\t\t\t<h2 class=\"elementor-heading-title elementor-size-default\">Contact<\/h2>\t\t\t\t<\/div>\n\t\t\t\t\t<\/div>\n\t\t\t\t<\/div>\n\t\t<div class=\"elementor-element elementor-element-76bac89 e-flex e-con-boxed e-con e-parent\" data-id=\"76bac89\" data-element_type=\"container\" data-e-type=\"container\" data-settings=\"{&quot;background_background&quot;:&quot;classic&quot;}\">\n\t\t\t\t\t<div class=\"e-con-inner\">\n\t\t<div class=\"elementor-element elementor-element-d2cabbf e-con-full e-flex e-con e-child\" data-id=\"d2cabbf\" data-element_type=\"container\" data-e-type=\"container\" data-settings=\"{&quot;background_background&quot;:&quot;classic&quot;}\">\n\t\t\t\t<div class=\"elementor-element elementor-element-5d69d8f elementor-widget elementor-widget-text-editor\" data-id=\"5d69d8f\" data-element_type=\"widget\" data-e-type=\"widget\" data-widget_type=\"text-editor.default\">\n\t\t\t\t\t\t\t\t\t<h3 class=\"wp-block-heading has-primary-color has-text-color has-link-color wp-elements-cc8d49fc4fc400b46ba63a2140959792\"><strong>A\u0219tept\u0103m cu ner\u0103bdare s\u0103 auzim de la dumneavoastr\u0103<\/strong><\/h3><p>Ave\u021bi \u00eentreb\u0103ri sau dori\u021bi s\u0103 afla\u021bi mai multe despre Drivers First? Nu ezita\u021bi s\u0103 ne contacta\u021bi la <a href=\"mailto:info@driversfirst.eu\">info@driversfirst.eu<\/a>. A\u0219tept\u0103m cu ner\u0103bdare s\u0103 v\u0103 ajut\u0103m \u0219i s\u0103 r\u0103spundem la orice \u00eentreb\u0103ri a\u021bi putea avea.  <\/p><p>Pentru mai multe informa\u021bii despre management, parteneriat sau posibilit\u0103\u021bi de investi\u021bii, vizita\u021bi <a href=\"https:\/\/mobilityfirst.eu\" target=\"_blank\" rel=\"noopener\">mobilityfirst.eu<\/a><\/p><h5>Ave\u021bi nevoie de o factur\u0103 cu TVA pentru plata parc\u0103rii?<\/h5><p>Utiliza\u021bi instrumentul nostru de autoservire: <a class=\"underline underline underline-offset-2 decoration-1 decoration-current\/40 hover:decoration-current focus:decoration-current\" href=\"https:\/\/driversfirst.eu\/vat-invoice\/\" target=\"_blank\" rel=\"noopener\">https:\/\/driversfirst.eu\/vat-invoice\/<\/a><\/p>\t\t\t\t\t\t\t\t<\/div>\n\t\t\t\t<div class=\"elementor-element elementor-element-888d45b elementor-widget elementor-widget-text-editor\" data-id=\"888d45b\" data-element_type=\"widget\" data-e-type=\"widget\" data-widget_type=\"text-editor.default\">\n\t\t\t\t\t\t\t\t\t<h3 class=\"wp-block-heading has-primary-color has-text-color has-link-color wp-elements-cc8d49fc4fc400b46ba63a2140959792\"><strong>\u00censcrie-te la newsletter-ul nostru<\/strong><\/h3><p>Aboneaz\u0103-te la newsletter-ul nostru pentru cele mai recente \u0219tiri, lans\u0103ri \u0219i actualiz\u0103ri exclusive.<\/p>\t\t\t\t\t\t\t\t<\/div>\n\t\t\t\t<div class=\"elementor-element elementor-element-9759eca elementor-button-align-center elementor-widget elementor-widget-form\" data-id=\"9759eca\" data-element_type=\"widget\" data-e-type=\"widget\" data-settings=\"{&quot;step_next_label&quot;:&quot;Urm\\u0103torul&quot;,&quot;step_previous_label&quot;:&quot;Anterior&quot;,&quot;button_width&quot;:&quot;40&quot;,&quot;step_type&quot;:&quot;number_text&quot;,&quot;step_icon_shape&quot;:&quot;circle&quot;}\" data-widget_type=\"form.default\">\n\t\t\t\t\t\t\t<form class=\"elementor-form\" method=\"post\" name=\"Newsletter\" aria-label=\"Newsletter\">\n\t\t\t<input type=\"hidden\" name=\"post_id\" value=\"2871\"\/>\n\t\t\t<input type=\"hidden\" name=\"form_id\" value=\"9759eca\"\/>\n\t\t\t<input type=\"hidden\" name=\"referer_title\" value=\"Contact - Drivers First Security Parking\" \/>\n\n\t\t\t\t\t\t\t<input type=\"hidden\" name=\"queried_id\" value=\"2871\"\/>\n\t\t\t\n\t\t\t<div class=\"elementor-form-fields-wrapper elementor-labels-\">\n\t\t\t\t\t\t\t\t<div class=\"elementor-field-type-email elementor-field-group elementor-column elementor-field-group-email elementor-col-60 elementor-field-required\">\n\t\t\t\t\t\t\t\t\t\t\t\t<label for=\"form-field-email\" class=\"elementor-field-label elementor-screen-only\">\n\t\t\t\t\t\t\t\tEmail\t\t\t\t\t\t\t<\/label>\n\t\t\t\t\t\t\t\t\t\t\t\t\t\t<input size=\"1\" type=\"email\" name=\"form_fields[email]\" id=\"form-field-email\" class=\"elementor-field elementor-size-sm  elementor-field-textual\" placeholder=\"Email\" required=\"required\">\n\t\t\t\t\t\t\t\t\t\t\t<\/div>\n\t\t\t\t\t\t\t\t<div class=\"elementor-field-group elementor-column elementor-field-type-submit elementor-col-40 e-form__buttons\">\n\t\t\t\t\t<button class=\"elementor-button elementor-size-sm\" type=\"submit\">\n\t\t\t\t\t\t<span class=\"elementor-button-content-wrapper\">\n\t\t\t\t\t\t\t\t\t\t\t\t\t\t\t\t\t\t\t\t\t\t<span class=\"elementor-button-text\">Aboneaz\u0103-te <\/span>\n\t\t\t\t\t\t\t\t\t\t\t\t\t<\/span>\n\t\t\t\t\t<\/button>\n\t\t\t\t<\/div>\n\t\t\t<\/div>\n\t\t<\/form>\n\t\t\t\t\t\t<\/div>\n\t\t\t\t<\/div>\n\t\t<div class=\"elementor-element elementor-element-6988278 e-con-full e-flex e-con e-child\" data-id=\"6988278\" data-element_type=\"container\" data-e-type=\"container\" data-settings=\"{&quot;background_background&quot;:&quot;classic&quot;}\">\n\t\t\t\t<div class=\"elementor-element elementor-element-7b675ff elementor-widget elementor-widget-text-editor\" data-id=\"7b675ff\" data-element_type=\"widget\" data-e-type=\"widget\" data-widget_type=\"text-editor.default\">\n\t\t\t\t\t\t\t\t\t<h3 class=\"wp-block-heading has-primary-color has-text-color has-link-color wp-elements-cc8d49fc4fc400b46ba63a2140959792\"><a href=\"mailto:info@driversfirst.eu\">info@driversfirst.eu<\/a><\/h3><p>Pentru datele de contact ale unei anumite loca\u021bii, v\u0103 rug\u0103m s\u0103 consulta\u021bi pagina individual\u0103 pentru fiecare loca\u021bie<\/p>\t\t\t\t\t\t\t\t<\/div>\n\t\t\t\t<div class=\"elementor-element elementor-element-14f1abc elementor-align-center elementor-widget elementor-widget-button\" data-id=\"14f1abc\" data-element_type=\"widget\" data-e-type=\"widget\" data-widget_type=\"button.default\">\n\t\t\t\t\t\t\t\t\t\t<a class=\"elementor-button elementor-button-link elementor-size-sm\" href=\"https:\/\/driversfirst.eu\/ro\/locatiile-noastre\/\">\n\t\t\t\t\t\t<span class=\"elementor-button-content-wrapper\">\n\t\t\t\t\t\t<span class=\"elementor-button-icon\">\n\t\t\t\t<svg aria-hidden=\"true\" class=\"e-font-icon-svg e-fas-location-arrow\" viewBox=\"0 0 512 512\" xmlns=\"http:\/\/www.w3.org\/2000\/svg\"><path d=\"M444.52 3.52L28.74 195.42c-47.97 22.39-31.98 92.75 19.19 92.75h175.91v175.91c0 51.17 70.36 67.17 92.75 19.19l191.9-415.78c15.99-38.39-25.59-79.97-63.97-63.97z\"><\/path><\/svg>\t\t\t<\/span>\n\t\t\t\t\t\t\t\t\t<span class=\"elementor-button-text\">Loca\u021biile noastre<\/span>\n\t\t\t\t\t<\/span>\n\t\t\t\t\t<\/a>\n\t\t\t\t\t\t\t\t<\/div>\n\t\t\t\t<\/div>\n\t\t\t\t\t<\/div>\n\t\t\t\t<\/div>\n\t\t\t\t<\/div>\n\t\t","protected":false},"excerpt":{"rendered":"<p>A\u0219tept\u0103m cu ner\u0103bdare s\u0103 auzim de la dumneavoastr\u0103 Ave\u021bi \u00eentreb\u0103ri sau dori\u021bi s\u0103 afla\u021bi mai multe despre Drivers First? Nu ezita\u021bi s\u0103 ne contacta\u021bi la info@driversfirst.eu. A\u0219tept\u0103m cu ner\u0103bdare s\u0103 v\u0103 ajut\u0103m \u0219i s\u0103 r\u0103spundem la orice \u00eentreb\u0103ri a\u021bi putea avea. Pentru mai multe informa\u021bii despre management, parteneriat sau posibilit\u0103\u021bi de investi\u021bii, vizita\u021bi mobilityfirst.eu Ave\u021bi [&hellip;]<\/p>\n","protected":false},"author":1,"featured_media":0,"parent":0,"menu_order":0,"comment_status":"closed","ping_status":"closed","template":"elementor_header_footer","meta":{"inline_featured_image":false,"footnotes":""},"class_list":["post-2871","page","type-page","status-publish","hentry"],"yoast_head":"<!-- This site is optimized with the Yoast SEO plugin v27.4 - https:\/\/yoast.com\/product\/yoast-seo-wordpress\/ -->\n<title>Contact - Drivers First Security Parking<\/title>\n<meta name=\"robots\" content=\"index, follow, max-snippet:-1, max-image-preview:large, max-video-preview:-1\" \/>\n<link rel=\"canonical\" href=\"https:\/\/driversfirst.eu\/ro\/contact\/\" \/>\n<meta property=\"og:locale\" content=\"ro_RO\" \/>\n<meta property=\"og:type\" content=\"article\" \/>\n<meta property=\"og:title\" content=\"Contact - Drivers First Security Parking\" \/>\n<meta property=\"og:description\" content=\"A\u0219tept\u0103m cu ner\u0103bdare s\u0103 auzim de la dumneavoastr\u0103 Ave\u021bi \u00eentreb\u0103ri sau dori\u021bi s\u0103 afla\u021bi mai multe despre Drivers First? Nu ezita\u021bi s\u0103 ne contacta\u021bi la info@driversfirst.eu. A\u0219tept\u0103m cu ner\u0103bdare s\u0103 v\u0103 ajut\u0103m \u0219i s\u0103 r\u0103spundem la orice \u00eentreb\u0103ri a\u021bi putea avea. Pentru mai multe informa\u021bii despre management, parteneriat sau posibilit\u0103\u021bi de investi\u021bii, vizita\u021bi mobilityfirst.eu Ave\u021bi [&hellip;]\" \/>\n<meta property=\"og:url\" content=\"https:\/\/driversfirst.eu\/ro\/contact\/\" \/>\n<meta property=\"og:site_name\" content=\"Drivers First Security Parking\" \/>\n<meta property=\"article:publisher\" content=\"https:\/\/www.facebook.com\/p\/Drivers-First-61558688551720\/\" \/>\n<meta property=\"article:modified_time\" content=\"2026-04-05T00:15:37+00:00\" \/>\n<meta name=\"twitter:card\" content=\"summary_large_image\" \/>\n<meta name=\"twitter:label1\" content=\"Timp estimat pentru citire\" \/>\n\t<meta name=\"twitter:data1\" content=\"1 minut\" \/>\n<script type=\"application\/ld+json\" class=\"yoast-schema-graph\">{\"@context\":\"https:\\\/\\\/schema.org\",\"@graph\":[{\"@type\":\"WebPage\",\"@id\":\"https:\\\/\\\/driversfirst.eu\\\/ro\\\/contact\\\/\",\"url\":\"https:\\\/\\\/driversfirst.eu\\\/ro\\\/contact\\\/\",\"name\":\"Contact - Drivers First Security Parking\",\"isPartOf\":{\"@id\":\"https:\\\/\\\/driversfirst.eu\\\/ro\\\/#website\"},\"datePublished\":\"2025-08-19T19:08:17+00:00\",\"dateModified\":\"2026-04-05T00:15:37+00:00\",\"breadcrumb\":{\"@id\":\"https:\\\/\\\/driversfirst.eu\\\/ro\\\/contact\\\/#breadcrumb\"},\"inLanguage\":\"ro-RO\",\"potentialAction\":[{\"@type\":\"ReadAction\",\"target\":[\"https:\\\/\\\/driversfirst.eu\\\/ro\\\/contact\\\/\"]}]},{\"@type\":\"BreadcrumbList\",\"@id\":\"https:\\\/\\\/driversfirst.eu\\\/ro\\\/contact\\\/#breadcrumb\",\"itemListElement\":[{\"@type\":\"ListItem\",\"position\":1,\"name\":\"Acas\u0103\",\"item\":\"https:\\\/\\\/driversfirst.eu\\\/ro\\\/\"},{\"@type\":\"ListItem\",\"position\":2,\"name\":\"Contact\"}]},{\"@type\":\"WebSite\",\"@id\":\"https:\\\/\\\/driversfirst.eu\\\/ro\\\/#website\",\"url\":\"https:\\\/\\\/driversfirst.eu\\\/ro\\\/\",\"name\":\"Drivers First Security Parking\",\"description\":\"Secure full service truck stops\",\"publisher\":{\"@id\":\"https:\\\/\\\/driversfirst.eu\\\/ro\\\/#organization\"},\"potentialAction\":[{\"@type\":\"SearchAction\",\"target\":{\"@type\":\"EntryPoint\",\"urlTemplate\":\"https:\\\/\\\/driversfirst.eu\\\/ro\\\/?s={search_term_string}\"},\"query-input\":{\"@type\":\"PropertyValueSpecification\",\"valueRequired\":true,\"valueName\":\"search_term_string\"}}],\"inLanguage\":\"ro-RO\"},{\"@type\":\"Organization\",\"@id\":\"https:\\\/\\\/driversfirst.eu\\\/ro\\\/#organization\",\"name\":\"Drivers First Security Parking\",\"alternateName\":\"\u0218oferii pe primul loc\",\"url\":\"https:\\\/\\\/driversfirst.eu\\\/ro\\\/\",\"logo\":{\"@type\":\"ImageObject\",\"inLanguage\":\"ro-RO\",\"@id\":\"https:\\\/\\\/driversfirst.eu\\\/ro\\\/#\\\/schema\\\/logo\\\/image\\\/\",\"url\":\"https:\\\/\\\/driversfirst.eu\\\/wp-content\\\/uploads\\\/2025\\\/08\\\/drivers-first-security-parking-scaled.png\",\"contentUrl\":\"https:\\\/\\\/driversfirst.eu\\\/wp-content\\\/uploads\\\/2025\\\/08\\\/drivers-first-security-parking-scaled.png\",\"width\":2560,\"height\":490,\"caption\":\"Drivers First Security Parking\"},\"image\":{\"@id\":\"https:\\\/\\\/driversfirst.eu\\\/ro\\\/#\\\/schema\\\/logo\\\/image\\\/\"},\"sameAs\":[\"https:\\\/\\\/www.facebook.com\\\/p\\\/Drivers-First-61558688551720\\\/\",\"https:\\\/\\\/www.linkedin.com\\\/company\\\/driversfirst\"]}]}<\/script>\n<!-- \/ Yoast SEO plugin. -->","yoast_head_json":{"title":"Contact - Drivers First Security Parking","robots":{"index":"index","follow":"follow","max-snippet":"max-snippet:-1","max-image-preview":"max-image-preview:large","max-video-preview":"max-video-preview:-1"},"canonical":"https:\/\/driversfirst.eu\/ro\/contact\/","og_locale":"ro_RO","og_type":"article","og_title":"Contact - Drivers First Security Parking","og_description":"A\u0219tept\u0103m cu ner\u0103bdare s\u0103 auzim de la dumneavoastr\u0103 Ave\u021bi \u00eentreb\u0103ri sau dori\u021bi s\u0103 afla\u021bi mai multe despre Drivers First? Nu ezita\u021bi s\u0103 ne contacta\u021bi la info@driversfirst.eu. A\u0219tept\u0103m cu ner\u0103bdare s\u0103 v\u0103 ajut\u0103m \u0219i s\u0103 r\u0103spundem la orice \u00eentreb\u0103ri a\u021bi putea avea. Pentru mai multe informa\u021bii despre management, parteneriat sau posibilit\u0103\u021bi de investi\u021bii, vizita\u021bi mobilityfirst.eu Ave\u021bi [&hellip;]","og_url":"https:\/\/driversfirst.eu\/ro\/contact\/","og_site_name":"Drivers First Security Parking","article_publisher":"https:\/\/www.facebook.com\/p\/Drivers-First-61558688551720\/","article_modified_time":"2026-04-05T00:15:37+00:00","twitter_card":"summary_large_image","twitter_misc":{"Timp estimat pentru citire":"1 minut"},"schema":{"@context":"https:\/\/schema.org","@graph":[{"@type":"WebPage","@id":"https:\/\/driversfirst.eu\/ro\/contact\/","url":"https:\/\/driversfirst.eu\/ro\/contact\/","name":"Contact - Drivers First Security Parking","isPartOf":{"@id":"https:\/\/driversfirst.eu\/ro\/#website"},"datePublished":"2025-08-19T19:08:17+00:00","dateModified":"2026-04-05T00:15:37+00:00","breadcrumb":{"@id":"https:\/\/driversfirst.eu\/ro\/contact\/#breadcrumb"},"inLanguage":"ro-RO","potentialAction":[{"@type":"ReadAction","target":["https:\/\/driversfirst.eu\/ro\/contact\/"]}]},{"@type":"BreadcrumbList","@id":"https:\/\/driversfirst.eu\/ro\/contact\/#breadcrumb","itemListElement":[{"@type":"ListItem","position":1,"name":"Acas\u0103","item":"https:\/\/driversfirst.eu\/ro\/"},{"@type":"ListItem","position":2,"name":"Contact"}]},{"@type":"WebSite","@id":"https:\/\/driversfirst.eu\/ro\/#website","url":"https:\/\/driversfirst.eu\/ro\/","name":"Drivers First Security Parking","description":"Secure full service truck stops","publisher":{"@id":"https:\/\/driversfirst.eu\/ro\/#organization"},"potentialAction":[{"@type":"SearchAction","target":{"@type":"EntryPoint","urlTemplate":"https:\/\/driversfirst.eu\/ro\/?s={search_term_string}"},"query-input":{"@type":"PropertyValueSpecification","valueRequired":true,"valueName":"search_term_string"}}],"inLanguage":"ro-RO"},{"@type":"Organization","@id":"https:\/\/driversfirst.eu\/ro\/#organization","name":"Drivers First Security Parking","alternateName":"\u0218oferii pe primul loc","url":"https:\/\/driversfirst.eu\/ro\/","logo":{"@type":"ImageObject","inLanguage":"ro-RO","@id":"https:\/\/driversfirst.eu\/ro\/#\/schema\/logo\/image\/","url":"https:\/\/driversfirst.eu\/wp-content\/uploads\/2025\/08\/drivers-first-security-parking-scaled.png","contentUrl":"https:\/\/driversfirst.eu\/wp-content\/uploads\/2025\/08\/drivers-first-security-parking-scaled.png","width":2560,"height":490,"caption":"Drivers First Security Parking"},"image":{"@id":"https:\/\/driversfirst.eu\/ro\/#\/schema\/logo\/image\/"},"sameAs":["https:\/\/www.facebook.com\/p\/Drivers-First-61558688551720\/","https:\/\/www.linkedin.com\/company\/driversfirst"]}]}},"_links":{"self":[{"href":"https:\/\/driversfirst.eu\/ro\/wp-json\/wp\/v2\/pages\/2871","targetHints":{"allow":["GET"]}}],"collection":[{"href":"https:\/\/driversfirst.eu\/ro\/wp-json\/wp\/v2\/pages"}],"about":[{"href":"https:\/\/driversfirst.eu\/ro\/wp-json\/wp\/v2\/types\/page"}],"author":[{"embeddable":true,"href":"https:\/\/driversfirst.eu\/ro\/wp-json\/wp\/v2\/users\/1"}],"replies":[{"embeddable":true,"href":"https:\/\/driversfirst.eu\/ro\/wp-json\/wp\/v2\/comments?post=2871"}],"version-history":[{"count":21,"href":"https:\/\/driversfirst.eu\/ro\/wp-json\/wp\/v2\/pages\/2871\/revisions"}],"predecessor-version":[{"id":7809,"href":"https:\/\/driversfirst.eu\/ro\/wp-json\/wp\/v2\/pages\/2871\/revisions\/7809"}],"wp:attachment":[{"href":"https:\/\/driversfirst.eu\/ro\/wp-json\/wp\/v2\/media?parent=2871"}],"curies":[{"name":"wp","href":"https:\/\/api.w.org\/{rel}","templated":true}]}}