{"id":2458,"date":"2025-08-19T19:06:28","date_gmt":"2025-08-19T17:06:28","guid":{"rendered":"https:\/\/driversfirst.eu\/tehnologie\/"},"modified":"2025-12-12T20:33:10","modified_gmt":"2025-12-12T19:33:10","slug":"tehnologie","status":"publish","type":"page","link":"https:\/\/driversfirst.eu\/ro\/tehnologie\/","title":{"rendered":"Tehnologie"},"content":{"rendered":"\t\t<div data-elementor-type=\"wp-page\" data-elementor-id=\"2458\" class=\"elementor elementor-2458 elementor-773\" data-elementor-post-type=\"page\">\n\t\t\t\t<div class=\"elementor-element elementor-element-8b67547 e-flex e-con-boxed e-con e-parent\" data-id=\"8b67547\" data-element_type=\"container\" data-e-type=\"container\">\n\t\t\t\t\t<div class=\"e-con-inner\">\n\t\t\t\t<div class=\"elementor-element elementor-element-139718b elementor-widget elementor-widget-heading\" data-id=\"139718b\" data-element_type=\"widget\" data-e-type=\"widget\" data-widget_type=\"heading.default\">\n\t\t\t\t\t<h2 class=\"elementor-heading-title elementor-size-default\">Tehnologie<\/h2>\t\t\t\t<\/div>\n\t\t\t\t\t<\/div>\n\t\t\t\t<\/div>\n\t\t\t\t<section class=\"elementor-section elementor-top-section elementor-element elementor-element-c8d14c7 elementor-section-boxed elementor-section-height-default elementor-section-height-default\" data-id=\"c8d14c7\" data-element_type=\"section\" data-e-type=\"section\" data-settings=\"{&quot;background_background&quot;:&quot;classic&quot;}\">\n\t\t\t\t\t\t<div class=\"elementor-container elementor-column-gap-default\">\n\t\t\t\t\t<div class=\"elementor-column elementor-col-100 elementor-top-column elementor-element elementor-element-36a2003\" data-id=\"36a2003\" data-element_type=\"column\" data-e-type=\"column\">\n\t\t\t<div class=\"elementor-widget-wrap elementor-element-populated\">\n\t\t\t\t\t\t<div class=\"elementor-element elementor-element-d7d4f65 elementor-view-framed elementor-position-inline-start elementor-shape-circle elementor-mobile-position-block-start elementor-widget elementor-widget-icon-box\" data-id=\"d7d4f65\" data-element_type=\"widget\" data-e-type=\"widget\" data-widget_type=\"icon-box.default\">\n\t\t\t\t\t\t\t<div class=\"elementor-icon-box-wrapper\">\n\n\t\t\t\t\t\t<div class=\"elementor-icon-box-icon\">\n\t\t\t\t<span  class=\"elementor-icon\">\n\t\t\t\t<svg xmlns=\"http:\/\/www.w3.org\/2000\/svg\" id=\"Layer_1\" viewBox=\"0 0 512 512\" data-name=\"Layer 1\"><path d=\"m144.368 189.597c5.302 13.53 5.302 28.429 0 41.959-1.061 2.76-3.711 4.451-6.507 4.451-.868 0-1.735-.151-2.555-.48-3.567-1.41-5.35-5.46-3.952-9.071 4-10.239 4-21.519 0-31.769-5.302-13.53-5.302-28.431 0-41.961 1.398-3.6 5.447-5.369 9.062-3.969 3.615 1.411 5.35 5.46 3.952 9.069-4 10.241-4 21.53 0 31.771zm39.573-65.611c5.254-13.53 5.254-28.431 0-41.96-4.001-10.239-4.001-21.53 0-31.769 1.398-3.6-.385-7.661-4.001-9.069-3.615-1.401-7.664.378-9.062 3.978-5.254 13.53-5.254 28.421 0 41.951 4.001 10.25 4.001 21.53 0 31.78-1.398 3.6.385 7.659 3.952 9.058.868.331 1.735.48 2.555.48 2.796 0 5.447-1.689 6.555-4.449zm65.552-34.951c-1.446 3.611.337 7.661 3.952 9.071.868.329 1.687.48 2.554.48 2.796 0 5.447-1.691 6.507-4.451 5.302-13.53 5.302-28.429 0-41.961-4.001-10.239-4.001-21.53 0-31.767 1.398-3.601-.386-7.659-3.953-9.072-3.615-1.403-7.664.371-9.062 3.981-5.302 13.516-5.302 28.419 0 41.949 4 10.25 4 21.53 0 31.769zm131.153 142.511c5.302-13.521 5.302-28.419 0-41.95-4.001-10.24-4.001-21.53 0-31.771 1.398-3.609-.386-7.659-3.953-9.069-3.615-1.401-7.664.369-9.062 3.969-5.302 13.531-5.302 28.431 0 41.961 4 10.25 4 21.53 0 31.769-1.398 3.611.337 7.661 3.952 9.071.82.33 1.687.48 2.555.48 2.796 0 5.447-1.691 6.507-4.46zm-39.524-184.89c1.398-3.6-.386-7.661-4-9.07-3.567-1.401-7.664.378-9.062 3.978-5.254 13.53-5.254 28.431 0 41.951 4 10.25 4 21.53 0 31.781-1.398 3.6.385 7.659 4 9.06.819.329 1.687.478 2.554.478 2.796 0 5.447-1.689 6.507-4.449 5.254-13.53 5.254-28.431 0-41.96-4-10.239-4-21.53 0-31.769zm-29.448 301.558c-11.984 8.698-19.379 20.868-21.905 45.774-2.976-28.481-33.873-56.095-13.997-93.096-51.125 31.92-34.737 66.417-42.94 92.165-8.683 27.25-40.945-1.669-29.702-30.568-34.879 30.535-29.187 126.992 45.539 137.761-10.669-20-6.798-44.63 9.639-60.412 2.121-2.009 5.206-2.52 7.857-1.28 2.603 1.241 4.193 3.971 4 6.861-.771 9.96 3.278 19.28 11.086 25.569 19.189 15.531 43.295 4.542 47.181-20.966 2.834-18.605.047-41.158-8.6-58.041-5.596-10.926-8.575-31.891-8.158-43.767zm-52.643 115.344c-5.554 14.745-.087 27.701 7.273 37.585 11.896-.6 23.367-3.863 33.177-9.518-9.728-.12-19.272-3.468-27.05-9.736-6.073-4.91-10.652-11.261-13.4-18.331zm-123.267-44.466c-59.624-40.181-95.196-107.011-95.196-178.78 0-55.141 20.437-106.82 57.744-146.801l-1.205 23.711c-.193 3.86 2.796 7.139 6.652 7.339 3.856.191 7.134-2.778 7.326-6.65l2.121-41.689c.096-2.051-.723-4.041-2.217-5.45-1.494-1.4-3.519-2.079-5.591-1.849l-42.705 4.799c-3.856.429-6.604 3.899-6.17 7.74.434 3.839 3.904 6.611 7.712 6.17l22.799-2.561c-17.4 18.881-31.33 40.34-41.597 63.95-12.532 28.86-18.895 59.571-18.895 91.291 0 76.429 37.934 147.61 101.365 190.389 1.205.81 2.555 1.199 3.904 1.199 2.265 0 4.483-1.09 5.832-3.09 2.169-3.21 1.301-7.559-1.88-9.719zm330.848-270.07c-10.267-23.61-24.197-45.069-41.597-63.95l22.799 2.561c3.808.44 7.278-2.331 7.712-6.17.434-3.841-2.314-7.311-6.17-7.74l-42.706-4.799c-2.072-.23-4.097.45-5.591 1.849-1.495 1.41-2.314 3.4-2.217 5.45l2.121 41.689c.193 3.872 3.47 6.82 7.327 6.65 3.856-.199 6.844-3.479 6.651-7.339l-1.205-23.711c37.307 39.98 57.744 91.66 57.744 146.801 0 71.769-35.572 138.599-95.196 178.78-3.181 2.16-4.049 6.509-1.88 9.719 1.35 2 3.567 3.09 5.833 3.09 1.349 0 2.699-.39 3.904-1.199 63.432-42.78 101.317-113.96 101.317-190.389 0-31.72-6.314-62.431-18.846-91.291zm-210.612 49.887c-42.168 0-76.788 32.29-80.5 73.491v13.377h161v-13.377c-3.712-41.201-38.332-73.491-80.5-73.491zm0-6.86c21.204 0 38.498-17.294 38.498-38.498s-17.294-38.498-38.498-38.498-38.498 17.294-38.498 38.498 17.294 38.498 38.498 38.498z\" fill-rule=\"evenodd\"><\/path><\/svg>\t\t\t\t<\/span>\n\t\t\t<\/div>\n\t\t\t\n\t\t\t\t\t\t<div class=\"elementor-icon-box-content\">\n\n\t\t\t\t\t\t\t\t\t<h3 class=\"elementor-icon-box-title\">\n\t\t\t\t\t\t<span  >\n\t\t\t\t\t\t\tProtec\u021bie perimetral\u0103 cu CCTV \u0219i tehnologie avansat\u0103 de camere\t\t\t\t\t\t<\/span>\n\t\t\t\t\t<\/h3>\n\t\t\t\t\n\t\t\t\t\t\t\t\t\t<p class=\"elementor-icon-box-description\">\n\t\t\t\t\t\tFacilit\u0103\u021bile noastre sunt monitorizate folosind sisteme CCTV profesionale care ofer\u0103 o acoperire fiabil\u0103 non-stop. \u00cen anumite loca\u021bii, folosim \u0219i camere termice pentru a spori \u0219i mai mult securitatea. Tehnologia termic\u0103 detecteaz\u0103 semn\u0103turile termice de la persoane \u0219i vehicule \u0219i func\u021bioneaz\u0103 eficient \u00een \u00eentuneric complet, cea\u021b\u0103 \u0219i condi\u021bii meteorologice dificile. \u00cempreun\u0103, aceste solu\u021bii ofer\u0103 o protec\u021bie perimetral\u0103 puternic\u0103, minimizeaz\u0103 punctele moarte \u0219i asigur\u0103 detectarea rapid\u0103 a oric\u0103rei mi\u0219c\u0103ri.   \t\t\t\t\t<\/p>\n\t\t\t\t\n\t\t\t<\/div>\n\t\t\t\n\t\t<\/div>\n\t\t\t\t\t\t<\/div>\n\t\t\t\t<div class=\"elementor-element elementor-element-9fccd2f elementor-widget elementor-widget-image\" data-id=\"9fccd2f\" data-element_type=\"widget\" data-e-type=\"widget\" data-widget_type=\"image.default\">\n\t\t\t\t\t\t\t\t\t\t\t\t\t\t\t\t<a href=\"https:\/\/www.axis.com\/\" target=\"_blank\">\n\t\t\t\t\t\t\t<img decoding=\"async\" width=\"200\" height=\"72\" src=\"https:\/\/driversfirst.eu\/wp-content\/uploads\/2025\/08\/logo.png\" class=\"attachment-large size-large wp-image-845\" alt=\"\" \/>\t\t\t\t\t\t\t\t<\/a>\n\t\t\t\t\t\t\t\t\t\t\t\t\t\t\t<\/div>\n\t\t\t\t\t<\/div>\n\t\t<\/div>\n\t\t\t\t\t<\/div>\n\t\t<\/section>\n\t\t\t\t<section class=\"elementor-section elementor-top-section elementor-element elementor-element-fadf0cc elementor-section-boxed elementor-section-height-default elementor-section-height-default\" data-id=\"fadf0cc\" data-element_type=\"section\" data-e-type=\"section\" data-settings=\"{&quot;background_background&quot;:&quot;classic&quot;}\">\n\t\t\t\t\t\t<div class=\"elementor-container elementor-column-gap-default\">\n\t\t\t\t\t<div class=\"elementor-column elementor-col-100 elementor-top-column elementor-element elementor-element-15f49ee\" data-id=\"15f49ee\" data-element_type=\"column\" data-e-type=\"column\">\n\t\t\t<div class=\"elementor-widget-wrap elementor-element-populated\">\n\t\t\t\t\t\t<div class=\"elementor-element elementor-element-344051b elementor-view-framed elementor-position-inline-start elementor-shape-circle elementor-mobile-position-block-start elementor-widget elementor-widget-icon-box\" data-id=\"344051b\" data-element_type=\"widget\" data-e-type=\"widget\" data-widget_type=\"icon-box.default\">\n\t\t\t\t\t\t\t<div class=\"elementor-icon-box-wrapper\">\n\n\t\t\t\t\t\t<div class=\"elementor-icon-box-icon\">\n\t\t\t\t<span  class=\"elementor-icon\">\n\t\t\t\t<svg aria-hidden=\"true\" class=\"e-font-icon-svg e-fas-bullhorn\" viewBox=\"0 0 576 512\" xmlns=\"http:\/\/www.w3.org\/2000\/svg\"><path d=\"M576 240c0-23.63-12.95-44.04-32-55.12V32.01C544 23.26 537.02 0 512 0c-7.12 0-14.19 2.38-19.98 7.02l-85.03 68.03C364.28 109.19 310.66 128 256 128H64c-35.35 0-64 28.65-64 64v96c0 35.35 28.65 64 64 64h33.7c-1.39 10.48-2.18 21.14-2.18 32 0 39.77 9.26 77.35 25.56 110.94 5.19 10.69 16.52 17.06 28.4 17.06h74.28c26.05 0 41.69-29.84 25.9-50.56-16.4-21.52-26.15-48.36-26.15-77.44 0-11.11 1.62-21.79 4.41-32H256c54.66 0 108.28 18.81 150.98 52.95l85.03 68.03a32.023 32.023 0 0 0 19.98 7.02c24.92 0 32-22.78 32-32V295.13C563.05 284.04 576 263.63 576 240zm-96 141.42l-33.05-26.44C392.95 311.78 325.12 288 256 288v-96c69.12 0 136.95-23.78 190.95-66.98L480 98.58v282.84z\"><\/path><\/svg>\t\t\t\t<\/span>\n\t\t\t<\/div>\n\t\t\t\n\t\t\t\t\t\t<div class=\"elementor-icon-box-content\">\n\n\t\t\t\t\t\t\t\t\t<h3 class=\"elementor-icon-box-title\">\n\t\t\t\t\t\t<span  >\n\t\t\t\t\t\t\tMonitorizarea operatorului \u0219i r\u0103spunsul la incidente\t\t\t\t\t\t<\/span>\n\t\t\t\t\t<\/h3>\n\t\t\t\t\n\t\t\t\t\t\t\t\t\t<p class=\"elementor-icon-box-description\">\n\t\t\t\t\t\tToate loca\u021biile noastre sunt echipate cu sisteme CCTV care asigur\u0103 \u00eenregistrarea video continu\u0103 pentru securitate \u0219i documentare. \u00cen anumite loca\u021bii unde este instalat\u0103 tehnologie suplimentar\u0103 \u2013 cum ar fi camere termice sau sisteme audio \u2013 operatorii no\u0219tri pot primi alerte \u0219i pot r\u0103spunde \u00een timp real. Aceasta poate include emiterea de avertismente, evaluarea activit\u0103\u021bii sau contactarea partenerilor de securitate atunci c\u00e2nd este necesar. Indiferent de nivelul de echipament de la fiecare loca\u021bie, toate imaginile \u00eenregistrate sunt monitorizate \u0219i gestionate pentru a asigura un mediu sigur \u0219i securizat \u00een toate loca\u021biile noastre.   \t\t\t\t\t<\/p>\n\t\t\t\t\n\t\t\t<\/div>\n\t\t\t\n\t\t<\/div>\n\t\t\t\t\t\t<\/div>\n\t\t\t\t<div class=\"elementor-element elementor-element-badf113 elementor-widget elementor-widget-image\" data-id=\"badf113\" data-element_type=\"widget\" data-e-type=\"widget\" data-widget_type=\"image.default\">\n\t\t\t\t\t\t\t\t\t\t\t\t\t\t\t<img fetchpriority=\"high\" decoding=\"async\" width=\"768\" height=\"512\" src=\"https:\/\/driversfirst.eu\/wp-content\/uploads\/2025\/08\/audio_security_use_case_fence_1910_0.png\" class=\"attachment-large size-large wp-image-846\" alt=\"\" srcset=\"https:\/\/driversfirst.eu\/wp-content\/uploads\/2025\/08\/audio_security_use_case_fence_1910_0.png 768w, https:\/\/driversfirst.eu\/wp-content\/uploads\/2025\/08\/audio_security_use_case_fence_1910_0-300x200.png 300w\" sizes=\"(max-width: 768px) 100vw, 768px\" \/>\t\t\t\t\t\t\t\t\t\t\t\t\t\t\t<\/div>\n\t\t\t\t<div class=\"elementor-element elementor-element-1580e73 elementor-widget elementor-widget-heading\" data-id=\"1580e73\" data-element_type=\"widget\" data-e-type=\"widget\" data-widget_type=\"heading.default\">\n\t\t\t\t\t<h2 class=\"elementor-heading-title elementor-size-default\">Sursa: axis.com<\/h2>\t\t\t\t<\/div>\n\t\t\t\t\t<\/div>\n\t\t<\/div>\n\t\t\t\t\t<\/div>\n\t\t<\/section>\n\t\t\t\t<section class=\"elementor-section elementor-top-section elementor-element elementor-element-a06c7a8 elementor-section-boxed elementor-section-height-default elementor-section-height-default\" data-id=\"a06c7a8\" data-element_type=\"section\" data-e-type=\"section\" data-settings=\"{&quot;background_background&quot;:&quot;classic&quot;}\">\n\t\t\t\t\t\t<div class=\"elementor-container elementor-column-gap-default\">\n\t\t\t\t\t<div class=\"elementor-column elementor-col-100 elementor-top-column elementor-element elementor-element-6ebcbab\" data-id=\"6ebcbab\" data-element_type=\"column\" data-e-type=\"column\">\n\t\t\t<div class=\"elementor-widget-wrap elementor-element-populated\">\n\t\t\t\t\t\t<div class=\"elementor-element elementor-element-8eee488 elementor-view-framed elementor-position-inline-start elementor-shape-circle elementor-mobile-position-block-start elementor-widget elementor-widget-icon-box\" data-id=\"8eee488\" data-element_type=\"widget\" data-e-type=\"widget\" data-widget_type=\"icon-box.default\">\n\t\t\t\t\t\t\t<div class=\"elementor-icon-box-wrapper\">\n\n\t\t\t\t\t\t<div class=\"elementor-icon-box-icon\">\n\t\t\t\t<span  class=\"elementor-icon\">\n\t\t\t\t<svg aria-hidden=\"true\" class=\"e-font-icon-svg e-fas-id-card\" viewBox=\"0 0 576 512\" xmlns=\"http:\/\/www.w3.org\/2000\/svg\"><path d=\"M528 32H48C21.5 32 0 53.5 0 80v16h576V80c0-26.5-21.5-48-48-48zM0 432c0 26.5 21.5 48 48 48h480c26.5 0 48-21.5 48-48V128H0v304zm352-232c0-4.4 3.6-8 8-8h144c4.4 0 8 3.6 8 8v16c0 4.4-3.6 8-8 8H360c-4.4 0-8-3.6-8-8v-16zm0 64c0-4.4 3.6-8 8-8h144c4.4 0 8 3.6 8 8v16c0 4.4-3.6 8-8 8H360c-4.4 0-8-3.6-8-8v-16zm0 64c0-4.4 3.6-8 8-8h144c4.4 0 8 3.6 8 8v16c0 4.4-3.6 8-8 8H360c-4.4 0-8-3.6-8-8v-16zM176 192c35.3 0 64 28.7 64 64s-28.7 64-64 64-64-28.7-64-64 28.7-64 64-64zM67.1 396.2C75.5 370.5 99.6 352 128 352h8.2c12.3 5.1 25.7 8 39.8 8s27.6-2.9 39.8-8h8.2c28.4 0 52.5 18.5 60.9 44.2 3.2 9.9-5.2 19.8-15.6 19.8H82.7c-10.4 0-18.8-10-15.6-19.8z\"><\/path><\/svg>\t\t\t\t<\/span>\n\t\t\t<\/div>\n\t\t\t\n\t\t\t\t\t\t<div class=\"elementor-icon-box-content\">\n\n\t\t\t\t\t\t\t\t\t<h3 class=\"elementor-icon-box-title\">\n\t\t\t\t\t\t<span  >\n\t\t\t\t\t\t\tInforma\u021bii necesare pentru parcare\t\t\t\t\t\t<\/span>\n\t\t\t\t\t<\/h3>\n\t\t\t\t\n\t\t\t\t\t\t\t\t\t<p class=\"elementor-icon-box-description\">\n\t\t\t\t\t\tPentru a men\u021bine un nivel ridicat de securitate, to\u021bi clien\u021bii trebuie s\u0103 furnizeze numele, num\u0103rul de \u00eenmatriculare al vehiculului, numele companiei \u0219i orice detalii relevante suplimentare. Fiecare client prime\u0219te un cod de acces personal, iar toate intr\u0103rile \u0219i ie\u0219irile de pe site-urile noastre sunt \u00eenregistrate cu marcaje temporale pentru o trasabilitate complet\u0103. \t\t\t\t\t<\/p>\n\t\t\t\t\n\t\t\t<\/div>\n\t\t\t\n\t\t<\/div>\n\t\t\t\t\t\t<\/div>\n\t\t\t\t\t<\/div>\n\t\t<\/div>\n\t\t\t\t\t<\/div>\n\t\t<\/section>\n\t\t\t\t<\/div>\n\t\t","protected":false},"excerpt":{"rendered":"<p>Protec\u021bie perimetral\u0103 cu CCTV \u0219i tehnologie avansat\u0103 de camere Facilit\u0103\u021bile noastre sunt monitorizate folosind sisteme CCTV profesionale care ofer\u0103 o acoperire fiabil\u0103 non-stop. \u00cen anumite loca\u021bii, folosim \u0219i camere termice pentru a spori \u0219i mai mult securitatea. Tehnologia termic\u0103 detecteaz\u0103 semn\u0103turile termice de la persoane \u0219i vehicule \u0219i func\u021bioneaz\u0103 eficient \u00een \u00eentuneric complet, cea\u021b\u0103 \u0219i [&hellip;]<\/p>\n","protected":false},"author":1,"featured_media":0,"parent":0,"menu_order":0,"comment_status":"closed","ping_status":"closed","template":"elementor_header_footer","meta":{"inline_featured_image":false,"footnotes":""},"class_list":["post-2458","page","type-page","status-publish","hentry"],"yoast_head":"<!-- This site is optimized with the Yoast SEO plugin v27.4 - https:\/\/yoast.com\/product\/yoast-seo-wordpress\/ -->\n<title>Tehnologie - Drivers First Security Parking<\/title>\n<meta name=\"robots\" content=\"index, follow, max-snippet:-1, max-image-preview:large, max-video-preview:-1\" \/>\n<link rel=\"canonical\" href=\"https:\/\/driversfirst.eu\/ro\/tehnologie\/\" \/>\n<meta property=\"og:locale\" content=\"ro_RO\" \/>\n<meta property=\"og:type\" content=\"article\" \/>\n<meta property=\"og:title\" content=\"Tehnologie - Drivers First Security Parking\" \/>\n<meta property=\"og:description\" content=\"Protec\u021bie perimetral\u0103 cu CCTV \u0219i tehnologie avansat\u0103 de camere Facilit\u0103\u021bile noastre sunt monitorizate folosind sisteme CCTV profesionale care ofer\u0103 o acoperire fiabil\u0103 non-stop. \u00cen anumite loca\u021bii, folosim \u0219i camere termice pentru a spori \u0219i mai mult securitatea. Tehnologia termic\u0103 detecteaz\u0103 semn\u0103turile termice de la persoane \u0219i vehicule \u0219i func\u021bioneaz\u0103 eficient \u00een \u00eentuneric complet, cea\u021b\u0103 \u0219i [&hellip;]\" \/>\n<meta property=\"og:url\" content=\"https:\/\/driversfirst.eu\/ro\/tehnologie\/\" \/>\n<meta property=\"og:site_name\" content=\"Drivers First Security Parking\" \/>\n<meta property=\"article:publisher\" content=\"https:\/\/www.facebook.com\/p\/Drivers-First-61558688551720\/\" \/>\n<meta property=\"article:modified_time\" content=\"2025-12-12T19:33:10+00:00\" \/>\n<meta property=\"og:image\" content=\"https:\/\/driversfirst.eu\/wp-content\/uploads\/2025\/08\/logo.png\" \/>\n\t<meta property=\"og:image:width\" content=\"200\" \/>\n\t<meta property=\"og:image:height\" content=\"72\" \/>\n\t<meta property=\"og:image:type\" content=\"image\/png\" \/>\n<meta name=\"twitter:card\" content=\"summary_large_image\" \/>\n<meta name=\"twitter:label1\" content=\"Timp estimat pentru citire\" \/>\n\t<meta name=\"twitter:data1\" content=\"1 minut\" \/>\n<script type=\"application\/ld+json\" class=\"yoast-schema-graph\">{\"@context\":\"https:\\\/\\\/schema.org\",\"@graph\":[{\"@type\":\"WebPage\",\"@id\":\"https:\\\/\\\/driversfirst.eu\\\/ro\\\/tehnologie\\\/\",\"url\":\"https:\\\/\\\/driversfirst.eu\\\/ro\\\/tehnologie\\\/\",\"name\":\"Tehnologie - Drivers First Security Parking\",\"isPartOf\":{\"@id\":\"https:\\\/\\\/driversfirst.eu\\\/ro\\\/#website\"},\"primaryImageOfPage\":{\"@id\":\"https:\\\/\\\/driversfirst.eu\\\/ro\\\/tehnologie\\\/#primaryimage\"},\"image\":{\"@id\":\"https:\\\/\\\/driversfirst.eu\\\/ro\\\/tehnologie\\\/#primaryimage\"},\"thumbnailUrl\":\"https:\\\/\\\/driversfirst.eu\\\/wp-content\\\/uploads\\\/2025\\\/08\\\/logo.png\",\"datePublished\":\"2025-08-19T17:06:28+00:00\",\"dateModified\":\"2025-12-12T19:33:10+00:00\",\"breadcrumb\":{\"@id\":\"https:\\\/\\\/driversfirst.eu\\\/ro\\\/tehnologie\\\/#breadcrumb\"},\"inLanguage\":\"ro-RO\",\"potentialAction\":[{\"@type\":\"ReadAction\",\"target\":[\"https:\\\/\\\/driversfirst.eu\\\/ro\\\/tehnologie\\\/\"]}]},{\"@type\":\"ImageObject\",\"inLanguage\":\"ro-RO\",\"@id\":\"https:\\\/\\\/driversfirst.eu\\\/ro\\\/tehnologie\\\/#primaryimage\",\"url\":\"https:\\\/\\\/driversfirst.eu\\\/wp-content\\\/uploads\\\/2025\\\/08\\\/logo.png\",\"contentUrl\":\"https:\\\/\\\/driversfirst.eu\\\/wp-content\\\/uploads\\\/2025\\\/08\\\/logo.png\"},{\"@type\":\"BreadcrumbList\",\"@id\":\"https:\\\/\\\/driversfirst.eu\\\/ro\\\/tehnologie\\\/#breadcrumb\",\"itemListElement\":[{\"@type\":\"ListItem\",\"position\":1,\"name\":\"Acas\u0103\",\"item\":\"https:\\\/\\\/driversfirst.eu\\\/ro\\\/\"},{\"@type\":\"ListItem\",\"position\":2,\"name\":\"Tehnologie\"}]},{\"@type\":\"WebSite\",\"@id\":\"https:\\\/\\\/driversfirst.eu\\\/ro\\\/#website\",\"url\":\"https:\\\/\\\/driversfirst.eu\\\/ro\\\/\",\"name\":\"Drivers First Security Parking\",\"description\":\"Secure full service truck stops\",\"publisher\":{\"@id\":\"https:\\\/\\\/driversfirst.eu\\\/ro\\\/#organization\"},\"potentialAction\":[{\"@type\":\"SearchAction\",\"target\":{\"@type\":\"EntryPoint\",\"urlTemplate\":\"https:\\\/\\\/driversfirst.eu\\\/ro\\\/?s={search_term_string}\"},\"query-input\":{\"@type\":\"PropertyValueSpecification\",\"valueRequired\":true,\"valueName\":\"search_term_string\"}}],\"inLanguage\":\"ro-RO\"},{\"@type\":\"Organization\",\"@id\":\"https:\\\/\\\/driversfirst.eu\\\/ro\\\/#organization\",\"name\":\"Drivers First Security Parking\",\"alternateName\":\"\u0218oferii pe primul loc\",\"url\":\"https:\\\/\\\/driversfirst.eu\\\/ro\\\/\",\"logo\":{\"@type\":\"ImageObject\",\"inLanguage\":\"ro-RO\",\"@id\":\"https:\\\/\\\/driversfirst.eu\\\/ro\\\/#\\\/schema\\\/logo\\\/image\\\/\",\"url\":\"https:\\\/\\\/driversfirst.eu\\\/wp-content\\\/uploads\\\/2025\\\/08\\\/drivers-first-security-parking-scaled.png\",\"contentUrl\":\"https:\\\/\\\/driversfirst.eu\\\/wp-content\\\/uploads\\\/2025\\\/08\\\/drivers-first-security-parking-scaled.png\",\"width\":2560,\"height\":490,\"caption\":\"Drivers First Security Parking\"},\"image\":{\"@id\":\"https:\\\/\\\/driversfirst.eu\\\/ro\\\/#\\\/schema\\\/logo\\\/image\\\/\"},\"sameAs\":[\"https:\\\/\\\/www.facebook.com\\\/p\\\/Drivers-First-61558688551720\\\/\",\"https:\\\/\\\/www.linkedin.com\\\/company\\\/driversfirst\"]}]}<\/script>\n<!-- \/ Yoast SEO plugin. -->","yoast_head_json":{"title":"Tehnologie - Drivers First Security Parking","robots":{"index":"index","follow":"follow","max-snippet":"max-snippet:-1","max-image-preview":"max-image-preview:large","max-video-preview":"max-video-preview:-1"},"canonical":"https:\/\/driversfirst.eu\/ro\/tehnologie\/","og_locale":"ro_RO","og_type":"article","og_title":"Tehnologie - Drivers First Security Parking","og_description":"Protec\u021bie perimetral\u0103 cu CCTV \u0219i tehnologie avansat\u0103 de camere Facilit\u0103\u021bile noastre sunt monitorizate folosind sisteme CCTV profesionale care ofer\u0103 o acoperire fiabil\u0103 non-stop. \u00cen anumite loca\u021bii, folosim \u0219i camere termice pentru a spori \u0219i mai mult securitatea. Tehnologia termic\u0103 detecteaz\u0103 semn\u0103turile termice de la persoane \u0219i vehicule \u0219i func\u021bioneaz\u0103 eficient \u00een \u00eentuneric complet, cea\u021b\u0103 \u0219i [&hellip;]","og_url":"https:\/\/driversfirst.eu\/ro\/tehnologie\/","og_site_name":"Drivers First Security Parking","article_publisher":"https:\/\/www.facebook.com\/p\/Drivers-First-61558688551720\/","article_modified_time":"2025-12-12T19:33:10+00:00","og_image":[{"width":200,"height":72,"url":"https:\/\/driversfirst.eu\/wp-content\/uploads\/2025\/08\/logo.png","type":"image\/png"}],"twitter_card":"summary_large_image","twitter_misc":{"Timp estimat pentru citire":"1 minut"},"schema":{"@context":"https:\/\/schema.org","@graph":[{"@type":"WebPage","@id":"https:\/\/driversfirst.eu\/ro\/tehnologie\/","url":"https:\/\/driversfirst.eu\/ro\/tehnologie\/","name":"Tehnologie - Drivers First Security Parking","isPartOf":{"@id":"https:\/\/driversfirst.eu\/ro\/#website"},"primaryImageOfPage":{"@id":"https:\/\/driversfirst.eu\/ro\/tehnologie\/#primaryimage"},"image":{"@id":"https:\/\/driversfirst.eu\/ro\/tehnologie\/#primaryimage"},"thumbnailUrl":"https:\/\/driversfirst.eu\/wp-content\/uploads\/2025\/08\/logo.png","datePublished":"2025-08-19T17:06:28+00:00","dateModified":"2025-12-12T19:33:10+00:00","breadcrumb":{"@id":"https:\/\/driversfirst.eu\/ro\/tehnologie\/#breadcrumb"},"inLanguage":"ro-RO","potentialAction":[{"@type":"ReadAction","target":["https:\/\/driversfirst.eu\/ro\/tehnologie\/"]}]},{"@type":"ImageObject","inLanguage":"ro-RO","@id":"https:\/\/driversfirst.eu\/ro\/tehnologie\/#primaryimage","url":"https:\/\/driversfirst.eu\/wp-content\/uploads\/2025\/08\/logo.png","contentUrl":"https:\/\/driversfirst.eu\/wp-content\/uploads\/2025\/08\/logo.png"},{"@type":"BreadcrumbList","@id":"https:\/\/driversfirst.eu\/ro\/tehnologie\/#breadcrumb","itemListElement":[{"@type":"ListItem","position":1,"name":"Acas\u0103","item":"https:\/\/driversfirst.eu\/ro\/"},{"@type":"ListItem","position":2,"name":"Tehnologie"}]},{"@type":"WebSite","@id":"https:\/\/driversfirst.eu\/ro\/#website","url":"https:\/\/driversfirst.eu\/ro\/","name":"Drivers First Security Parking","description":"Secure full service truck stops","publisher":{"@id":"https:\/\/driversfirst.eu\/ro\/#organization"},"potentialAction":[{"@type":"SearchAction","target":{"@type":"EntryPoint","urlTemplate":"https:\/\/driversfirst.eu\/ro\/?s={search_term_string}"},"query-input":{"@type":"PropertyValueSpecification","valueRequired":true,"valueName":"search_term_string"}}],"inLanguage":"ro-RO"},{"@type":"Organization","@id":"https:\/\/driversfirst.eu\/ro\/#organization","name":"Drivers First Security Parking","alternateName":"\u0218oferii pe primul loc","url":"https:\/\/driversfirst.eu\/ro\/","logo":{"@type":"ImageObject","inLanguage":"ro-RO","@id":"https:\/\/driversfirst.eu\/ro\/#\/schema\/logo\/image\/","url":"https:\/\/driversfirst.eu\/wp-content\/uploads\/2025\/08\/drivers-first-security-parking-scaled.png","contentUrl":"https:\/\/driversfirst.eu\/wp-content\/uploads\/2025\/08\/drivers-first-security-parking-scaled.png","width":2560,"height":490,"caption":"Drivers First Security Parking"},"image":{"@id":"https:\/\/driversfirst.eu\/ro\/#\/schema\/logo\/image\/"},"sameAs":["https:\/\/www.facebook.com\/p\/Drivers-First-61558688551720\/","https:\/\/www.linkedin.com\/company\/driversfirst"]}]}},"_links":{"self":[{"href":"https:\/\/driversfirst.eu\/ro\/wp-json\/wp\/v2\/pages\/2458","targetHints":{"allow":["GET"]}}],"collection":[{"href":"https:\/\/driversfirst.eu\/ro\/wp-json\/wp\/v2\/pages"}],"about":[{"href":"https:\/\/driversfirst.eu\/ro\/wp-json\/wp\/v2\/types\/page"}],"author":[{"embeddable":true,"href":"https:\/\/driversfirst.eu\/ro\/wp-json\/wp\/v2\/users\/1"}],"replies":[{"embeddable":true,"href":"https:\/\/driversfirst.eu\/ro\/wp-json\/wp\/v2\/comments?post=2458"}],"version-history":[{"count":2,"href":"https:\/\/driversfirst.eu\/ro\/wp-json\/wp\/v2\/pages\/2458\/revisions"}],"predecessor-version":[{"id":6440,"href":"https:\/\/driversfirst.eu\/ro\/wp-json\/wp\/v2\/pages\/2458\/revisions\/6440"}],"wp:attachment":[{"href":"https:\/\/driversfirst.eu\/ro\/wp-json\/wp\/v2\/media?parent=2458"}],"curies":[{"name":"wp","href":"https:\/\/api.w.org\/{rel}","templated":true}]}}