{"id":3403,"date":"2025-08-19T19:09:14","date_gmt":"2025-08-19T17:09:14","guid":{"rendered":"https:\/\/driversfirst.eu\/cennik\/"},"modified":"2026-04-15T13:41:26","modified_gmt":"2026-04-15T11:41:26","slug":"cennik","status":"publish","type":"page","link":"https:\/\/driversfirst.eu\/pl\/cennik\/","title":{"rendered":"Cennik"},"content":{"rendered":"\t\t<div data-elementor-type=\"wp-page\" data-elementor-id=\"3403\" class=\"elementor elementor-3403 elementor-782\" data-elementor-post-type=\"page\">\n\t\t\t\t<div class=\"elementor-element elementor-element-7449e6f e-flex e-con-boxed e-con e-parent\" data-id=\"7449e6f\" data-element_type=\"container\" data-e-type=\"container\">\n\t\t\t\t\t<div class=\"e-con-inner\">\n\t\t\t\t<div class=\"elementor-element elementor-element-efc6556 elementor-widget elementor-widget-heading\" data-id=\"efc6556\" data-element_type=\"widget\" data-e-type=\"widget\" data-widget_type=\"heading.default\">\n\t\t\t\t\t<h2 class=\"elementor-heading-title elementor-size-default\">Cennik<\/h2>\t\t\t\t<\/div>\n\t\t\t\t\t<\/div>\n\t\t\t\t<\/div>\n\t\t<div class=\"elementor-element elementor-element-d9f6c86 e-flex e-con-boxed e-con e-parent\" data-id=\"d9f6c86\" data-element_type=\"container\" data-e-type=\"container\">\n\t\t\t\t\t<div class=\"e-con-inner\">\n\t\t\t\t<div class=\"elementor-element elementor-element-1ca10cd elementor-widget elementor-widget-text-editor\" data-id=\"1ca10cd\" data-element_type=\"widget\" data-e-type=\"widget\" data-widget_type=\"text-editor.default\">\n\t\t\t\t\t\t\t\t\t<p data-start=\"59\" data-end=\"209\">Nasze ceny s\u0105 przejrzyste, konkurencyjne i dostosowane do potrzeb profesjonalnych kierowc\u00f3w i firm transportowych.<\/p><p data-start=\"538\" data-end=\"581\">Poni\u017cej znajdziesz nasz aktualny cennik.<\/p>\t\t\t\t\t\t\t\t<\/div>\n\t\t\t\t\t<\/div>\n\t\t\t\t<\/div>\n\t\t<div class=\"elementor-element elementor-element-a308f1e e-flex e-con-boxed e-con e-parent\" data-id=\"a308f1e\" data-element_type=\"container\" data-e-type=\"container\">\n\t\t\t\t\t<div class=\"e-con-inner\">\n\t\t\t\t<div class=\"elementor-element elementor-element-ba006be e-n-tabs-none elementor-widget elementor-widget-n-tabs\" data-id=\"ba006be\" data-element_type=\"widget\" data-e-type=\"widget\" data-settings=\"{&quot;horizontal_scroll_mobile&quot;:&quot;disable&quot;,&quot;horizontal_scroll&quot;:&quot;disable&quot;}\" data-widget_type=\"nested-tabs.default\">\n\t\t\t\t\t\t\t<div class=\"e-n-tabs\" data-widget-number=\"195036862\" aria-label=\"Karty. Otwieraj elementy za pomoc\u0105 Enter lub Spacji, zamykaj za pomoc\u0105 Escape i nawiguj za pomoc\u0105 klawiszy strza\u0142ek.\">\n\t\t\t<div class=\"e-n-tabs-heading\" role=\"tablist\">\n\t\t\t\t\t<button id=\"e-n-tab-title-1950368621\" data-tab-title-id=\"e-n-tab-title-1950368621\" class=\"e-n-tab-title elementor-animation-grow\" aria-selected=\"true\" data-tab-index=\"1\" role=\"tab\" tabindex=\"0\" aria-controls=\"e-n-tab-content-1950368621\" style=\"--n-tabs-title-order: 1;\">\n\t\t\t\t\t\t<span class=\"e-n-tab-title-text\">\n\t\t\t\tEskilstuna\t\t\t<\/span>\n\t\t<\/button>\n\t\t\t\t<button id=\"e-n-tab-title-1950368622\" data-tab-title-id=\"e-n-tab-title-1950368622\" class=\"e-n-tab-title elementor-animation-grow\" aria-selected=\"false\" data-tab-index=\"2\" role=\"tab\" tabindex=\"-1\" aria-controls=\"e-n-tab-content-1950368622\" style=\"--n-tabs-title-order: 2;\">\n\t\t\t\t\t\t<span class=\"e-n-tab-title-text\">\n\t\t\t\tJ\u00f6nk\u00f6ping\t\t\t<\/span>\n\t\t<\/button>\n\t\t\t\t<button id=\"e-n-tab-title-1950368623\" data-tab-title-id=\"e-n-tab-title-1950368623\" class=\"e-n-tab-title elementor-animation-grow\" aria-selected=\"false\" data-tab-index=\"3\" role=\"tab\" tabindex=\"-1\" aria-controls=\"e-n-tab-content-1950368623\" style=\"--n-tabs-title-order: 3;\">\n\t\t\t\t\t\t<span class=\"e-n-tab-title-text\">\n\t\t\t\tMalm\u00f6\t\t\t<\/span>\n\t\t<\/button>\n\t\t\t\t\t<\/div>\n\t\t\t<div class=\"e-n-tabs-content\">\n\t\t\t\t<div id=\"e-n-tab-content-1950368621\" role=\"tabpanel\" aria-labelledby=\"e-n-tab-title-1950368621\" data-tab-index=\"1\" style=\"--n-tabs-title-order: 1;\" class=\"e-active elementor-element elementor-element-3ec2ccb e-con-full e-flex e-con e-child\" data-id=\"3ec2ccb\" data-element_type=\"container\" data-e-type=\"container\">\n\t\t\t\t<div class=\"elementor-element elementor-element-f9e653b elementor-widget elementor-widget-eael-advanced-data-table\" data-id=\"f9e653b\" data-element_type=\"widget\" data-e-type=\"widget\" data-widget_type=\"eael-advanced-data-table.default\">\n\t\t\t\t\t<div class=\"ea-advanced-data-table-wrap\" data-id=\"f9e653b\"><div class=\"ea-advanced-data-table-wrap-inner\">\n                <table class=\"ea-advanced-data-table ea-advanced-data-table-static ea-advanced-data-table-f9e653b\" data-id=\"f9e653b\"><thead><tr><th><p>Opis<\/p><\/th><th><p>Klient jednorazowy (na miejscu lub online)<\/p><\/th><th><p>Klient z Kontem Firmowym (online)<\/p><\/th><\/tr><\/thead><tbody><tr><td><p><strong>Cena <\/strong><\/p><p>Wszystkie ceny s\u0105 bez VAT <\/p><\/td><td><p><strong>Przedzia\u0142 1-godzinny:<\/strong><\/p><p>25 SEK (\u22482 EUR)<\/p><p><strong>Przedzia\u0142 czasowy 0-3h:<\/strong><\/p><p>70 SEK (\u22486 EUR)<\/p><p><strong>24 godziny:<\/strong><\/p><p>299 SEK (\u224827 EUR)<\/p><p><br><\/p><p>Po 24 godzinach: 299 SEK za dob\u0119<\/p><\/td><td><p><strong>Przedzia\u0142 1-godzinny:<\/strong><\/p><p>25 SEK (\u22482 EUR)<\/p><p><strong>Przedzia\u0142 czasowy 0-3h:<\/strong><\/p><p>70 SEK (\u22486 EUR)<\/p><p><strong>24 godziny:<\/strong><\/p><p>299 SEK (\u224827 EUR)<\/p><p><br><\/p><p>Po 24 godzinach: 299 SEK za dob\u0119<\/p><p><strong>Prosimy o kontakt w sprawie rabat\u00f3w ilo\u015bciowych i stawek.<\/strong><\/p><\/td><\/tr><tr><td><p>Rezerwacja online z wyprzedzeniem<\/p><\/td><td><p>Tak (gwarantowane miejsce po przyje\u017adzie)<\/p><p><a href=\"https:\/\/book.driversfirst.eu\/bookings\/create\/services\" target=\"_blank\">Zarezerwuj i zap\u0142a\u0107 online<\/a> <\/p><\/td><td><p>Tak (gwarantowane miejsce po przyje\u017adzie)<\/p><p><a href=\"https:\/\/book.driversfirst.eu\/customer\/login\" target=\"_blank\">Zaloguj si\u0119 i zarezerwuj online<\/a><\/p><\/td><\/tr><tr><td>Opcje p\u0142atno\u015bci<\/td><td><p>Karta*, Klarna, MobilePay, Apple Pay, Google Pay,<\/p><p>Revolut Pay, Bancontact, BLIK, EPS, iDEAL, Billie<\/p><\/td><td><p><strong>Faktura dla firmy<\/strong><\/p><p>Faktury b\u0119d\u0105 wystawiane raz w miesi\u0105cu<\/p><p>ze wszystkimi rezerwacjami z danego okresu skonsolidowanymi<\/p><\/td><\/tr><tr><td>Zameldowanie<\/td><td><p>24\/7 za pomoc\u0105 kodu PIN<\/p><\/td><td> 24\/7 za pomoc\u0105 kodu PIN<\/td><\/tr><tr><td>Op\u0142ata roczna<\/td><td> Nie<\/td><td><p>Tak<\/p><\/td><\/tr><tr><td><p><strong>DODATKI<\/strong><\/p><p><br><\/p><\/td><td><p><br><\/p><p><br><\/p><\/td><td><p><br><\/p><\/td><\/tr><tr><td><p>Prysznice i toalety<\/p><\/td><td><p>W cenie<\/p><\/td><td><p>W cenie<\/p><\/td><\/tr><tr><td><p>Poczekalnia dla Kierowc\u00f3w<\/p><\/td><td><p>W cenie<\/p><\/td><td><p>W cenie<\/p><\/td><\/tr><tr><td><p>Darmowa kawa<\/p><\/td><td><p>W cenie<\/p><\/td><td><p>Wliczone <\/p><\/td><\/tr><tr><td><p>Internet WiFi<\/p><\/td><td><p>Wliczone <\/p><p><br><\/p><p>Has\u0142o WiFi znajduje si\u0119 na potwierdzeniu rezerwacji\/paragonie<\/p><\/td><td><p>Wliczone <\/p><p><br><\/p><p>Has\u0142o WiFi znajduje si\u0119 na potwierdzeniu rezerwacji\/paragonie<\/p><\/td><\/tr><\/tbody><\/table>\n            <\/div><\/div>\t\t\t\t<\/div>\n\t\t\t\t<\/div>\n\t\t<div id=\"e-n-tab-content-1950368622\" role=\"tabpanel\" aria-labelledby=\"e-n-tab-title-1950368622\" data-tab-index=\"2\" style=\"--n-tabs-title-order: 2;\" class=\" elementor-element elementor-element-17c1d32 e-con-full e-flex e-con e-child\" data-id=\"17c1d32\" data-element_type=\"container\" data-e-type=\"container\">\n\t\t\t\t<div class=\"elementor-element elementor-element-cd82139 elementor-widget elementor-widget-eael-advanced-data-table\" data-id=\"cd82139\" data-element_type=\"widget\" data-e-type=\"widget\" data-widget_type=\"eael-advanced-data-table.default\">\n\t\t\t\t\t<div class=\"ea-advanced-data-table-wrap\" data-id=\"cd82139\"><div class=\"ea-advanced-data-table-wrap-inner\">\n                <table class=\"ea-advanced-data-table ea-advanced-data-table-static ea-advanced-data-table-cd82139\" data-id=\"cd82139\"><thead><tr><th><p>Opis<\/p><\/th><th><p>Klient jednorazowy (na miejscu lub online)<\/p><\/th><th><p>Klient z Kontem Firmowym (online)<\/p><\/th><\/tr><\/thead><tbody><tr><td><p><strong>Cena <\/strong><\/p><p>Wszystkie ceny s\u0105 bez VAT <\/p><\/td><td><p><br><\/p><p><strong>24 godziny:<\/strong><\/p><p>200 SEK (\u224818 EUR)<\/p><p><br><\/p><p>Po 24 godzinach: 200 SEK za dzie\u0144<\/p><p><br><\/p><\/td><td><p><br><\/p><p><strong>24 godziny:<\/strong><\/p><p>180 SEK (\u224816 EUR)<\/p><p><br><\/p><p>Po 24 godzinach: 180 SEK za dzie\u0144<\/p><p><br><\/p><\/td><\/tr><tr><td><p>Rezerwacja online z wyprzedzeniem<\/p><\/td><td><p>Tak (gwarantowane miejsce po przyje\u017adzie)<\/p><p><a href=\"https:\/\/book.driversfirst.eu\/bookings\/create\/services\" target=\"_blank\">Zarezerwuj i zap\u0142a\u0107 online<\/a> <\/p><\/td><td><p>Tak (gwarantowane miejsce po przyje\u017adzie)<\/p><p><a href=\"https:\/\/book.driversfirst.eu\/customer\/login\" target=\"_blank\">Zaloguj si\u0119 i zarezerwuj online<\/a><\/p><\/td><\/tr><tr><td>Opcje p\u0142atno\u015bci<\/td><td><p>Karta*, Klarna, MobilePay, Apple Pay, Google Pay,<\/p><p>Revolut Pay, Bancontact, BLIK, EPS, iDEAL, Billie<\/p><\/td><td><p><strong>Faktura dla firmy<\/strong><\/p><p>Faktury b\u0119d\u0105 wystawiane raz w miesi\u0105cu<\/p><p>ze wszystkimi rezerwacjami z danego okresu skonsolidowanymi<\/p><\/td><\/tr><tr><td>Zameldowanie<\/td><td><p>24\/7 za pomoc\u0105 kodu PIN<\/p><\/td><td> 24\/7 za pomoc\u0105 kodu PIN<\/td><\/tr><tr><td>Op\u0142ata roczna<\/td><td> Nie<\/td><td><p>Tak <\/p><\/td><\/tr><tr><td><p><strong>DODATKI<\/strong><\/p><p><br><\/p><\/td><td><p><br><\/p><p><br><\/p><\/td><td><p><br><\/p><\/td><\/tr><tr><td><p>Prysznice i toalety<\/p><\/td><td><p>Wliczone <\/p><\/td><td><p>Wliczone <\/p><\/td><\/tr><tr><td><p>Darmowa kawa<\/p><\/td><td><p>W cenie<\/p><\/td><td><p>W cenie<\/p><\/td><\/tr><tr><td><p>Internet WiFi<\/p><\/td><td><p>Wliczone <\/p><p><br><\/p><p>Has\u0142o WiFi znajduje si\u0119 na potwierdzeniu rezerwacji\/paragonie<\/p><\/td><td><p>Wliczone <\/p><p><br><\/p><p>Has\u0142o WiFi znajduje si\u0119 na potwierdzeniu rezerwacji\/paragonie<\/p><\/td><\/tr><\/tbody><\/table>\n            <\/div><\/div>\t\t\t\t<\/div>\n\t\t\t\t<\/div>\n\t\t<div id=\"e-n-tab-content-1950368623\" role=\"tabpanel\" aria-labelledby=\"e-n-tab-title-1950368623\" data-tab-index=\"3\" style=\"--n-tabs-title-order: 3;\" class=\" elementor-element elementor-element-582cbd5 e-con-full e-flex e-con e-child\" data-id=\"582cbd5\" data-element_type=\"container\" data-e-type=\"container\">\n\t\t\t\t<div class=\"elementor-element elementor-element-1240933 elementor-widget elementor-widget-eael-advanced-data-table\" data-id=\"1240933\" data-element_type=\"widget\" data-e-type=\"widget\" data-widget_type=\"eael-advanced-data-table.default\">\n\t\t\t\t\t<div class=\"ea-advanced-data-table-wrap\" data-id=\"1240933\"><div class=\"ea-advanced-data-table-wrap-inner\">\n                <table class=\"ea-advanced-data-table ea-advanced-data-table-static ea-advanced-data-table-1240933\" data-id=\"1240933\"><thead><tr><th><p>Opis<\/p><\/th><th><p>Klient jednorazowy (na miejscu lub online)<\/p><\/th><th><p>Klient z Kontem Firmowym (online)<\/p><\/th><\/tr><\/thead><tbody><tr><td><p><strong>Cena <\/strong><\/p><p>Wszystkie ceny s\u0105 bez VAT <\/p><\/td><td><p><strong>24 godziny:<\/strong><\/p><p>299 SEK (\u224827 EUR)<\/p><p><br><\/p><p>Po 24 godzinach: 299 SEK za dob\u0119<\/p><\/td><td><p><strong>24 godziny:<\/strong><\/p><p>299 SEK (\u224827 EUR)<\/p><p><br><\/p><p>Po 24 godzinach: 299 SEK za dob\u0119<\/p><p><strong>Prosimy o kontakt w sprawie rabat\u00f3w ilo\u015bciowych i stawek.<\/strong><\/p><\/td><\/tr><tr><td><p>Rezerwacja online z wyprzedzeniem<\/p><\/td><td><p>Tak (gwarantowane miejsce po przyje\u017adzie)<\/p><p><a href=\"https:\/\/book.driversfirst.eu\/bookings\/create\/services\" target=\"_blank\">Zarezerwuj i zap\u0142a\u0107 online<\/a> <\/p><\/td><td><p>Tak (gwarantowane miejsce po przyje\u017adzie)<\/p><p><a href=\"https:\/\/book.driversfirst.eu\/customer\/login\" target=\"_blank\">Zaloguj si\u0119 i zarezerwuj online<\/a><\/p><\/td><\/tr><tr><td>Opcje p\u0142atno\u015bci<\/td><td><p>Karta*, Klarna, MobilePay, Apple Pay, Google Pay,<\/p><p>Revolut Pay, Bancontact, BLIK, EPS, iDEAL, Billie<\/p><\/td><td><p><strong>Faktura dla firmy<\/strong><\/p><p>Faktury b\u0119d\u0105 wystawiane raz w miesi\u0105cu<\/p><p>ze wszystkimi rezerwacjami z danego okresu skonsolidowanymi<\/p><\/td><\/tr><tr><td>Zameldowanie<\/td><td><p>24\/7 za pomoc\u0105 kodu PIN<\/p><\/td><td> 24\/7 za pomoc\u0105 kodu PIN<\/td><\/tr><tr><td>Op\u0142ata roczna<\/td><td> Nie<\/td><td><p>Tak<\/p><\/td><\/tr><tr><td><p><strong>DODATKI<\/strong><\/p><p><br><\/p><\/td><td><p><br><\/p><p><br><\/p><\/td><td><p><br><\/p><\/td><\/tr><tr><td><p>Prysznice i toalety<\/p><\/td><td><p>W cenie<\/p><\/td><td><p>W cenie<\/p><\/td><\/tr><tr><td><p>Poczekalnia dla Kierowc\u00f3w<\/p><\/td><td><p>W cenie<\/p><\/td><td><p>W cenie<\/p><\/td><\/tr><tr><td><p>Darmowa kawa<\/p><\/td><td><p>W cenie<\/p><\/td><td><p>Wliczone <\/p><\/td><\/tr><tr><td><p>Internet WiFi<\/p><\/td><td><p>Wliczone <\/p><p><br><\/p><p>Has\u0142o WiFi znajduje si\u0119 na potwierdzeniu rezerwacji\/paragonie<\/p><\/td><td><p>Wliczone <\/p><p><br><\/p><p>Has\u0142o WiFi znajduje si\u0119 na potwierdzeniu rezerwacji\/paragonie<\/p><\/td><\/tr><\/tbody><\/table>\n            <\/div><\/div>\t\t\t\t<\/div>\n\t\t\t\t<\/div>\n\t\t\t\t\t<\/div>\n\t\t<\/div>\n\t\t\t\t\t\t<\/div>\n\t\t\t\t\t<\/div>\n\t\t\t\t<\/div>\n\t\t\t\t<section class=\"elementor-section elementor-top-section elementor-element elementor-element-8f2d2db elementor-section-boxed elementor-section-height-default elementor-section-height-default\" data-id=\"8f2d2db\" data-element_type=\"section\" data-e-type=\"section\">\n\t\t\t\t\t\t<div class=\"elementor-container elementor-column-gap-default\">\n\t\t\t\t\t<div class=\"elementor-column elementor-col-100 elementor-top-column elementor-element elementor-element-a03e157\" data-id=\"a03e157\" data-element_type=\"column\" data-e-type=\"column\">\n\t\t\t<div class=\"elementor-widget-wrap elementor-element-populated\">\n\t\t\t\t\t\t<section class=\"elementor-section elementor-inner-section elementor-element elementor-element-9caa933 elementor-section-boxed elementor-section-height-default elementor-section-height-default\" data-id=\"9caa933\" data-element_type=\"section\" data-e-type=\"section\">\n\t\t\t\t\t\t<div class=\"elementor-container elementor-column-gap-default\">\n\t\t\t\t\t<div class=\"elementor-column elementor-col-50 elementor-inner-column elementor-element elementor-element-f9b0fdc\" data-id=\"f9b0fdc\" data-element_type=\"column\" data-e-type=\"column\">\n\t\t\t<div class=\"elementor-widget-wrap elementor-element-populated\">\n\t\t\t\t\t\t<div class=\"elementor-element elementor-element-fa556d3 elementor-widget elementor-widget-text-editor\" data-id=\"fa556d3\" data-element_type=\"widget\" data-e-type=\"widget\" data-widget_type=\"text-editor.default\">\n\t\t\t\t\t\t\t\t\t<p><strong>* Opcje p\u0142atno\u015bci kart\u0105:<\/strong><\/p><p>Visa, Mastercard, American Express, maestro, v pay, diners<\/p><p>W przypadku p\u0142atno\u015bci kartami zagranicznymi, przeliczenie waluty odbywa si\u0119 wed\u0142ug kursu wymiany ustalonego przez wydawc\u0119 karty.<\/p>\t\t\t\t\t\t\t\t<\/div>\n\t\t\t\t\t<\/div>\n\t\t<\/div>\n\t\t\t\t<div class=\"elementor-column elementor-col-50 elementor-inner-column elementor-element elementor-element-0b2c521\" data-id=\"0b2c521\" data-element_type=\"column\" data-e-type=\"column\">\n\t\t\t<div class=\"elementor-widget-wrap elementor-element-populated\">\n\t\t\t\t\t\t<div class=\"elementor-element elementor-element-1d75dbd elementor-align-center elementor-hidden-mobile elementor-widget elementor-widget-button\" data-id=\"1d75dbd\" data-element_type=\"widget\" data-e-type=\"widget\" data-widget_type=\"button.default\">\n\t\t\t\t\t\t\t\t\t\t<a class=\"elementor-button elementor-button-link elementor-size-sm\" href=\"https:\/\/driversfirst.eu\/pl\/zloz-wniosek-o-konto\/\">\n\t\t\t\t\t\t<span class=\"elementor-button-content-wrapper\">\n\t\t\t\t\t\t<span class=\"elementor-button-icon\">\n\t\t\t\t<svg aria-hidden=\"true\" class=\"e-font-icon-svg e-fas-user-plus\" viewBox=\"0 0 640 512\" xmlns=\"http:\/\/www.w3.org\/2000\/svg\"><path d=\"M624 208h-64v-64c0-8.8-7.2-16-16-16h-32c-8.8 0-16 7.2-16 16v64h-64c-8.8 0-16 7.2-16 16v32c0 8.8 7.2 16 16 16h64v64c0 8.8 7.2 16 16 16h32c8.8 0 16-7.2 16-16v-64h64c8.8 0 16-7.2 16-16v-32c0-8.8-7.2-16-16-16zm-400 48c70.7 0 128-57.3 128-128S294.7 0 224 0 96 57.3 96 128s57.3 128 128 128zm89.6 32h-16.7c-22.2 10.2-46.9 16-72.9 16s-50.6-5.8-72.9-16h-16.7C60.2 288 0 348.2 0 422.4V464c0 26.5 21.5 48 48 48h352c26.5 0 48-21.5 48-48v-41.6c0-74.2-60.2-134.4-134.4-134.4z\"><\/path><\/svg>\t\t\t<\/span>\n\t\t\t\t\t\t\t\t\t<span class=\"elementor-button-text\">Z\u0142\u00f3\u017c wniosek o konto<\/span>\n\t\t\t\t\t<\/span>\n\t\t\t\t\t<\/a>\n\t\t\t\t\t\t\t\t<\/div>\n\t\t\t\t\t<\/div>\n\t\t<\/div>\n\t\t\t\t\t<\/div>\n\t\t<\/section>\n\t\t\t\t\t<\/div>\n\t\t<\/div>\n\t\t\t\t\t<\/div>\n\t\t<\/section>\n\t\t\t\t<\/div>\n\t\t","protected":false},"excerpt":{"rendered":"<p>Nasze ceny s\u0105 przejrzyste, konkurencyjne i dostosowane do potrzeb profesjonalnych kierowc\u00f3w i firm transportowych. Poni\u017cej znajdziesz nasz aktualny cennik. Eskilstuna J\u00f6nk\u00f6ping Malm\u00f6 Opis Klient jednorazowy (na miejscu lub online) Klient z Kontem Firmowym (online) Cena Wszystkie ceny s\u0105 bez VAT Przedzia\u0142 1-godzinny: 25 SEK (\u22482 EUR) Przedzia\u0142 czasowy 0-3h: 70 SEK (\u22486 EUR) 24 godziny: [&hellip;]<\/p>\n","protected":false},"author":1,"featured_media":0,"parent":0,"menu_order":0,"comment_status":"closed","ping_status":"closed","template":"elementor_header_footer","meta":{"inline_featured_image":false,"footnotes":""},"class_list":["post-3403","page","type-page","status-publish","hentry"],"yoast_head":"<!-- This site is optimized with the Yoast SEO plugin v27.4 - https:\/\/yoast.com\/product\/yoast-seo-wordpress\/ -->\n<title>Cennik - Drivers First Security Parking<\/title>\n<meta name=\"robots\" content=\"index, follow, max-snippet:-1, max-image-preview:large, max-video-preview:-1\" \/>\n<link rel=\"canonical\" href=\"https:\/\/driversfirst.eu\/pl\/cennik\/\" \/>\n<meta property=\"og:locale\" content=\"pl_PL\" \/>\n<meta property=\"og:type\" content=\"article\" \/>\n<meta property=\"og:title\" content=\"Cennik - Drivers First Security Parking\" \/>\n<meta property=\"og:description\" content=\"Nasze ceny s\u0105 przejrzyste, konkurencyjne i dostosowane do potrzeb profesjonalnych kierowc\u00f3w i firm transportowych. Poni\u017cej znajdziesz nasz aktualny cennik. Eskilstuna J\u00f6nk\u00f6ping Malm\u00f6 Opis Klient jednorazowy (na miejscu lub online) Klient z Kontem Firmowym (online) Cena Wszystkie ceny s\u0105 bez VAT Przedzia\u0142 1-godzinny: 25 SEK (\u22482 EUR) Przedzia\u0142 czasowy 0-3h: 70 SEK (\u22486 EUR) 24 godziny: [&hellip;]\" \/>\n<meta property=\"og:url\" content=\"https:\/\/driversfirst.eu\/pl\/cennik\/\" \/>\n<meta property=\"og:site_name\" content=\"Drivers First Security Parking\" \/>\n<meta property=\"article:publisher\" content=\"https:\/\/www.facebook.com\/p\/Drivers-First-61558688551720\/\" \/>\n<meta property=\"article:modified_time\" content=\"2026-04-15T11:41:26+00:00\" \/>\n<meta name=\"twitter:card\" content=\"summary_large_image\" \/>\n<meta name=\"twitter:label1\" content=\"Szacowany czas czytania\" \/>\n\t<meta name=\"twitter:data1\" content=\"5 minuta\" \/>\n<script type=\"application\/ld+json\" class=\"yoast-schema-graph\">{\"@context\":\"https:\\\/\\\/schema.org\",\"@graph\":[{\"@type\":\"WebPage\",\"@id\":\"https:\\\/\\\/driversfirst.eu\\\/pl\\\/cennik\\\/\",\"url\":\"https:\\\/\\\/driversfirst.eu\\\/pl\\\/cennik\\\/\",\"name\":\"Cennik - Drivers First Security Parking\",\"isPartOf\":{\"@id\":\"https:\\\/\\\/driversfirst.eu\\\/pl\\\/#website\"},\"datePublished\":\"2025-08-19T17:09:14+00:00\",\"dateModified\":\"2026-04-15T11:41:26+00:00\",\"breadcrumb\":{\"@id\":\"https:\\\/\\\/driversfirst.eu\\\/pl\\\/cennik\\\/#breadcrumb\"},\"inLanguage\":\"pl-PL\",\"potentialAction\":[{\"@type\":\"ReadAction\",\"target\":[\"https:\\\/\\\/driversfirst.eu\\\/pl\\\/cennik\\\/\"]}]},{\"@type\":\"BreadcrumbList\",\"@id\":\"https:\\\/\\\/driversfirst.eu\\\/pl\\\/cennik\\\/#breadcrumb\",\"itemListElement\":[{\"@type\":\"ListItem\",\"position\":1,\"name\":\"Strona g\u0142\u00f3wna\",\"item\":\"https:\\\/\\\/driversfirst.eu\\\/pl\\\/\"},{\"@type\":\"ListItem\",\"position\":2,\"name\":\"Cennik\"}]},{\"@type\":\"WebSite\",\"@id\":\"https:\\\/\\\/driversfirst.eu\\\/pl\\\/#website\",\"url\":\"https:\\\/\\\/driversfirst.eu\\\/pl\\\/\",\"name\":\"Drivers First Security Parking\",\"description\":\"Secure full service truck stops\",\"publisher\":{\"@id\":\"https:\\\/\\\/driversfirst.eu\\\/pl\\\/#organization\"},\"potentialAction\":[{\"@type\":\"SearchAction\",\"target\":{\"@type\":\"EntryPoint\",\"urlTemplate\":\"https:\\\/\\\/driversfirst.eu\\\/pl\\\/?s={search_term_string}\"},\"query-input\":{\"@type\":\"PropertyValueSpecification\",\"valueRequired\":true,\"valueName\":\"search_term_string\"}}],\"inLanguage\":\"pl-PL\"},{\"@type\":\"Organization\",\"@id\":\"https:\\\/\\\/driversfirst.eu\\\/pl\\\/#organization\",\"name\":\"Drivers First Security Parking\",\"alternateName\":\"Kierowcy pierwsi\",\"url\":\"https:\\\/\\\/driversfirst.eu\\\/pl\\\/\",\"logo\":{\"@type\":\"ImageObject\",\"inLanguage\":\"pl-PL\",\"@id\":\"https:\\\/\\\/driversfirst.eu\\\/pl\\\/#\\\/schema\\\/logo\\\/image\\\/\",\"url\":\"https:\\\/\\\/driversfirst.eu\\\/wp-content\\\/uploads\\\/2025\\\/08\\\/drivers-first-security-parking-scaled.png\",\"contentUrl\":\"https:\\\/\\\/driversfirst.eu\\\/wp-content\\\/uploads\\\/2025\\\/08\\\/drivers-first-security-parking-scaled.png\",\"width\":2560,\"height\":490,\"caption\":\"Drivers First Security Parking\"},\"image\":{\"@id\":\"https:\\\/\\\/driversfirst.eu\\\/pl\\\/#\\\/schema\\\/logo\\\/image\\\/\"},\"sameAs\":[\"https:\\\/\\\/www.facebook.com\\\/p\\\/Drivers-First-61558688551720\\\/\",\"https:\\\/\\\/www.linkedin.com\\\/company\\\/driversfirst\"]}]}<\/script>\n<!-- \/ Yoast SEO plugin. -->","yoast_head_json":{"title":"Cennik - Drivers First Security Parking","robots":{"index":"index","follow":"follow","max-snippet":"max-snippet:-1","max-image-preview":"max-image-preview:large","max-video-preview":"max-video-preview:-1"},"canonical":"https:\/\/driversfirst.eu\/pl\/cennik\/","og_locale":"pl_PL","og_type":"article","og_title":"Cennik - Drivers First Security Parking","og_description":"Nasze ceny s\u0105 przejrzyste, konkurencyjne i dostosowane do potrzeb profesjonalnych kierowc\u00f3w i firm transportowych. Poni\u017cej znajdziesz nasz aktualny cennik. Eskilstuna J\u00f6nk\u00f6ping Malm\u00f6 Opis Klient jednorazowy (na miejscu lub online) Klient z Kontem Firmowym (online) Cena Wszystkie ceny s\u0105 bez VAT Przedzia\u0142 1-godzinny: 25 SEK (\u22482 EUR) Przedzia\u0142 czasowy 0-3h: 70 SEK (\u22486 EUR) 24 godziny: [&hellip;]","og_url":"https:\/\/driversfirst.eu\/pl\/cennik\/","og_site_name":"Drivers First Security Parking","article_publisher":"https:\/\/www.facebook.com\/p\/Drivers-First-61558688551720\/","article_modified_time":"2026-04-15T11:41:26+00:00","twitter_card":"summary_large_image","twitter_misc":{"Szacowany czas czytania":"5 minuta"},"schema":{"@context":"https:\/\/schema.org","@graph":[{"@type":"WebPage","@id":"https:\/\/driversfirst.eu\/pl\/cennik\/","url":"https:\/\/driversfirst.eu\/pl\/cennik\/","name":"Cennik - Drivers First Security Parking","isPartOf":{"@id":"https:\/\/driversfirst.eu\/pl\/#website"},"datePublished":"2025-08-19T17:09:14+00:00","dateModified":"2026-04-15T11:41:26+00:00","breadcrumb":{"@id":"https:\/\/driversfirst.eu\/pl\/cennik\/#breadcrumb"},"inLanguage":"pl-PL","potentialAction":[{"@type":"ReadAction","target":["https:\/\/driversfirst.eu\/pl\/cennik\/"]}]},{"@type":"BreadcrumbList","@id":"https:\/\/driversfirst.eu\/pl\/cennik\/#breadcrumb","itemListElement":[{"@type":"ListItem","position":1,"name":"Strona g\u0142\u00f3wna","item":"https:\/\/driversfirst.eu\/pl\/"},{"@type":"ListItem","position":2,"name":"Cennik"}]},{"@type":"WebSite","@id":"https:\/\/driversfirst.eu\/pl\/#website","url":"https:\/\/driversfirst.eu\/pl\/","name":"Drivers First Security Parking","description":"Secure full service truck stops","publisher":{"@id":"https:\/\/driversfirst.eu\/pl\/#organization"},"potentialAction":[{"@type":"SearchAction","target":{"@type":"EntryPoint","urlTemplate":"https:\/\/driversfirst.eu\/pl\/?s={search_term_string}"},"query-input":{"@type":"PropertyValueSpecification","valueRequired":true,"valueName":"search_term_string"}}],"inLanguage":"pl-PL"},{"@type":"Organization","@id":"https:\/\/driversfirst.eu\/pl\/#organization","name":"Drivers First Security Parking","alternateName":"Kierowcy pierwsi","url":"https:\/\/driversfirst.eu\/pl\/","logo":{"@type":"ImageObject","inLanguage":"pl-PL","@id":"https:\/\/driversfirst.eu\/pl\/#\/schema\/logo\/image\/","url":"https:\/\/driversfirst.eu\/wp-content\/uploads\/2025\/08\/drivers-first-security-parking-scaled.png","contentUrl":"https:\/\/driversfirst.eu\/wp-content\/uploads\/2025\/08\/drivers-first-security-parking-scaled.png","width":2560,"height":490,"caption":"Drivers First Security Parking"},"image":{"@id":"https:\/\/driversfirst.eu\/pl\/#\/schema\/logo\/image\/"},"sameAs":["https:\/\/www.facebook.com\/p\/Drivers-First-61558688551720\/","https:\/\/www.linkedin.com\/company\/driversfirst"]}]}},"_links":{"self":[{"href":"https:\/\/driversfirst.eu\/pl\/wp-json\/wp\/v2\/pages\/3403","targetHints":{"allow":["GET"]}}],"collection":[{"href":"https:\/\/driversfirst.eu\/pl\/wp-json\/wp\/v2\/pages"}],"about":[{"href":"https:\/\/driversfirst.eu\/pl\/wp-json\/wp\/v2\/types\/page"}],"author":[{"embeddable":true,"href":"https:\/\/driversfirst.eu\/pl\/wp-json\/wp\/v2\/users\/1"}],"replies":[{"embeddable":true,"href":"https:\/\/driversfirst.eu\/pl\/wp-json\/wp\/v2\/comments?post=3403"}],"version-history":[{"count":11,"href":"https:\/\/driversfirst.eu\/pl\/wp-json\/wp\/v2\/pages\/3403\/revisions"}],"predecessor-version":[{"id":8245,"href":"https:\/\/driversfirst.eu\/pl\/wp-json\/wp\/v2\/pages\/3403\/revisions\/8245"}],"wp:attachment":[{"href":"https:\/\/driversfirst.eu\/pl\/wp-json\/wp\/v2\/media?parent=3403"}],"curies":[{"name":"wp","href":"https:\/\/api.w.org\/{rel}","templated":true}]}}