{"id":3350,"date":"2025-08-20T08:51:42","date_gmt":"2025-08-20T06:51:42","guid":{"rendered":"https:\/\/driversfirst.eu\/nasze-lokalizacje\/"},"modified":"2026-03-04T12:42:53","modified_gmt":"2026-03-04T11:42:53","slug":"nasze-lokalizacje","status":"publish","type":"page","link":"https:\/\/driversfirst.eu\/pl\/nasze-lokalizacje\/","title":{"rendered":"Nasze lokalizacje"},"content":{"rendered":"\t\t<div data-elementor-type=\"wp-page\" data-elementor-id=\"3350\" class=\"elementor elementor-3350 elementor-1101\" data-elementor-post-type=\"page\">\n\t\t\t\t<div class=\"elementor-element elementor-element-84f75b6 e-flex e-con-boxed e-con e-parent\" data-id=\"84f75b6\" data-element_type=\"container\" data-e-type=\"container\">\n\t\t\t\t\t<div class=\"e-con-inner\">\n\t\t\t\t<div class=\"elementor-element elementor-element-f7ef81e elementor-widget elementor-widget-heading\" data-id=\"f7ef81e\" data-element_type=\"widget\" data-e-type=\"widget\" data-widget_type=\"heading.default\">\n\t\t\t\t\t<h2 class=\"elementor-heading-title elementor-size-default\">Nasze lokalizacje<\/h2>\t\t\t\t<\/div>\n\t\t\t\t\t<\/div>\n\t\t\t\t<\/div>\n\t\t<div class=\"elementor-element elementor-element-43dba8b e-flex e-con-boxed e-con e-parent\" data-id=\"43dba8b\" data-element_type=\"container\" data-e-type=\"container\">\n\t\t\t\t\t<div class=\"e-con-inner\">\n\t\t\t\t<div class=\"elementor-element elementor-element-2522327 elementor-widget elementor-widget-text-editor\" data-id=\"2522327\" data-element_type=\"widget\" data-e-type=\"widget\" data-widget_type=\"text-editor.default\">\n\t\t\t\t\t\t\t\t\t<p>Poznaj nasze lokalizacje! Kliknij znacznik na mapie, aby dowiedzie\u0107 si\u0119 wi\u0119cej o ka\u017cdym miejscu i dost\u0119pnych us\u0142ugach. <\/p>\t\t\t\t\t\t\t\t<\/div>\n\t\t\t\t\t<\/div>\n\t\t\t\t<\/div>\n\t\t<div class=\"elementor-element elementor-element-b27e696 e-flex e-con-boxed e-con e-parent\" data-id=\"b27e696\" data-element_type=\"container\" data-e-type=\"container\">\n\t\t\t\t\t<div class=\"e-con-inner\">\n\t\t\t\t<div class=\"elementor-element elementor-element-9ad521f elementor-widget elementor-widget-shortcode\" data-id=\"9ad521f\" data-element_type=\"widget\" data-e-type=\"widget\" data-widget_type=\"shortcode.default\">\n\t\t\t\t\t\t\t<div class=\"elementor-shortcode\">\n<div class=\"wplf-content wplf-map-view wplf-ggm\" id=\"wplf-content-69e351392e062\" data-id=\"69e351392e062\">\n    <input type=\"hidden\" name=\"viewer_type\" id=\"wplf-viewer_type-69e351392e062\" value=\"map view\">\n    <input type=\"hidden\" name=\"map_zoom\" id=\"wplf-map_zoom-69e351392e062\" value=\"0\">\n    <input type=\"hidden\" name=\"default_address\" id=\"wplf-default_address-69e351392e062\" value=\"\">\n    <input type=\"hidden\" name=\"filter_cat\" id=\"wplf-filter_cat-69e351392e062\" value=\"135\">\n    <input type=\"hidden\" name=\"filter_tag\" id=\"wplf-filter_tag-69e351392e062\" value=\"\">\n    <input type=\"hidden\" name=\"default_marker_url\" id=\"wplf-default_marker_url-69e351392e062\" value=\"PHN2ZyB4bWxucz0iaHR0cDovL3d3dy53My5vcmcvMjAwMC9zdmciIGhlaWdodD0iMjRweCIgdmlld0JveD0iMCAwIDI0IDI0IiB3aWR0aD0iMjRweCIgZmlsbD0iI0ZGNjkwMCI+PHBhdGggZD0iTTAgMGgyNHYyNEgweiIgZmlsbD0ibm9uZSIvPjxwYXRoIGQ9Ik0xMiAyQzguMTMgMiA1IDUuMTMgNSA5YzAgNS4yNSA3IDEzIDcgMTNzNy03Ljc1IDctMTNjMC0zLjg3LTMuMTMtNy03LTd6bTAgOS41Yy0xLjM4IDAtMi41LTEuMTItMi41LTIuNXMxLjEyLTIuNSAyLjUtMi41IDIuNSAxLjEyIDIuNSAyLjUtMS4xMiAyLjUtMi41IDIuNXoiLz48L3N2Zz4=\">\n\n    <div id=\"wplf-map-content-69e351392e062\" class=\"wplf-map-content\">\n        <div class=\"wplf-left-content\">\n                        <div id=\"wplf-map-direction-content-69e351392e062\" class=\"wplf-map-direction-content wplf-d-none\">\n                <div class=\"wplf-direction-content-top\">\n                    <div class=\"wplf-map-direction-btn\">\n                        <button id=\"wplf-map-direction-expand-69e351392e062\" class=\"wplf-map-direction-expand\">\n                            <img decoding=\"async\" src=\"https:\/\/driversfirst.eu\/wp-content\/plugins\/wp-location-finder\/public\/partials\/..\/icons\/collapse-icon.svg\" alt=\"Collapse icon\">\n                            <span>Zwi\u0144<\/span>\n                        <\/button>\n                        <button class=\"wplf-close-direction\" id=\"wplf-close-direction-69e351392e062\">\n                            <span>Zamknij<\/span>\n                            <img decoding=\"async\" src=\"https:\/\/driversfirst.eu\/wp-content\/plugins\/wp-location-finder\/public\/partials\/..\/icons\/close-red-icon.svg\" alt=\"Close icon\">\n                        <\/button>\n                    <\/div>\n                    <div class=\"wplf-map-direction-input\">\n                        <img decoding=\"async\" src=\"https:\/\/driversfirst.eu\/wp-content\/plugins\/wp-location-finder\/public\/partials\/..\/icons\/icons.svg\" alt=\"Direction icon\">\n                        <div>\n                            <input id=\"wplf-start-address-69e351392e062\" type=\"text\" value=\"\" readonly>\n                            <input id=\"wplf-end-address-69e351392e062\" type=\"text\" value=\"\" readonly>\n                        <\/div>\n                    <\/div>\n                    <div class=\"wplf-map-direction-summary\" id=\"wplf-map-direction-summary-69e351392e062\"><\/div>\n                    <div id=\"wplf-direction-loading-69e351392e062\" class=\"wplf-direction-loading wplf-d-none\">\n                        <div class=\"spinner\"><\/div>\n                    <\/div>\n                <\/div>\n                <div class=\"wplf-map-direction\" id=\"wplf-map-direction-69e351392e062\"><\/div>\n            <\/div>\n        <\/div>\n        <div class=\"wplf-right-content\">\n            <div class=\"wplf-map\" id=\"wplf-map-69e351392e062\"><\/div>\n        <\/div>\n    <\/div>\n<\/div><\/div>\n\t\t\t\t\t\t<\/div>\n\t\t\t\t\t<\/div>\n\t\t\t\t<\/div>\n\t\t\t\t<\/div>\n\t\t","protected":false},"excerpt":{"rendered":"<p>Poznaj nasze lokalizacje! Kliknij znacznik na mapie, aby dowiedzie\u0107 si\u0119 wi\u0119cej o ka\u017cdym miejscu i dost\u0119pnych us\u0142ugach.<\/p>\n","protected":false},"author":1,"featured_media":0,"parent":0,"menu_order":0,"comment_status":"closed","ping_status":"closed","template":"elementor_header_footer","meta":{"inline_featured_image":false,"footnotes":""},"class_list":["post-3350","page","type-page","status-publish","hentry"],"yoast_head":"<!-- This site is optimized with the Yoast SEO plugin v27.4 - https:\/\/yoast.com\/product\/yoast-seo-wordpress\/ -->\n<title>Nasze lokalizacje - Drivers First Security Parking<\/title>\n<meta name=\"robots\" content=\"index, follow, max-snippet:-1, max-image-preview:large, max-video-preview:-1\" \/>\n<link rel=\"canonical\" href=\"https:\/\/driversfirst.eu\/pl\/nasze-lokalizacje\/\" \/>\n<meta property=\"og:locale\" content=\"pl_PL\" \/>\n<meta property=\"og:type\" content=\"article\" \/>\n<meta property=\"og:title\" content=\"Nasze lokalizacje - Drivers First Security Parking\" \/>\n<meta property=\"og:description\" content=\"Poznaj nasze lokalizacje! Kliknij znacznik na mapie, aby dowiedzie\u0107 si\u0119 wi\u0119cej o ka\u017cdym miejscu i dost\u0119pnych us\u0142ugach.\" \/>\n<meta property=\"og:url\" content=\"https:\/\/driversfirst.eu\/pl\/nasze-lokalizacje\/\" \/>\n<meta property=\"og:site_name\" content=\"Drivers First Security Parking\" \/>\n<meta property=\"article:publisher\" content=\"https:\/\/www.facebook.com\/p\/Drivers-First-61558688551720\/\" \/>\n<meta property=\"article:modified_time\" content=\"2026-03-04T11:42:53+00:00\" \/>\n<meta name=\"twitter:card\" content=\"summary_large_image\" \/>\n<script type=\"application\/ld+json\" class=\"yoast-schema-graph\">{\"@context\":\"https:\\\/\\\/schema.org\",\"@graph\":[{\"@type\":\"WebPage\",\"@id\":\"https:\\\/\\\/driversfirst.eu\\\/pl\\\/nasze-lokalizacje\\\/\",\"url\":\"https:\\\/\\\/driversfirst.eu\\\/pl\\\/nasze-lokalizacje\\\/\",\"name\":\"Nasze lokalizacje - Drivers First Security Parking\",\"isPartOf\":{\"@id\":\"https:\\\/\\\/driversfirst.eu\\\/pl\\\/#website\"},\"datePublished\":\"2025-08-20T06:51:42+00:00\",\"dateModified\":\"2026-03-04T11:42:53+00:00\",\"breadcrumb\":{\"@id\":\"https:\\\/\\\/driversfirst.eu\\\/pl\\\/nasze-lokalizacje\\\/#breadcrumb\"},\"inLanguage\":\"pl-PL\",\"potentialAction\":[{\"@type\":\"ReadAction\",\"target\":[\"https:\\\/\\\/driversfirst.eu\\\/pl\\\/nasze-lokalizacje\\\/\"]}]},{\"@type\":\"BreadcrumbList\",\"@id\":\"https:\\\/\\\/driversfirst.eu\\\/pl\\\/nasze-lokalizacje\\\/#breadcrumb\",\"itemListElement\":[{\"@type\":\"ListItem\",\"position\":1,\"name\":\"Strona g\u0142\u00f3wna\",\"item\":\"https:\\\/\\\/driversfirst.eu\\\/pl\\\/\"},{\"@type\":\"ListItem\",\"position\":2,\"name\":\"Nasze lokalizacje\"}]},{\"@type\":\"WebSite\",\"@id\":\"https:\\\/\\\/driversfirst.eu\\\/pl\\\/#website\",\"url\":\"https:\\\/\\\/driversfirst.eu\\\/pl\\\/\",\"name\":\"Drivers First Security Parking\",\"description\":\"Secure full service truck stops\",\"publisher\":{\"@id\":\"https:\\\/\\\/driversfirst.eu\\\/pl\\\/#organization\"},\"potentialAction\":[{\"@type\":\"SearchAction\",\"target\":{\"@type\":\"EntryPoint\",\"urlTemplate\":\"https:\\\/\\\/driversfirst.eu\\\/pl\\\/?s={search_term_string}\"},\"query-input\":{\"@type\":\"PropertyValueSpecification\",\"valueRequired\":true,\"valueName\":\"search_term_string\"}}],\"inLanguage\":\"pl-PL\"},{\"@type\":\"Organization\",\"@id\":\"https:\\\/\\\/driversfirst.eu\\\/pl\\\/#organization\",\"name\":\"Drivers First Security Parking\",\"alternateName\":\"Kierowcy pierwsi\",\"url\":\"https:\\\/\\\/driversfirst.eu\\\/pl\\\/\",\"logo\":{\"@type\":\"ImageObject\",\"inLanguage\":\"pl-PL\",\"@id\":\"https:\\\/\\\/driversfirst.eu\\\/pl\\\/#\\\/schema\\\/logo\\\/image\\\/\",\"url\":\"https:\\\/\\\/driversfirst.eu\\\/wp-content\\\/uploads\\\/2025\\\/08\\\/drivers-first-security-parking-scaled.png\",\"contentUrl\":\"https:\\\/\\\/driversfirst.eu\\\/wp-content\\\/uploads\\\/2025\\\/08\\\/drivers-first-security-parking-scaled.png\",\"width\":2560,\"height\":490,\"caption\":\"Drivers First Security Parking\"},\"image\":{\"@id\":\"https:\\\/\\\/driversfirst.eu\\\/pl\\\/#\\\/schema\\\/logo\\\/image\\\/\"},\"sameAs\":[\"https:\\\/\\\/www.facebook.com\\\/p\\\/Drivers-First-61558688551720\\\/\",\"https:\\\/\\\/www.linkedin.com\\\/company\\\/driversfirst\"]}]}<\/script>\n<!-- \/ Yoast SEO plugin. -->","yoast_head_json":{"title":"Nasze lokalizacje - Drivers First Security Parking","robots":{"index":"index","follow":"follow","max-snippet":"max-snippet:-1","max-image-preview":"max-image-preview:large","max-video-preview":"max-video-preview:-1"},"canonical":"https:\/\/driversfirst.eu\/pl\/nasze-lokalizacje\/","og_locale":"pl_PL","og_type":"article","og_title":"Nasze lokalizacje - Drivers First Security Parking","og_description":"Poznaj nasze lokalizacje! Kliknij znacznik na mapie, aby dowiedzie\u0107 si\u0119 wi\u0119cej o ka\u017cdym miejscu i dost\u0119pnych us\u0142ugach.","og_url":"https:\/\/driversfirst.eu\/pl\/nasze-lokalizacje\/","og_site_name":"Drivers First Security Parking","article_publisher":"https:\/\/www.facebook.com\/p\/Drivers-First-61558688551720\/","article_modified_time":"2026-03-04T11:42:53+00:00","twitter_card":"summary_large_image","schema":{"@context":"https:\/\/schema.org","@graph":[{"@type":"WebPage","@id":"https:\/\/driversfirst.eu\/pl\/nasze-lokalizacje\/","url":"https:\/\/driversfirst.eu\/pl\/nasze-lokalizacje\/","name":"Nasze lokalizacje - Drivers First Security Parking","isPartOf":{"@id":"https:\/\/driversfirst.eu\/pl\/#website"},"datePublished":"2025-08-20T06:51:42+00:00","dateModified":"2026-03-04T11:42:53+00:00","breadcrumb":{"@id":"https:\/\/driversfirst.eu\/pl\/nasze-lokalizacje\/#breadcrumb"},"inLanguage":"pl-PL","potentialAction":[{"@type":"ReadAction","target":["https:\/\/driversfirst.eu\/pl\/nasze-lokalizacje\/"]}]},{"@type":"BreadcrumbList","@id":"https:\/\/driversfirst.eu\/pl\/nasze-lokalizacje\/#breadcrumb","itemListElement":[{"@type":"ListItem","position":1,"name":"Strona g\u0142\u00f3wna","item":"https:\/\/driversfirst.eu\/pl\/"},{"@type":"ListItem","position":2,"name":"Nasze lokalizacje"}]},{"@type":"WebSite","@id":"https:\/\/driversfirst.eu\/pl\/#website","url":"https:\/\/driversfirst.eu\/pl\/","name":"Drivers First Security Parking","description":"Secure full service truck stops","publisher":{"@id":"https:\/\/driversfirst.eu\/pl\/#organization"},"potentialAction":[{"@type":"SearchAction","target":{"@type":"EntryPoint","urlTemplate":"https:\/\/driversfirst.eu\/pl\/?s={search_term_string}"},"query-input":{"@type":"PropertyValueSpecification","valueRequired":true,"valueName":"search_term_string"}}],"inLanguage":"pl-PL"},{"@type":"Organization","@id":"https:\/\/driversfirst.eu\/pl\/#organization","name":"Drivers First Security Parking","alternateName":"Kierowcy pierwsi","url":"https:\/\/driversfirst.eu\/pl\/","logo":{"@type":"ImageObject","inLanguage":"pl-PL","@id":"https:\/\/driversfirst.eu\/pl\/#\/schema\/logo\/image\/","url":"https:\/\/driversfirst.eu\/wp-content\/uploads\/2025\/08\/drivers-first-security-parking-scaled.png","contentUrl":"https:\/\/driversfirst.eu\/wp-content\/uploads\/2025\/08\/drivers-first-security-parking-scaled.png","width":2560,"height":490,"caption":"Drivers First Security Parking"},"image":{"@id":"https:\/\/driversfirst.eu\/pl\/#\/schema\/logo\/image\/"},"sameAs":["https:\/\/www.facebook.com\/p\/Drivers-First-61558688551720\/","https:\/\/www.linkedin.com\/company\/driversfirst"]}]}},"_links":{"self":[{"href":"https:\/\/driversfirst.eu\/pl\/wp-json\/wp\/v2\/pages\/3350","targetHints":{"allow":["GET"]}}],"collection":[{"href":"https:\/\/driversfirst.eu\/pl\/wp-json\/wp\/v2\/pages"}],"about":[{"href":"https:\/\/driversfirst.eu\/pl\/wp-json\/wp\/v2\/types\/page"}],"author":[{"embeddable":true,"href":"https:\/\/driversfirst.eu\/pl\/wp-json\/wp\/v2\/users\/1"}],"replies":[{"embeddable":true,"href":"https:\/\/driversfirst.eu\/pl\/wp-json\/wp\/v2\/comments?post=3350"}],"version-history":[{"count":14,"href":"https:\/\/driversfirst.eu\/pl\/wp-json\/wp\/v2\/pages\/3350\/revisions"}],"predecessor-version":[{"id":7478,"href":"https:\/\/driversfirst.eu\/pl\/wp-json\/wp\/v2\/pages\/3350\/revisions\/7478"}],"wp:attachment":[{"href":"https:\/\/driversfirst.eu\/pl\/wp-json\/wp\/v2\/media?parent=3350"}],"curies":[{"name":"wp","href":"https:\/\/api.w.org\/{rel}","templated":true}]}}