{"id":5108,"date":"2025-08-19T19:09:14","date_gmt":"2025-08-19T17:09:14","guid":{"rendered":"https:\/\/driversfirst.eu\/tarieven\/"},"modified":"2026-04-15T13:41:06","modified_gmt":"2026-04-15T11:41:06","slug":"tarieven","status":"publish","type":"page","link":"https:\/\/driversfirst.eu\/nl\/tarieven\/","title":{"rendered":"Tarieven"},"content":{"rendered":"\t\t<div data-elementor-type=\"wp-page\" data-elementor-id=\"5108\" class=\"elementor elementor-5108 elementor-782\" data-elementor-post-type=\"page\">\n\t\t\t\t<div class=\"elementor-element elementor-element-7449e6f e-flex e-con-boxed e-con e-parent\" data-id=\"7449e6f\" data-element_type=\"container\" data-e-type=\"container\">\n\t\t\t\t\t<div class=\"e-con-inner\">\n\t\t\t\t<div class=\"elementor-element elementor-element-efc6556 elementor-widget elementor-widget-heading\" data-id=\"efc6556\" data-element_type=\"widget\" data-e-type=\"widget\" data-widget_type=\"heading.default\">\n\t\t\t\t\t<h2 class=\"elementor-heading-title elementor-size-default\">Tarieven<\/h2>\t\t\t\t<\/div>\n\t\t\t\t\t<\/div>\n\t\t\t\t<\/div>\n\t\t<div class=\"elementor-element elementor-element-d9f6c86 e-flex e-con-boxed e-con e-parent\" data-id=\"d9f6c86\" data-element_type=\"container\" data-e-type=\"container\">\n\t\t\t\t\t<div class=\"e-con-inner\">\n\t\t\t\t<div class=\"elementor-element elementor-element-1ca10cd elementor-widget elementor-widget-text-editor\" data-id=\"1ca10cd\" data-element_type=\"widget\" data-e-type=\"widget\" data-widget_type=\"text-editor.default\">\n\t\t\t\t\t\t\t\t\t<p data-start=\"59\" data-end=\"209\">Onze prijzen zijn transparant, concurrerend en afgestemd op professionele chauffeurs en transportbedrijven.<\/p><p data-start=\"538\" data-end=\"581\">Hieronder vindt u onze actuele prijslijst.<\/p>\t\t\t\t\t\t\t\t<\/div>\n\t\t\t\t\t<\/div>\n\t\t\t\t<\/div>\n\t\t<div class=\"elementor-element elementor-element-a308f1e e-flex e-con-boxed e-con e-parent\" data-id=\"a308f1e\" data-element_type=\"container\" data-e-type=\"container\">\n\t\t\t\t\t<div class=\"e-con-inner\">\n\t\t\t\t<div class=\"elementor-element elementor-element-ba006be e-n-tabs-none elementor-widget elementor-widget-n-tabs\" data-id=\"ba006be\" data-element_type=\"widget\" data-e-type=\"widget\" data-settings=\"{&quot;horizontal_scroll_mobile&quot;:&quot;disable&quot;,&quot;horizontal_scroll&quot;:&quot;disable&quot;}\" data-widget_type=\"nested-tabs.default\">\n\t\t\t\t\t\t\t<div class=\"e-n-tabs\" data-widget-number=\"195036862\" aria-label=\"Tabs. Open items met enter of spatie, sluit af met escape en navigeer met de pijltoetsen.\">\n\t\t\t<div class=\"e-n-tabs-heading\" role=\"tablist\">\n\t\t\t\t\t<button id=\"e-n-tab-title-1950368621\" data-tab-title-id=\"e-n-tab-title-1950368621\" class=\"e-n-tab-title elementor-animation-grow\" aria-selected=\"true\" data-tab-index=\"1\" role=\"tab\" tabindex=\"0\" aria-controls=\"e-n-tab-content-1950368621\" style=\"--n-tabs-title-order: 1;\">\n\t\t\t\t\t\t<span class=\"e-n-tab-title-text\">\n\t\t\t\tEskilstuna\t\t\t<\/span>\n\t\t<\/button>\n\t\t\t\t<button id=\"e-n-tab-title-1950368622\" data-tab-title-id=\"e-n-tab-title-1950368622\" class=\"e-n-tab-title elementor-animation-grow\" aria-selected=\"false\" data-tab-index=\"2\" role=\"tab\" tabindex=\"-1\" aria-controls=\"e-n-tab-content-1950368622\" style=\"--n-tabs-title-order: 2;\">\n\t\t\t\t\t\t<span class=\"e-n-tab-title-text\">\n\t\t\t\tJ\u00f6nk\u00f6ping\t\t\t<\/span>\n\t\t<\/button>\n\t\t\t\t<button id=\"e-n-tab-title-1950368623\" data-tab-title-id=\"e-n-tab-title-1950368623\" class=\"e-n-tab-title elementor-animation-grow\" aria-selected=\"false\" data-tab-index=\"3\" role=\"tab\" tabindex=\"-1\" aria-controls=\"e-n-tab-content-1950368623\" style=\"--n-tabs-title-order: 3;\">\n\t\t\t\t\t\t<span class=\"e-n-tab-title-text\">\n\t\t\t\tMalm\u00f6\t\t\t<\/span>\n\t\t<\/button>\n\t\t\t\t\t<\/div>\n\t\t\t<div class=\"e-n-tabs-content\">\n\t\t\t\t<div id=\"e-n-tab-content-1950368621\" role=\"tabpanel\" aria-labelledby=\"e-n-tab-title-1950368621\" data-tab-index=\"1\" style=\"--n-tabs-title-order: 1;\" class=\"e-active elementor-element elementor-element-3ec2ccb e-con-full e-flex e-con e-child\" data-id=\"3ec2ccb\" data-element_type=\"container\" data-e-type=\"container\">\n\t\t\t\t<div class=\"elementor-element elementor-element-f9e653b elementor-widget elementor-widget-eael-advanced-data-table\" data-id=\"f9e653b\" data-element_type=\"widget\" data-e-type=\"widget\" data-widget_type=\"eael-advanced-data-table.default\">\n\t\t\t\t\t<div class=\"ea-advanced-data-table-wrap\" data-id=\"f9e653b\"><div class=\"ea-advanced-data-table-wrap-inner\">\n                <table class=\"ea-advanced-data-table ea-advanced-data-table-static ea-advanced-data-table-f9e653b\" data-id=\"f9e653b\"><thead><tr><th><p>Omschrijving<\/p><\/th><th><p>Drop-in klant (ter plaatse of online)<\/p><\/th><th><p>Zakelijke Account Klant (online)<\/p><\/th><\/tr><\/thead><tbody><tr><td><p><strong>Prijs <\/strong><\/p><p>Alle prijzen zijn excl. BTW <\/p><\/td><td><p><strong>Tijdslot van 1 uur:<\/strong><\/p><p>25 SEK (\u22482 EUR)<\/p><p><strong>0-3u tijdslot:<\/strong><\/p><p>70 SEK (\u22486 EUR)<\/p><p><strong>24 uur:<\/strong><\/p><p>299 SEK (\u224827 EUR)<\/p><p><br><\/p><p>Na 24 uur: 299 SEK per dag<\/p><\/td><td><p><strong>Tijdslot van 1 uur:<\/strong><\/p><p>25 SEK (\u22482 EUR)<\/p><p><strong>0-3u tijdslot:<\/strong><\/p><p>70 SEK (\u22486 EUR)<\/p><p><strong>24 uur:<\/strong><\/p><p>299 SEK (\u224827 EUR)<\/p><p><br><\/p><p>Na 24 uur: 299 SEK per dag<\/p><p><strong>Neem contact met ons op voor volumekorting en tarieven.<\/strong><\/p><\/td><\/tr><tr><td><p>Online vooraf reserveren<\/p><\/td><td><p>Ja (gegarandeerde plaats bij aankomst)<\/p><p><a href=\"https:\/\/book.driversfirst.eu\/bookings\/create\/services\" target=\"_blank\">Online boeken en betalen<\/a> <\/p><\/td><td><p>Ja (gegarandeerde plaats bij aankomst)<\/p><p><a href=\"https:\/\/book.driversfirst.eu\/customer\/login\" target=\"_blank\">Inloggen en online boeken<\/a><\/p><\/td><\/tr><tr><td>Betalingsmogelijkheden<\/td><td><p>Kaart*, Klarna, MobilePay, Apple Pay, Google Pay,<\/p><p>Revolut Pay, Bancontact, BLIK, EPS, iDEAL, Billie<\/p><\/td><td><p><strong>Factuur aan bedrijf<\/strong><\/p><p>Facturen worden eenmaal per maand verzonden<\/p><p>met alle boekingen voor die periode samengevoegd<\/p><\/td><\/tr><tr><td>Inchecken<\/td><td><p>24\/7 met pincode<\/p><\/td><td> 24\/7 met pincode<\/td><\/tr><tr><td>Jaarlijks tarief<\/td><td> Nee<\/td><td><p>Ja<\/p><\/td><\/tr><tr><td><p><strong>EXTRA'S<\/strong><\/p><p><br><\/p><\/td><td><p><br><\/p><p><br><\/p><\/td><td><p><br><\/p><\/td><\/tr><tr><td><p>Douches en toiletten<\/p><\/td><td><p>Inbegrepen<\/p><\/td><td><p>Inbegrepen<\/p><\/td><\/tr><tr><td><p>Chauffeurs Lounge<\/p><\/td><td><p>Inbegrepen<\/p><\/td><td><p>Inbegrepen<\/p><\/td><\/tr><tr><td><p>Gratis koffie<\/p><\/td><td><p>Inbegrepen<\/p><\/td><td><p>Inbegrepen <\/p><\/td><\/tr><tr><td><p>Internet WiFi<\/p><\/td><td><p>Inbegrepen <\/p><p><br><\/p><p>WiFi-wachtwoord staat op de boekingsbevestiging\/factuur<\/p><\/td><td><p>Inbegrepen <\/p><p><br><\/p><p>WiFi-wachtwoord staat op de boekingsbevestiging\/factuur<\/p><\/td><\/tr><\/tbody><\/table>\n            <\/div><\/div>\t\t\t\t<\/div>\n\t\t\t\t<\/div>\n\t\t<div id=\"e-n-tab-content-1950368622\" role=\"tabpanel\" aria-labelledby=\"e-n-tab-title-1950368622\" data-tab-index=\"2\" style=\"--n-tabs-title-order: 2;\" class=\" elementor-element elementor-element-17c1d32 e-con-full e-flex e-con e-child\" data-id=\"17c1d32\" data-element_type=\"container\" data-e-type=\"container\">\n\t\t\t\t<div class=\"elementor-element elementor-element-cd82139 elementor-widget elementor-widget-eael-advanced-data-table\" data-id=\"cd82139\" data-element_type=\"widget\" data-e-type=\"widget\" data-widget_type=\"eael-advanced-data-table.default\">\n\t\t\t\t\t<div class=\"ea-advanced-data-table-wrap\" data-id=\"cd82139\"><div class=\"ea-advanced-data-table-wrap-inner\">\n                <table class=\"ea-advanced-data-table ea-advanced-data-table-static ea-advanced-data-table-cd82139\" data-id=\"cd82139\"><thead><tr><th><p>Omschrijving<\/p><\/th><th><p>Drop-in klant (ter plaatse of online)<\/p><\/th><th><p>Zakelijke Account Klant (online)<\/p><\/th><\/tr><\/thead><tbody><tr><td><p><strong>Prijs <\/strong><\/p><p>Alle prijzen zijn excl. BTW <\/p><\/td><td><p><br><\/p><p><strong>24 uur:<\/strong><\/p><p>200 SEK (\u224818 EUR)<\/p><p><br><\/p><p>Na 24 uur: 200 SEK per dag<\/p><p><br><\/p><\/td><td><p><br><\/p><p><strong>24 uur:<\/strong><\/p><p>180 SEK (\u224816 EUR)<\/p><p><br><\/p><p>Na 24 uur: 180 SEK per dag<\/p><p><br><\/p><\/td><\/tr><tr><td><p>Online vooraf reserveren<\/p><\/td><td><p>Ja (gegarandeerde plaats bij aankomst)<\/p><p><a href=\"https:\/\/book.driversfirst.eu\/bookings\/create\/services\" target=\"_blank\">Online boeken en betalen<\/a> <\/p><\/td><td><p>Ja (gegarandeerde plaats bij aankomst)<\/p><p><a href=\"https:\/\/book.driversfirst.eu\/customer\/login\" target=\"_blank\">Inloggen en online boeken<\/a><\/p><\/td><\/tr><tr><td>Betalingsmogelijkheden<\/td><td><p>Kaart*, Klarna, MobilePay, Apple Pay, Google Pay,<\/p><p>Revolut Pay, Bancontact, BLIK, EPS, iDEAL, Billie<\/p><\/td><td><p><strong>Factuur aan bedrijf<\/strong><\/p><p>Facturen worden eenmaal per maand verzonden<\/p><p>met alle boekingen voor die periode samengevoegd<\/p><\/td><\/tr><tr><td>Inchecken<\/td><td><p>24\/7 met pincode<\/p><\/td><td> 24\/7 met pincode<\/td><\/tr><tr><td>Jaarlijks tarief<\/td><td> Nee<\/td><td><p>Ja <\/p><\/td><\/tr><tr><td><p><strong>EXTRA'S<\/strong><\/p><p><br><\/p><\/td><td><p><br><\/p><p><br><\/p><\/td><td><p><br><\/p><\/td><\/tr><tr><td><p>Douches en toiletten<\/p><\/td><td><p>Inbegrepen <\/p><\/td><td><p>Inbegrepen <\/p><\/td><\/tr><tr><td><p>Gratis koffie<\/p><\/td><td><p>Inbegrepen<\/p><\/td><td><p>Inbegrepen<\/p><\/td><\/tr><tr><td><p>Internet WiFi<\/p><\/td><td><p>Inbegrepen <\/p><p><br><\/p><p>WiFi-wachtwoord staat op de boekingsbevestiging\/factuur<\/p><\/td><td><p>Inbegrepen <\/p><p><br><\/p><p>WiFi-wachtwoord staat op de boekingsbevestiging\/factuur<\/p><\/td><\/tr><\/tbody><\/table>\n            <\/div><\/div>\t\t\t\t<\/div>\n\t\t\t\t<\/div>\n\t\t<div id=\"e-n-tab-content-1950368623\" role=\"tabpanel\" aria-labelledby=\"e-n-tab-title-1950368623\" data-tab-index=\"3\" style=\"--n-tabs-title-order: 3;\" class=\" elementor-element elementor-element-582cbd5 e-con-full e-flex e-con e-child\" data-id=\"582cbd5\" data-element_type=\"container\" data-e-type=\"container\">\n\t\t\t\t<div class=\"elementor-element elementor-element-1240933 elementor-widget elementor-widget-eael-advanced-data-table\" data-id=\"1240933\" data-element_type=\"widget\" data-e-type=\"widget\" data-widget_type=\"eael-advanced-data-table.default\">\n\t\t\t\t\t<div class=\"ea-advanced-data-table-wrap\" data-id=\"1240933\"><div class=\"ea-advanced-data-table-wrap-inner\">\n                <table class=\"ea-advanced-data-table ea-advanced-data-table-static ea-advanced-data-table-1240933\" data-id=\"1240933\"><thead><tr><th><p>Omschrijving<\/p><\/th><th><p>Drop-in klant (ter plaatse of online)<\/p><\/th><th><p>Zakelijke Account Klant (online)<\/p><\/th><\/tr><\/thead><tbody><tr><td><p><strong>Prijs <\/strong><\/p><p>Alle prijzen zijn excl. BTW <\/p><\/td><td><p><strong>24 uur:<\/strong><\/p><p>299 SEK (\u224827 EUR)<\/p><p><br><\/p><p>Na 24 uur: 299 SEK per dag<\/p><\/td><td><p><strong>24 uur:<\/strong><\/p><p>299 SEK (\u224827 EUR)<\/p><p><br><\/p><p>Na 24 uur: 299 SEK per dag<\/p><p><strong>Neem contact met ons op voor volumekorting en tarieven.<\/strong><\/p><\/td><\/tr><tr><td><p>Online vooraf reserveren<\/p><\/td><td><p>Ja (gegarandeerde plaats bij aankomst)<\/p><p><a href=\"https:\/\/book.driversfirst.eu\/bookings\/create\/services\" target=\"_blank\">Online boeken en betalen<\/a> <\/p><\/td><td><p>Ja (gegarandeerde plaats bij aankomst)<\/p><p><a href=\"https:\/\/book.driversfirst.eu\/customer\/login\" target=\"_blank\">Inloggen en online boeken<\/a><\/p><\/td><\/tr><tr><td>Betalingsmogelijkheden<\/td><td><p>Kaart*, Klarna, MobilePay, Apple Pay, Google Pay,<\/p><p>Revolut Pay, Bancontact, BLIK, EPS, iDEAL, Billie<\/p><\/td><td><p><strong>Factuur aan bedrijf<\/strong><\/p><p>Facturen worden eenmaal per maand verzonden<\/p><p>met alle boekingen voor die periode samengevoegd<\/p><\/td><\/tr><tr><td>Inchecken<\/td><td><p>24\/7 met pincode<\/p><\/td><td> 24\/7 met pincode<\/td><\/tr><tr><td>Jaarlijks tarief<\/td><td> Nee<\/td><td><p>Ja<\/p><\/td><\/tr><tr><td><p><strong>EXTRA'S<\/strong><\/p><p><br><\/p><\/td><td><p><br><\/p><p><br><\/p><\/td><td><p><br><\/p><\/td><\/tr><tr><td><p>Douches en toiletten<\/p><\/td><td><p>Inbegrepen<\/p><\/td><td><p>Inbegrepen<\/p><\/td><\/tr><tr><td><p>Chauffeurs Lounge<\/p><\/td><td><p>Inbegrepen<\/p><\/td><td><p>Inbegrepen<\/p><\/td><\/tr><tr><td><p>Gratis koffie<\/p><\/td><td><p>Inbegrepen<\/p><\/td><td><p>Inbegrepen <\/p><\/td><\/tr><tr><td><p>Internet WiFi<\/p><\/td><td><p>Inbegrepen <\/p><p><br><\/p><p>WiFi-wachtwoord staat op de boekingsbevestiging\/factuur<\/p><\/td><td><p>Inbegrepen <\/p><p><br><\/p><p>WiFi-wachtwoord staat op de boekingsbevestiging\/factuur<\/p><\/td><\/tr><\/tbody><\/table>\n            <\/div><\/div>\t\t\t\t<\/div>\n\t\t\t\t<\/div>\n\t\t\t\t\t<\/div>\n\t\t<\/div>\n\t\t\t\t\t\t<\/div>\n\t\t\t\t\t<\/div>\n\t\t\t\t<\/div>\n\t\t\t\t<section class=\"elementor-section elementor-top-section elementor-element elementor-element-8f2d2db elementor-section-boxed elementor-section-height-default elementor-section-height-default\" data-id=\"8f2d2db\" data-element_type=\"section\" data-e-type=\"section\">\n\t\t\t\t\t\t<div class=\"elementor-container elementor-column-gap-default\">\n\t\t\t\t\t<div class=\"elementor-column elementor-col-100 elementor-top-column elementor-element elementor-element-a03e157\" data-id=\"a03e157\" data-element_type=\"column\" data-e-type=\"column\">\n\t\t\t<div class=\"elementor-widget-wrap elementor-element-populated\">\n\t\t\t\t\t\t<section class=\"elementor-section elementor-inner-section elementor-element elementor-element-9caa933 elementor-section-boxed elementor-section-height-default elementor-section-height-default\" data-id=\"9caa933\" data-element_type=\"section\" data-e-type=\"section\">\n\t\t\t\t\t\t<div class=\"elementor-container elementor-column-gap-default\">\n\t\t\t\t\t<div class=\"elementor-column elementor-col-50 elementor-inner-column elementor-element elementor-element-f9b0fdc\" data-id=\"f9b0fdc\" data-element_type=\"column\" data-e-type=\"column\">\n\t\t\t<div class=\"elementor-widget-wrap elementor-element-populated\">\n\t\t\t\t\t\t<div class=\"elementor-element elementor-element-fa556d3 elementor-widget elementor-widget-text-editor\" data-id=\"fa556d3\" data-element_type=\"widget\" data-e-type=\"widget\" data-widget_type=\"text-editor.default\">\n\t\t\t\t\t\t\t\t\t<p><strong>* Kaartbetalingsmogelijkheden:<\/strong><\/p><p>Visa, Mastercard, American Express, Maestro, V Pay, Diners<\/p><p>Voor betalingen met buitenlandse kaarten wordt de valutaomrekening uitgevoerd volgens de wisselkoers van de kaartuitgever.<\/p>\t\t\t\t\t\t\t\t<\/div>\n\t\t\t\t\t<\/div>\n\t\t<\/div>\n\t\t\t\t<div class=\"elementor-column elementor-col-50 elementor-inner-column elementor-element elementor-element-0b2c521\" data-id=\"0b2c521\" data-element_type=\"column\" data-e-type=\"column\">\n\t\t\t<div class=\"elementor-widget-wrap elementor-element-populated\">\n\t\t\t\t\t\t<div class=\"elementor-element elementor-element-1d75dbd elementor-align-center elementor-hidden-mobile elementor-widget elementor-widget-button\" data-id=\"1d75dbd\" data-element_type=\"widget\" data-e-type=\"widget\" data-widget_type=\"button.default\">\n\t\t\t\t\t\t\t\t\t\t<a class=\"elementor-button elementor-button-link elementor-size-sm\" href=\"https:\/\/driversfirst.eu\/nl\/vraag-een-account-aan\/\">\n\t\t\t\t\t\t<span class=\"elementor-button-content-wrapper\">\n\t\t\t\t\t\t<span class=\"elementor-button-icon\">\n\t\t\t\t<svg aria-hidden=\"true\" class=\"e-font-icon-svg e-fas-user-plus\" viewBox=\"0 0 640 512\" xmlns=\"http:\/\/www.w3.org\/2000\/svg\"><path d=\"M624 208h-64v-64c0-8.8-7.2-16-16-16h-32c-8.8 0-16 7.2-16 16v64h-64c-8.8 0-16 7.2-16 16v32c0 8.8 7.2 16 16 16h64v64c0 8.8 7.2 16 16 16h32c8.8 0 16-7.2 16-16v-64h64c8.8 0 16-7.2 16-16v-32c0-8.8-7.2-16-16-16zm-400 48c70.7 0 128-57.3 128-128S294.7 0 224 0 96 57.3 96 128s57.3 128 128 128zm89.6 32h-16.7c-22.2 10.2-46.9 16-72.9 16s-50.6-5.8-72.9-16h-16.7C60.2 288 0 348.2 0 422.4V464c0 26.5 21.5 48 48 48h352c26.5 0 48-21.5 48-48v-41.6c0-74.2-60.2-134.4-134.4-134.4z\"><\/path><\/svg>\t\t\t<\/span>\n\t\t\t\t\t\t\t\t\t<span class=\"elementor-button-text\">Vraag een account aan<\/span>\n\t\t\t\t\t<\/span>\n\t\t\t\t\t<\/a>\n\t\t\t\t\t\t\t\t<\/div>\n\t\t\t\t\t<\/div>\n\t\t<\/div>\n\t\t\t\t\t<\/div>\n\t\t<\/section>\n\t\t\t\t\t<\/div>\n\t\t<\/div>\n\t\t\t\t\t<\/div>\n\t\t<\/section>\n\t\t\t\t<\/div>\n\t\t","protected":false},"excerpt":{"rendered":"<p>Onze prijzen zijn transparant, concurrerend en afgestemd op professionele chauffeurs en transportbedrijven. Hieronder vindt u onze actuele prijslijst. Eskilstuna J\u00f6nk\u00f6ping Malm\u00f6 Omschrijving Drop-in klant (ter plaatse of online) Zakelijke Account Klant (online) Prijs Alle prijzen zijn excl. BTW Tijdslot van 1 uur: 25 SEK (\u22482 EUR) 0-3u tijdslot: 70 SEK (\u22486 EUR) 24 uur: 299 [&hellip;]<\/p>\n","protected":false},"author":1,"featured_media":0,"parent":0,"menu_order":0,"comment_status":"closed","ping_status":"closed","template":"elementor_header_footer","meta":{"inline_featured_image":false,"footnotes":""},"class_list":["post-5108","page","type-page","status-publish","hentry"],"yoast_head":"<!-- This site is optimized with the Yoast SEO plugin v27.4 - https:\/\/yoast.com\/product\/yoast-seo-wordpress\/ -->\n<title>Tarieven - Drivers First Security Parking<\/title>\n<meta name=\"robots\" content=\"index, follow, max-snippet:-1, max-image-preview:large, max-video-preview:-1\" \/>\n<link rel=\"canonical\" href=\"https:\/\/driversfirst.eu\/nl\/tarieven\/\" \/>\n<meta property=\"og:locale\" content=\"nl_NL\" \/>\n<meta property=\"og:type\" content=\"article\" \/>\n<meta property=\"og:title\" content=\"Tarieven - Drivers First Security Parking\" \/>\n<meta property=\"og:description\" content=\"Onze prijzen zijn transparant, concurrerend en afgestemd op professionele chauffeurs en transportbedrijven. Hieronder vindt u onze actuele prijslijst. Eskilstuna J\u00f6nk\u00f6ping Malm\u00f6 Omschrijving Drop-in klant (ter plaatse of online) Zakelijke Account Klant (online) Prijs Alle prijzen zijn excl. BTW Tijdslot van 1 uur: 25 SEK (\u22482 EUR) 0-3u tijdslot: 70 SEK (\u22486 EUR) 24 uur: 299 [&hellip;]\" \/>\n<meta property=\"og:url\" content=\"https:\/\/driversfirst.eu\/nl\/tarieven\/\" \/>\n<meta property=\"og:site_name\" content=\"Drivers First Security Parking\" \/>\n<meta property=\"article:publisher\" content=\"https:\/\/www.facebook.com\/p\/Drivers-First-61558688551720\/\" \/>\n<meta property=\"article:modified_time\" content=\"2026-04-15T11:41:06+00:00\" \/>\n<meta name=\"twitter:card\" content=\"summary_large_image\" \/>\n<meta name=\"twitter:label1\" content=\"Geschatte leestijd\" \/>\n\t<meta name=\"twitter:data1\" content=\"4 minuut\" \/>\n<script type=\"application\/ld+json\" class=\"yoast-schema-graph\">{\"@context\":\"https:\\\/\\\/schema.org\",\"@graph\":[{\"@type\":\"WebPage\",\"@id\":\"https:\\\/\\\/driversfirst.eu\\\/nl\\\/tarieven\\\/\",\"url\":\"https:\\\/\\\/driversfirst.eu\\\/nl\\\/tarieven\\\/\",\"name\":\"Tarieven - Drivers First Security Parking\",\"isPartOf\":{\"@id\":\"https:\\\/\\\/driversfirst.eu\\\/nl\\\/#website\"},\"datePublished\":\"2025-08-19T17:09:14+00:00\",\"dateModified\":\"2026-04-15T11:41:06+00:00\",\"breadcrumb\":{\"@id\":\"https:\\\/\\\/driversfirst.eu\\\/nl\\\/tarieven\\\/#breadcrumb\"},\"inLanguage\":\"nl-NL\",\"potentialAction\":[{\"@type\":\"ReadAction\",\"target\":[\"https:\\\/\\\/driversfirst.eu\\\/nl\\\/tarieven\\\/\"]}]},{\"@type\":\"BreadcrumbList\",\"@id\":\"https:\\\/\\\/driversfirst.eu\\\/nl\\\/tarieven\\\/#breadcrumb\",\"itemListElement\":[{\"@type\":\"ListItem\",\"position\":1,\"name\":\"Thuis\",\"item\":\"https:\\\/\\\/driversfirst.eu\\\/nl\\\/\"},{\"@type\":\"ListItem\",\"position\":2,\"name\":\"Tarieven\"}]},{\"@type\":\"WebSite\",\"@id\":\"https:\\\/\\\/driversfirst.eu\\\/nl\\\/#website\",\"url\":\"https:\\\/\\\/driversfirst.eu\\\/nl\\\/\",\"name\":\"Drivers First Security Parking\",\"description\":\"Secure full service truck stops\",\"publisher\":{\"@id\":\"https:\\\/\\\/driversfirst.eu\\\/nl\\\/#organization\"},\"potentialAction\":[{\"@type\":\"SearchAction\",\"target\":{\"@type\":\"EntryPoint\",\"urlTemplate\":\"https:\\\/\\\/driversfirst.eu\\\/nl\\\/?s={search_term_string}\"},\"query-input\":{\"@type\":\"PropertyValueSpecification\",\"valueRequired\":true,\"valueName\":\"search_term_string\"}}],\"inLanguage\":\"nl-NL\"},{\"@type\":\"Organization\",\"@id\":\"https:\\\/\\\/driversfirst.eu\\\/nl\\\/#organization\",\"name\":\"Drivers First Security Parking\",\"alternateName\":\"Chauffeurs eerst\",\"url\":\"https:\\\/\\\/driversfirst.eu\\\/nl\\\/\",\"logo\":{\"@type\":\"ImageObject\",\"inLanguage\":\"nl-NL\",\"@id\":\"https:\\\/\\\/driversfirst.eu\\\/nl\\\/#\\\/schema\\\/logo\\\/image\\\/\",\"url\":\"https:\\\/\\\/driversfirst.eu\\\/wp-content\\\/uploads\\\/2025\\\/08\\\/drivers-first-security-parking-scaled.png\",\"contentUrl\":\"https:\\\/\\\/driversfirst.eu\\\/wp-content\\\/uploads\\\/2025\\\/08\\\/drivers-first-security-parking-scaled.png\",\"width\":2560,\"height\":490,\"caption\":\"Drivers First Security Parking\"},\"image\":{\"@id\":\"https:\\\/\\\/driversfirst.eu\\\/nl\\\/#\\\/schema\\\/logo\\\/image\\\/\"},\"sameAs\":[\"https:\\\/\\\/www.facebook.com\\\/p\\\/Drivers-First-61558688551720\\\/\",\"https:\\\/\\\/www.linkedin.com\\\/company\\\/driversfirst\"]}]}<\/script>\n<!-- \/ Yoast SEO plugin. -->","yoast_head_json":{"title":"Tarieven - Drivers First Security Parking","robots":{"index":"index","follow":"follow","max-snippet":"max-snippet:-1","max-image-preview":"max-image-preview:large","max-video-preview":"max-video-preview:-1"},"canonical":"https:\/\/driversfirst.eu\/nl\/tarieven\/","og_locale":"nl_NL","og_type":"article","og_title":"Tarieven - Drivers First Security Parking","og_description":"Onze prijzen zijn transparant, concurrerend en afgestemd op professionele chauffeurs en transportbedrijven. Hieronder vindt u onze actuele prijslijst. Eskilstuna J\u00f6nk\u00f6ping Malm\u00f6 Omschrijving Drop-in klant (ter plaatse of online) Zakelijke Account Klant (online) Prijs Alle prijzen zijn excl. BTW Tijdslot van 1 uur: 25 SEK (\u22482 EUR) 0-3u tijdslot: 70 SEK (\u22486 EUR) 24 uur: 299 [&hellip;]","og_url":"https:\/\/driversfirst.eu\/nl\/tarieven\/","og_site_name":"Drivers First Security Parking","article_publisher":"https:\/\/www.facebook.com\/p\/Drivers-First-61558688551720\/","article_modified_time":"2026-04-15T11:41:06+00:00","twitter_card":"summary_large_image","twitter_misc":{"Geschatte leestijd":"4 minuut"},"schema":{"@context":"https:\/\/schema.org","@graph":[{"@type":"WebPage","@id":"https:\/\/driversfirst.eu\/nl\/tarieven\/","url":"https:\/\/driversfirst.eu\/nl\/tarieven\/","name":"Tarieven - Drivers First Security Parking","isPartOf":{"@id":"https:\/\/driversfirst.eu\/nl\/#website"},"datePublished":"2025-08-19T17:09:14+00:00","dateModified":"2026-04-15T11:41:06+00:00","breadcrumb":{"@id":"https:\/\/driversfirst.eu\/nl\/tarieven\/#breadcrumb"},"inLanguage":"nl-NL","potentialAction":[{"@type":"ReadAction","target":["https:\/\/driversfirst.eu\/nl\/tarieven\/"]}]},{"@type":"BreadcrumbList","@id":"https:\/\/driversfirst.eu\/nl\/tarieven\/#breadcrumb","itemListElement":[{"@type":"ListItem","position":1,"name":"Thuis","item":"https:\/\/driversfirst.eu\/nl\/"},{"@type":"ListItem","position":2,"name":"Tarieven"}]},{"@type":"WebSite","@id":"https:\/\/driversfirst.eu\/nl\/#website","url":"https:\/\/driversfirst.eu\/nl\/","name":"Drivers First Security Parking","description":"Secure full service truck stops","publisher":{"@id":"https:\/\/driversfirst.eu\/nl\/#organization"},"potentialAction":[{"@type":"SearchAction","target":{"@type":"EntryPoint","urlTemplate":"https:\/\/driversfirst.eu\/nl\/?s={search_term_string}"},"query-input":{"@type":"PropertyValueSpecification","valueRequired":true,"valueName":"search_term_string"}}],"inLanguage":"nl-NL"},{"@type":"Organization","@id":"https:\/\/driversfirst.eu\/nl\/#organization","name":"Drivers First Security Parking","alternateName":"Chauffeurs eerst","url":"https:\/\/driversfirst.eu\/nl\/","logo":{"@type":"ImageObject","inLanguage":"nl-NL","@id":"https:\/\/driversfirst.eu\/nl\/#\/schema\/logo\/image\/","url":"https:\/\/driversfirst.eu\/wp-content\/uploads\/2025\/08\/drivers-first-security-parking-scaled.png","contentUrl":"https:\/\/driversfirst.eu\/wp-content\/uploads\/2025\/08\/drivers-first-security-parking-scaled.png","width":2560,"height":490,"caption":"Drivers First Security Parking"},"image":{"@id":"https:\/\/driversfirst.eu\/nl\/#\/schema\/logo\/image\/"},"sameAs":["https:\/\/www.facebook.com\/p\/Drivers-First-61558688551720\/","https:\/\/www.linkedin.com\/company\/driversfirst"]}]}},"_links":{"self":[{"href":"https:\/\/driversfirst.eu\/nl\/wp-json\/wp\/v2\/pages\/5108","targetHints":{"allow":["GET"]}}],"collection":[{"href":"https:\/\/driversfirst.eu\/nl\/wp-json\/wp\/v2\/pages"}],"about":[{"href":"https:\/\/driversfirst.eu\/nl\/wp-json\/wp\/v2\/types\/page"}],"author":[{"embeddable":true,"href":"https:\/\/driversfirst.eu\/nl\/wp-json\/wp\/v2\/users\/1"}],"replies":[{"embeddable":true,"href":"https:\/\/driversfirst.eu\/nl\/wp-json\/wp\/v2\/comments?post=5108"}],"version-history":[{"count":9,"href":"https:\/\/driversfirst.eu\/nl\/wp-json\/wp\/v2\/pages\/5108\/revisions"}],"predecessor-version":[{"id":8224,"href":"https:\/\/driversfirst.eu\/nl\/wp-json\/wp\/v2\/pages\/5108\/revisions\/8224"}],"wp:attachment":[{"href":"https:\/\/driversfirst.eu\/nl\/wp-json\/wp\/v2\/media?parent=5108"}],"curies":[{"name":"wp","href":"https:\/\/api.w.org\/{rel}","templated":true}]}}