{"id":7554,"date":"2026-03-04T09:06:26","date_gmt":"2026-03-04T08:06:26","guid":{"rendered":"https:\/\/driversfirst.eu\/road-mobility-services\/"},"modified":"2026-04-14T12:03:09","modified_gmt":"2026-04-14T10:03:09","slug":"road-mobility-services","status":"publish","type":"page","link":"https:\/\/driversfirst.eu\/lv\/road-mobility-services\/","title":{"rendered":"Road Mobility Services"},"content":{"rendered":"\t\t<div data-elementor-type=\"wp-page\" data-elementor-id=\"7554\" class=\"elementor elementor-7554 elementor-7197\" data-elementor-post-type=\"page\">\n\t\t\t\t<div class=\"elementor-element elementor-element-bdf8329 e-flex e-con-boxed e-con e-parent\" data-id=\"bdf8329\" data-element_type=\"container\" data-e-type=\"container\" data-settings=\"{&quot;background_background&quot;:&quot;classic&quot;,&quot;shape_divider_bottom&quot;:&quot;triangle-asymmetrical&quot;}\">\n\t\t\t\t\t<div class=\"e-con-inner\">\n\t\t\t\t<div class=\"elementor-shape elementor-shape-bottom\" aria-hidden=\"true\" data-negative=\"false\">\n\t\t\t<svg xmlns=\"http:\/\/www.w3.org\/2000\/svg\" viewBox=\"0 0 1000 100\" preserveAspectRatio=\"none\">\n\t<path class=\"elementor-shape-fill\" d=\"M738,99l262-93V0H0v5.6L738,99z\"\/>\n<\/svg>\t\t<\/div>\n\t\t<div class=\"elementor-element elementor-element-82a878d e-con-full e-flex e-con e-child\" data-id=\"82a878d\" data-element_type=\"container\" data-e-type=\"container\">\n\t\t\t\t<div class=\"elementor-element elementor-element-71b2df4 elementor-widget elementor-widget-image\" data-id=\"71b2df4\" data-element_type=\"widget\" data-e-type=\"widget\" data-widget_type=\"image.default\">\n\t\t\t\t\t\t\t\t\t\t\t\t\t\t\t<img fetchpriority=\"high\" decoding=\"async\" width=\"800\" height=\"78\" src=\"https:\/\/driversfirst.eu\/wp-content\/uploads\/2025\/08\/UVBpMye0-1024x100.png\" class=\"attachment-large size-large wp-image-5448\" alt=\"\" srcset=\"https:\/\/driversfirst.eu\/wp-content\/uploads\/2025\/08\/UVBpMye0-1024x100.png 1024w, https:\/\/driversfirst.eu\/wp-content\/uploads\/2025\/08\/UVBpMye0-300x29.png 300w, https:\/\/driversfirst.eu\/wp-content\/uploads\/2025\/08\/UVBpMye0-768x75.png 768w, https:\/\/driversfirst.eu\/wp-content\/uploads\/2025\/08\/UVBpMye0-1536x150.png 1536w, https:\/\/driversfirst.eu\/wp-content\/uploads\/2025\/08\/UVBpMye0-2048x200.png 2048w\" sizes=\"(max-width: 800px) 100vw, 800px\" \/>\t\t\t\t\t\t\t\t\t\t\t\t\t\t\t<\/div>\n\t\t\t\t<div class=\"elementor-element elementor-element-8cc67ee elementor-view-default elementor-widget elementor-widget-icon\" data-id=\"8cc67ee\" data-element_type=\"widget\" data-e-type=\"widget\" data-widget_type=\"icon.default\">\n\t\t\t\t\t\t\t<div class=\"elementor-icon-wrapper\">\n\t\t\t<div class=\"elementor-icon\">\n\t\t\t<svg aria-hidden=\"true\" class=\"e-font-icon-svg e-fas-heart\" viewBox=\"0 0 512 512\" xmlns=\"http:\/\/www.w3.org\/2000\/svg\"><path d=\"M462.3 62.6C407.5 15.9 326 24.3 275.7 76.2L256 96.5l-19.7-20.3C186.1 24.3 104.5 15.9 49.7 62.6c-62.8 53.6-66.1 149.8-9.9 207.9l193.5 199.8c12.5 12.9 32.8 12.9 45.3 0l193.5-199.8c56.3-58.1 53-154.3-9.8-207.9z\"><\/path><\/svg>\t\t\t<\/div>\n\t\t<\/div>\n\t\t\t\t\t\t<\/div>\n\t\t\t\t<div class=\"elementor-element elementor-element-e00617d elementor-widget elementor-widget-image\" data-id=\"e00617d\" data-element_type=\"widget\" data-e-type=\"widget\" data-widget_type=\"image.default\">\n\t\t\t\t\t\t\t\t\t\t\t\t\t\t\t<img decoding=\"async\" width=\"800\" height=\"106\" src=\"https:\/\/driversfirst.eu\/wp-content\/uploads\/2026\/03\/rms-1-1024x136.png\" class=\"attachment-large size-large wp-image-7212\" alt=\"\" srcset=\"https:\/\/driversfirst.eu\/wp-content\/uploads\/2026\/03\/rms-1-1024x136.png 1024w, https:\/\/driversfirst.eu\/wp-content\/uploads\/2026\/03\/rms-1-300x40.png 300w, https:\/\/driversfirst.eu\/wp-content\/uploads\/2026\/03\/rms-1-768x102.png 768w, https:\/\/driversfirst.eu\/wp-content\/uploads\/2026\/03\/rms-1-1536x204.png 1536w, https:\/\/driversfirst.eu\/wp-content\/uploads\/2026\/03\/rms-1-2048x272.png 2048w\" sizes=\"(max-width: 800px) 100vw, 800px\" \/>\t\t\t\t\t\t\t\t\t\t\t\t\t\t\t<\/div>\n\t\t\t\t<div class=\"elementor-element elementor-element-19a57d3 animated-slow elementor-invisible elementor-widget elementor-widget-heading\" data-id=\"19a57d3\" data-element_type=\"widget\" data-e-type=\"widget\" data-settings=\"{&quot;_animation&quot;:&quot;slideInUp&quot;}\" data-widget_type=\"heading.default\">\n\t\t\t\t\t<h2 class=\"elementor-heading-title elementor-size-default\">Transportl\u012bdzek\u013cu pakalpojumi Drivers First st\u0101vviet\u0101s<\/h2>\t\t\t\t<\/div>\n\t\t\t\t<\/div>\n\t\t\t\t\t<\/div>\n\t\t\t\t<\/div>\n\t\t<div class=\"elementor-element elementor-element-f9611bc e-con-full e-flex e-con e-parent\" data-id=\"f9611bc\" data-element_type=\"container\" data-e-type=\"container\" data-settings=\"{&quot;background_background&quot;:&quot;classic&quot;}\">\n\t\t<div class=\"elementor-element elementor-element-b5bfa8b e-con-full e-flex e-con e-child\" data-id=\"b5bfa8b\" data-element_type=\"container\" data-e-type=\"container\" data-settings=\"{&quot;background_background&quot;:&quot;classic&quot;}\">\n\t\t\t\t<div class=\"elementor-element elementor-element-ffe3ba9 elementor-widget elementor-widget-html\" data-id=\"ffe3ba9\" data-element_type=\"widget\" data-e-type=\"widget\" data-widget_type=\"html.default\">\n\t\t\t\t\t<!DOCTYPE html><html lang=\"en\"><head><meta charset=\"UTF-8\"><meta name=\"viewport\" content=\"width=device-width, initial-scale=1.0\"><title>RMS Services<\/title><link href=\"https:\/\/fonts.googleapis.com\/css2?family=Roboto:wght@300;400;500;700&display=swap\" rel=\"stylesheet\"><style>body {\n    background: #111;\n    padding: 40px 24px;\n  }\n\n  .rms-grid {\n    display: grid;\n    grid-template-columns: repeat(3, 1fr);\n    gap: 1px;\n    background: rgba(255,255,255,0.1);\n    border: 1px solid rgba(255,255,255,0.1);\n    max-width: 1100px;\n    margin: 0 auto;\n    font-family: 'Roboto', sans-serif;\n  }\n\n  .rms-card {\n    background: transparent;\n    padding: 36px 28px 40px;\n    position: relative;\n    overflow: hidden;\n    border-top: 2px solid #e8431a;\n  }\n\n  .rms-icon {\n    width: 50px;\n    height: 50px;\n    border: 1px solid rgba(255,255,255,0.15);\n    border-radius: 4px;\n    display: flex;\n    align-items: center;\n    justify-content: center;\n    margin-bottom: 18px;\n    padding: 9px;\n  }\n\n  .rms-icon img {\n    width: 100%;\n    height: 100%;\n    object-fit: contain;\n  }\n\n  .rms-title {\n    font-size: 18px;\n    font-weight: 700;\n    letter-spacing: 0.12em;\n    text-transform: uppercase;\n    color: #ffffff;\n    margin-bottom: 10px;\n  }\n\n  .rms-text {\n    font-size: 17px;\n    font-weight: 300;\n    color: rgba(255,255,255,0.85);\n    line-height: 1.75;\n  }\n\n  .rms-num {\n    position: absolute;\n    bottom: 10px;\n    right: 16px;\n    font-size: 48px;\n    font-weight: 700;\n    color: rgba(255,255,255,0.04);\n    line-height: 1;\n    pointer-events: none;\n    user-select: none;\n  }\n\n  @media (max-width: 860px) {\n    .rms-grid { grid-template-columns: repeat(2, 1fr); }\n  }\n  @media (max-width: 520px) {\n    .rms-grid { grid-template-columns: 1fr; }\n    .rms-card { padding: 26px 20px 36px; }\n  }\n<\/style><\/head><body><div class=\"rms-grid\"><div class=\"rms-card\"><div class=\"rms-icon\"><img decoding=\"async\" src=\"https:\/\/driversfirst.eu\/wp-content\/uploads\/2026\/03\/Dack_vit.svg\" alt=\"Tyres\"><\/div><div class=\"rms-title\">Tyres<\/div><p class=\"rms-text\">Take a break in our lounge while RMS handles your tyre needs \u2014 inspection, replacement, or repair. We stock approximately 15 duplicates of the most common sizes. Enjoy coffee, snacks, restrooms, and Wi-Fi while your truck is taken care of.<\/p><div class=\"rms-num\">01<\/div><\/div><div class=\"rms-card\"><div class=\"rms-icon\"><img decoding=\"async\" src=\"https:\/\/driversfirst.eu\/wp-content\/uploads\/2026\/04\/Olja_vi.svg\" alt=\"Fluids\"><\/div><div class=\"rms-title\">Fluids<\/div><p class=\"rms-text\">Keep your truck running at peak performance with our full range of fluids. We stock Motor Oil, Hydraulic Oil, ATF Oil, Pre-mixed Coolant, Pre-mixed Screen Wash, Antifreeze, AdBlue, and more \u2014 all available on-site so you never have to make a detour.<\/p><div class=\"rms-num\">02<\/div><\/div><div class=\"rms-card\"><div class=\"rms-icon\"><img decoding=\"async\" src=\"https:\/\/driversfirst.eu\/wp-content\/uploads\/2026\/04\/Luft_2_vit.svg\" alt=\"Air & Brakes\"><\/div><div class=\"rms-title\">Air &amp; Brakes<\/div><p class=\"rms-text\">From air couplings in rubber, plastic, and brass, to stainless hose clamps, trailer couplings, spiral hoses, DuoMatik components, brake hoses, air bellows, and brake calipers \u2014 everything needed to keep your rig safe and compliant.<\/p><div class=\"rms-num\">03<\/div><\/div><div class=\"rms-card\"><div class=\"rms-icon\"><img decoding=\"async\" src=\"https:\/\/driversfirst.eu\/wp-content\/uploads\/2026\/04\/Batteri_vit.svg\" alt=\"Electrics\"><\/div><div class=\"rms-title\">Electrics<\/div><p class=\"rms-text\">Electrical issues don't have to mean long delays. We stock lighting cables, EBS cables, VBG14p lighting for truck and trailer, NATO charging cables, charging gloves, EBS plugs, fuses, bulbs, complete rear light assemblies, side markers, and more.<\/p><div class=\"rms-num\">04<\/div><\/div><div class=\"rms-card\"><div class=\"rms-icon\"><img decoding=\"async\" src=\"https:\/\/driversfirst.eu\/wp-content\/uploads\/2026\/04\/Hydraulik2_vit.svg\" alt=\"Hydraulics\"><\/div><div class=\"rms-title\">Hydraulics<\/div><p class=\"rms-text\">RMS services hydraulic systems including tail lift hoses and related components, ensuring your lifting and loading equipment stays fully operational and safe to use \u2014 minimising downtime at the loading bay.<\/p><div class=\"rms-num\">05<\/div><\/div><div class=\"rms-card\"><div class=\"rms-icon\"><img decoding=\"async\" src=\"https:\/\/driversfirst.eu\/wp-content\/uploads\/2026\/04\/Mekaniker_vit.svg\" alt=\"Other\"><\/div><div class=\"rms-title\">Other<\/div><p class=\"rms-text\">Need something beyond the usual? We carry 4-ton strapping bands, wheel chocks, complete broom sets, manoeuvring poles, fire extinguishers, wiper blades, and cab repair kits \u2014 the essentials every driver should have access to on the road.<\/p><div class=\"rms-num\">06<\/div><\/div><\/div><\/body><\/html>\t\t\t\t<\/div>\n\t\t\t\t<\/div>\n\t\t\t\t<\/div>\n\t\t<div class=\"elementor-element elementor-element-333db14 e-flex e-con-boxed e-con e-parent\" data-id=\"333db14\" data-element_type=\"container\" data-e-type=\"container\" data-settings=\"{&quot;background_background&quot;:&quot;gradient&quot;}\">\n\t\t\t\t\t<div class=\"e-con-inner\">\n\t\t\t\t<div class=\"elementor-element elementor-element-747c94d elementor-widget elementor-widget-heading\" data-id=\"747c94d\" data-element_type=\"widget\" data-e-type=\"widget\" data-widget_type=\"heading.default\">\n\t\t\t\t\t<h2 class=\"elementor-heading-title elementor-size-default\">Zvaniet, lai sa\u0146emtu pakalpojumus uz vietas<\/h2>\t\t\t\t<\/div>\n\t\t\t\t<div class=\"elementor-element elementor-element-285a95f elementor-position-left elementor-vertical-align-middle elementor-widget elementor-widget-image-box\" data-id=\"285a95f\" data-element_type=\"widget\" data-e-type=\"widget\" data-widget_type=\"image-box.default\">\n\t\t\t\t\t<div class=\"elementor-image-box-wrapper\"><figure class=\"elementor-image-box-img\"><img decoding=\"async\" width=\"1\" height=\"1\" src=\"https:\/\/driversfirst.eu\/wp-content\/uploads\/2026\/03\/Telefon_vit.svg\" class=\"attachment-full size-full wp-image-7359\" alt=\"\" \/><\/figure><div class=\"elementor-image-box-content\"><h3 class=\"elementor-image-box-title\">+46 75 75 75 909<\/h3><\/div><\/div>\t\t\t\t<\/div>\n\t\t\t\t<div class=\"elementor-element elementor-element-6823d70 elementor-widget elementor-widget-text-editor\" data-id=\"6823d70\" data-element_type=\"widget\" data-e-type=\"widget\" data-widget_type=\"text-editor.default\">\n\t\t\t\t\t\t\t\t\t<h2 data-start=\"159\" data-end=\"197\">Transportl\u012bdzek\u013cu pakalpojumi Drivers First<\/h2><p data-start=\"199\" data-end=\"443\">Uz\u0146\u0113mum\u0101 Drivers First m\u0113s padar\u0101m profesion\u0101lu vad\u012bt\u0101ju ikdienas darbu dro\u0161\u0101ku, \u0113rt\u0101ku un efekt\u012bv\u0101ku. Sadarb\u012bb\u0101 ar RMS m\u0113s tagad pied\u0101v\u0101jam pla\u0161u transportl\u012bdzek\u013cu pakalpojumu kl\u0101stu uz vietas m\u016bsu modernaj\u0101s, dro\u0161aj\u0101s atp\u016btas zon\u0101s <strong data-start=\"416\" data-end=\"440\">Malm\u0113 un Eskilst\u016bn\u0101<\/strong>. <\/p><p data-start=\"445\" data-end=\"634\">Kam\u0113r j\u016bsu kravas automa\u0161\u012bna ir novietota likum\u0101 noteiktajiem atp\u016btas p\u0101rtraukumiem, j\u016bs varat izmantot \u0113rtus apkopes un remonta pakalpojumus, ietaupot laiku un uzlabojot dro\u0161\u012bbu. M\u016bsu pakalpojumi ietver: <\/p><ul data-start=\"636\" data-end=\"794\"><li data-start=\"636\" data-end=\"679\"><p data-start=\"638\" data-end=\"679\">Regul\u0101ras transportl\u012bdzek\u013cu apkopes un p\u0101rbaudes<\/p><\/li><li data-start=\"680\" data-end=\"713\"><p data-start=\"682\" data-end=\"713\">Riepu mai\u0146a un atjauno\u0161ana<\/p><\/li><li data-start=\"714\" data-end=\"740\"><p data-start=\"716\" data-end=\"740\">Brem\u017eu un \u0161\u0137idrumu p\u0101rbaudes<\/p><\/li><li data-start=\"741\" data-end=\"794\"><p data-start=\"743\" data-end=\"794\">Nelieli remontdarbi, lai nodro\u0161in\u0101tu vienm\u0113r\u012bgu kravas automa\u0161\u012bnas darb\u012bbu<\/p><\/li><\/ul><p data-start=\"796\" data-end=\"853\"><strong data-start=\"796\" data-end=\"851\">K\u0101p\u0113c izv\u0113l\u0113ties Drivers First savu transportl\u012bdzek\u013cu apkopei?<\/strong><\/p><ul data-start=\"855\" data-end=\"1331\"><li data-start=\"855\" data-end=\"973\"><p data-start=\"857\" data-end=\"973\"><strong data-start=\"857\" data-end=\"876\">Laika zi\u0146\u0101 efekt\u012bvi:<\/strong> apkope tiek veikta, kam\u0113r j\u016bs atp\u016b\u0161aties, lai j\u016bs var\u0113tu turpin\u0101t ce\u013cu bez papildu apst\u0101\u0161an\u0101s.<\/p><\/li><li data-start=\"974\" data-end=\"1078\"><p data-start=\"976\" data-end=\"1078\"><strong data-start=\"976\" data-end=\"996\">Dro\u0161i un uzticami:<\/strong> pakalpojumi tiek sniegti m\u016bsu dro\u0161aj\u0101s, modernaj\u0101s atp\u016btas zon\u0101s, sniedzot jums sirdsmieru.<\/p><\/li><li data-start=\"1079\" data-end=\"1189\"><p data-start=\"1081\" data-end=\"1189\"><strong data-start=\"1081\" data-end=\"1103\">Profesion\u0101las r\u016bpes:<\/strong> pieredz\u0113ju\u0161i RMS tehni\u0137i nodro\u0161ina, ka j\u016bsu transportl\u012bdzeklis atbilst augst\u0101kajiem dro\u0161\u012bbas standartiem.<\/p><\/li><li data-start=\"1190\" data-end=\"1331\"><p data-start=\"1192\" data-end=\"1331\"><strong data-start=\"1192\" data-end=\"1217\">\u0112rtas atra\u0161an\u0101s vietas:<\/strong> pieejami m\u016bsu objektos Malm\u0113 un Eskilst\u016bn\u0101, kas strat\u0113\u0123iski izvietoti gar Zviedrijas noslogot\u0101kajiem transporta mar\u0161rutiem.<\/p><\/li><\/ul><p data-start=\"1333\" data-end=\"1472\">M\u016bsu m\u0113r\u0137is ir vienk\u0101r\u0161s: p\u0101rv\u0113rst nepiecie\u0161amo d\u012bkst\u0101vi produkt\u012bv\u0101 laik\u0101, uzturot j\u016bsu transportl\u012bdzekli teicam\u0101 st\u0101vokl\u012b un atvieglojot j\u016bsu darba dienu.<\/p><p data-start=\"1474\" data-end=\"1549\"><strong data-start=\"1410\" data-end=\"1467\">Rezerv\u0113jiet pakalpojumu pa t\u0101lruni jau \u0161odien, zvanot uz +46 75 75 75 909.<\/strong><br data-start=\"1467\" data-end=\"1470\"><em data-start=\"1470\" data-end=\"1548\">Drivers First un Road Mobility Services sadarb\u012bbas ietvaros.<\/em><\/p>\t\t\t\t\t\t\t\t<\/div>\n\t\t\t\t\t<\/div>\n\t\t\t\t<\/div>\n\t\t\t\t<\/div>\n\t\t","protected":false},"excerpt":{"rendered":"<p>Transportl\u012bdzek\u013cu pakalpojumi Drivers First st\u0101vviet\u0101s RMS Services Tyres Take a break in our lounge while RMS handles your tyre needs \u2014 inspection, replacement, or repair. We stock approximately 15 duplicates of the most common sizes. Enjoy coffee, snacks, restrooms, and Wi-Fi while your truck is taken care of. 01Fluids Keep your truck running at peak [&hellip;]<\/p>\n","protected":false},"author":1,"featured_media":0,"parent":0,"menu_order":0,"comment_status":"closed","ping_status":"closed","template":"","meta":{"inline_featured_image":false,"footnotes":""},"class_list":["post-7554","page","type-page","status-publish","hentry"],"yoast_head":"<!-- This site is optimized with the Yoast SEO plugin v27.4 - https:\/\/yoast.com\/product\/yoast-seo-wordpress\/ -->\n<title>Road Mobility Services - Drivers First Security Parking<\/title>\n<meta name=\"robots\" content=\"index, follow, max-snippet:-1, max-image-preview:large, max-video-preview:-1\" \/>\n<link rel=\"canonical\" href=\"https:\/\/driversfirst.eu\/lv\/road-mobility-services\/\" \/>\n<meta property=\"og:locale\" content=\"lv_LV\" \/>\n<meta property=\"og:type\" content=\"article\" \/>\n<meta property=\"og:title\" content=\"Road Mobility Services - Drivers First Security Parking\" \/>\n<meta property=\"og:description\" content=\"Transportl\u012bdzek\u013cu pakalpojumi Drivers First st\u0101vviet\u0101s RMS Services Tyres Take a break in our lounge while RMS handles your tyre needs \u2014 inspection, replacement, or repair. We stock approximately 15 duplicates of the most common sizes. Enjoy coffee, snacks, restrooms, and Wi-Fi while your truck is taken care of. 01Fluids Keep your truck running at peak [&hellip;]\" \/>\n<meta property=\"og:url\" content=\"https:\/\/driversfirst.eu\/lv\/road-mobility-services\/\" \/>\n<meta property=\"og:site_name\" content=\"Drivers First Security Parking\" \/>\n<meta property=\"article:publisher\" content=\"https:\/\/www.facebook.com\/p\/Drivers-First-61558688551720\/\" \/>\n<meta property=\"article:modified_time\" content=\"2026-04-14T10:03:09+00:00\" \/>\n<meta property=\"og:image\" content=\"https:\/\/driversfirst.eu\/wp-content\/uploads\/2025\/08\/UVBpMye0.png\" \/>\n\t<meta property=\"og:image:width\" content=\"2084\" \/>\n\t<meta property=\"og:image:height\" content=\"204\" \/>\n\t<meta property=\"og:image:type\" content=\"image\/png\" \/>\n<meta name=\"twitter:card\" content=\"summary_large_image\" \/>\n<meta name=\"twitter:label1\" content=\"Est. reading time\" \/>\n\t<meta name=\"twitter:data1\" content=\"3 minutes\" \/>\n<script type=\"application\/ld+json\" class=\"yoast-schema-graph\">{\"@context\":\"https:\\\/\\\/schema.org\",\"@graph\":[{\"@type\":\"WebPage\",\"@id\":\"https:\\\/\\\/driversfirst.eu\\\/lv\\\/road-mobility-services\\\/\",\"url\":\"https:\\\/\\\/driversfirst.eu\\\/lv\\\/road-mobility-services\\\/\",\"name\":\"Road Mobility Services - Drivers First Security Parking\",\"isPartOf\":{\"@id\":\"https:\\\/\\\/driversfirst.eu\\\/lv\\\/#website\"},\"primaryImageOfPage\":{\"@id\":\"https:\\\/\\\/driversfirst.eu\\\/lv\\\/road-mobility-services\\\/#primaryimage\"},\"image\":{\"@id\":\"https:\\\/\\\/driversfirst.eu\\\/lv\\\/road-mobility-services\\\/#primaryimage\"},\"thumbnailUrl\":\"https:\\\/\\\/driversfirst.eu\\\/wp-content\\\/uploads\\\/2025\\\/08\\\/UVBpMye0-1024x100.png\",\"datePublished\":\"2026-03-04T08:06:26+00:00\",\"dateModified\":\"2026-04-14T10:03:09+00:00\",\"breadcrumb\":{\"@id\":\"https:\\\/\\\/driversfirst.eu\\\/lv\\\/road-mobility-services\\\/#breadcrumb\"},\"inLanguage\":\"lv-LV\",\"potentialAction\":[{\"@type\":\"ReadAction\",\"target\":[\"https:\\\/\\\/driversfirst.eu\\\/lv\\\/road-mobility-services\\\/\"]}]},{\"@type\":\"ImageObject\",\"inLanguage\":\"lv-LV\",\"@id\":\"https:\\\/\\\/driversfirst.eu\\\/lv\\\/road-mobility-services\\\/#primaryimage\",\"url\":\"https:\\\/\\\/driversfirst.eu\\\/wp-content\\\/uploads\\\/2025\\\/08\\\/UVBpMye0-1024x100.png\",\"contentUrl\":\"https:\\\/\\\/driversfirst.eu\\\/wp-content\\\/uploads\\\/2025\\\/08\\\/UVBpMye0-1024x100.png\"},{\"@type\":\"BreadcrumbList\",\"@id\":\"https:\\\/\\\/driversfirst.eu\\\/lv\\\/road-mobility-services\\\/#breadcrumb\",\"itemListElement\":[{\"@type\":\"ListItem\",\"position\":1,\"name\":\"S\u0101kums\",\"item\":\"https:\\\/\\\/driversfirst.eu\\\/lv\\\/\"},{\"@type\":\"ListItem\",\"position\":2,\"name\":\"Road Mobility Services\"}]},{\"@type\":\"WebSite\",\"@id\":\"https:\\\/\\\/driversfirst.eu\\\/lv\\\/#website\",\"url\":\"https:\\\/\\\/driversfirst.eu\\\/lv\\\/\",\"name\":\"Drivers First Security Parking\",\"description\":\"Secure full service truck stops\",\"publisher\":{\"@id\":\"https:\\\/\\\/driversfirst.eu\\\/lv\\\/#organization\"},\"potentialAction\":[{\"@type\":\"SearchAction\",\"target\":{\"@type\":\"EntryPoint\",\"urlTemplate\":\"https:\\\/\\\/driversfirst.eu\\\/lv\\\/?s={search_term_string}\"},\"query-input\":{\"@type\":\"PropertyValueSpecification\",\"valueRequired\":true,\"valueName\":\"search_term_string\"}}],\"inLanguage\":\"lv-LV\"},{\"@type\":\"Organization\",\"@id\":\"https:\\\/\\\/driversfirst.eu\\\/lv\\\/#organization\",\"name\":\"Drivers First Security Parking\",\"alternateName\":\"Vad\u012bt\u0101jiem \u2013 priorit\u0101te\",\"url\":\"https:\\\/\\\/driversfirst.eu\\\/lv\\\/\",\"logo\":{\"@type\":\"ImageObject\",\"inLanguage\":\"lv-LV\",\"@id\":\"https:\\\/\\\/driversfirst.eu\\\/lv\\\/#\\\/schema\\\/logo\\\/image\\\/\",\"url\":\"https:\\\/\\\/driversfirst.eu\\\/wp-content\\\/uploads\\\/2025\\\/08\\\/drivers-first-security-parking-scaled.png\",\"contentUrl\":\"https:\\\/\\\/driversfirst.eu\\\/wp-content\\\/uploads\\\/2025\\\/08\\\/drivers-first-security-parking-scaled.png\",\"width\":2560,\"height\":490,\"caption\":\"Drivers First Security Parking\"},\"image\":{\"@id\":\"https:\\\/\\\/driversfirst.eu\\\/lv\\\/#\\\/schema\\\/logo\\\/image\\\/\"},\"sameAs\":[\"https:\\\/\\\/www.facebook.com\\\/p\\\/Drivers-First-61558688551720\\\/\",\"https:\\\/\\\/www.linkedin.com\\\/company\\\/driversfirst\"]}]}<\/script>\n<!-- \/ Yoast SEO plugin. -->","yoast_head_json":{"title":"Road Mobility Services - Drivers First Security Parking","robots":{"index":"index","follow":"follow","max-snippet":"max-snippet:-1","max-image-preview":"max-image-preview:large","max-video-preview":"max-video-preview:-1"},"canonical":"https:\/\/driversfirst.eu\/lv\/road-mobility-services\/","og_locale":"lv_LV","og_type":"article","og_title":"Road Mobility Services - Drivers First Security Parking","og_description":"Transportl\u012bdzek\u013cu pakalpojumi Drivers First st\u0101vviet\u0101s RMS Services Tyres Take a break in our lounge while RMS handles your tyre needs \u2014 inspection, replacement, or repair. We stock approximately 15 duplicates of the most common sizes. Enjoy coffee, snacks, restrooms, and Wi-Fi while your truck is taken care of. 01Fluids Keep your truck running at peak [&hellip;]","og_url":"https:\/\/driversfirst.eu\/lv\/road-mobility-services\/","og_site_name":"Drivers First Security Parking","article_publisher":"https:\/\/www.facebook.com\/p\/Drivers-First-61558688551720\/","article_modified_time":"2026-04-14T10:03:09+00:00","og_image":[{"width":2084,"height":204,"url":"https:\/\/driversfirst.eu\/wp-content\/uploads\/2025\/08\/UVBpMye0.png","type":"image\/png"}],"twitter_card":"summary_large_image","twitter_misc":{"Est. reading time":"3 minutes"},"schema":{"@context":"https:\/\/schema.org","@graph":[{"@type":"WebPage","@id":"https:\/\/driversfirst.eu\/lv\/road-mobility-services\/","url":"https:\/\/driversfirst.eu\/lv\/road-mobility-services\/","name":"Road Mobility Services - Drivers First Security Parking","isPartOf":{"@id":"https:\/\/driversfirst.eu\/lv\/#website"},"primaryImageOfPage":{"@id":"https:\/\/driversfirst.eu\/lv\/road-mobility-services\/#primaryimage"},"image":{"@id":"https:\/\/driversfirst.eu\/lv\/road-mobility-services\/#primaryimage"},"thumbnailUrl":"https:\/\/driversfirst.eu\/wp-content\/uploads\/2025\/08\/UVBpMye0-1024x100.png","datePublished":"2026-03-04T08:06:26+00:00","dateModified":"2026-04-14T10:03:09+00:00","breadcrumb":{"@id":"https:\/\/driversfirst.eu\/lv\/road-mobility-services\/#breadcrumb"},"inLanguage":"lv-LV","potentialAction":[{"@type":"ReadAction","target":["https:\/\/driversfirst.eu\/lv\/road-mobility-services\/"]}]},{"@type":"ImageObject","inLanguage":"lv-LV","@id":"https:\/\/driversfirst.eu\/lv\/road-mobility-services\/#primaryimage","url":"https:\/\/driversfirst.eu\/wp-content\/uploads\/2025\/08\/UVBpMye0-1024x100.png","contentUrl":"https:\/\/driversfirst.eu\/wp-content\/uploads\/2025\/08\/UVBpMye0-1024x100.png"},{"@type":"BreadcrumbList","@id":"https:\/\/driversfirst.eu\/lv\/road-mobility-services\/#breadcrumb","itemListElement":[{"@type":"ListItem","position":1,"name":"S\u0101kums","item":"https:\/\/driversfirst.eu\/lv\/"},{"@type":"ListItem","position":2,"name":"Road Mobility Services"}]},{"@type":"WebSite","@id":"https:\/\/driversfirst.eu\/lv\/#website","url":"https:\/\/driversfirst.eu\/lv\/","name":"Drivers First Security Parking","description":"Secure full service truck stops","publisher":{"@id":"https:\/\/driversfirst.eu\/lv\/#organization"},"potentialAction":[{"@type":"SearchAction","target":{"@type":"EntryPoint","urlTemplate":"https:\/\/driversfirst.eu\/lv\/?s={search_term_string}"},"query-input":{"@type":"PropertyValueSpecification","valueRequired":true,"valueName":"search_term_string"}}],"inLanguage":"lv-LV"},{"@type":"Organization","@id":"https:\/\/driversfirst.eu\/lv\/#organization","name":"Drivers First Security Parking","alternateName":"Vad\u012bt\u0101jiem \u2013 priorit\u0101te","url":"https:\/\/driversfirst.eu\/lv\/","logo":{"@type":"ImageObject","inLanguage":"lv-LV","@id":"https:\/\/driversfirst.eu\/lv\/#\/schema\/logo\/image\/","url":"https:\/\/driversfirst.eu\/wp-content\/uploads\/2025\/08\/drivers-first-security-parking-scaled.png","contentUrl":"https:\/\/driversfirst.eu\/wp-content\/uploads\/2025\/08\/drivers-first-security-parking-scaled.png","width":2560,"height":490,"caption":"Drivers First Security Parking"},"image":{"@id":"https:\/\/driversfirst.eu\/lv\/#\/schema\/logo\/image\/"},"sameAs":["https:\/\/www.facebook.com\/p\/Drivers-First-61558688551720\/","https:\/\/www.linkedin.com\/company\/driversfirst"]}]}},"_links":{"self":[{"href":"https:\/\/driversfirst.eu\/lv\/wp-json\/wp\/v2\/pages\/7554","targetHints":{"allow":["GET"]}}],"collection":[{"href":"https:\/\/driversfirst.eu\/lv\/wp-json\/wp\/v2\/pages"}],"about":[{"href":"https:\/\/driversfirst.eu\/lv\/wp-json\/wp\/v2\/types\/page"}],"author":[{"embeddable":true,"href":"https:\/\/driversfirst.eu\/lv\/wp-json\/wp\/v2\/users\/1"}],"replies":[{"embeddable":true,"href":"https:\/\/driversfirst.eu\/lv\/wp-json\/wp\/v2\/comments?post=7554"}],"version-history":[{"count":5,"href":"https:\/\/driversfirst.eu\/lv\/wp-json\/wp\/v2\/pages\/7554\/revisions"}],"predecessor-version":[{"id":8107,"href":"https:\/\/driversfirst.eu\/lv\/wp-json\/wp\/v2\/pages\/7554\/revisions\/8107"}],"wp:attachment":[{"href":"https:\/\/driversfirst.eu\/lv\/wp-json\/wp\/v2\/media?parent=7554"}],"curies":[{"name":"wp","href":"https:\/\/api.w.org\/{rel}","templated":true}]}}