{"id":5194,"date":"2025-08-19T21:08:17","date_gmt":"2025-08-19T19:08:17","guid":{"rendered":"https:\/\/driversfirst.eu\/kontakti\/"},"modified":"2026-04-23T15:09:27","modified_gmt":"2026-04-23T13:09:27","slug":"kontakti","status":"publish","type":"page","link":"https:\/\/driversfirst.eu\/lv\/kontakti\/","title":{"rendered":"Kontakti"},"content":{"rendered":"\t\t<div data-elementor-type=\"wp-page\" data-elementor-id=\"5194\" class=\"elementor elementor-5194 elementor-971\" data-elementor-post-type=\"page\">\n\t\t\t\t<div class=\"elementor-element elementor-element-564acfc e-flex e-con-boxed e-con e-parent\" data-id=\"564acfc\" data-element_type=\"container\" data-e-type=\"container\">\n\t\t\t\t\t<div class=\"e-con-inner\">\n\t\t\t\t<div class=\"elementor-element elementor-element-4fc9ec7 elementor-widget elementor-widget-heading\" data-id=\"4fc9ec7\" data-element_type=\"widget\" data-e-type=\"widget\" data-widget_type=\"heading.default\">\n\t\t\t\t\t<h1 class=\"elementor-heading-title elementor-size-default\">Kontakti<\/h1>\t\t\t\t<\/div>\n\t\t\t\t\t<\/div>\n\t\t\t\t<\/div>\n\t\t<div class=\"elementor-element elementor-element-76bac89 e-flex e-con-boxed e-con e-parent\" data-id=\"76bac89\" data-element_type=\"container\" data-e-type=\"container\" data-settings=\"{&quot;background_background&quot;:&quot;classic&quot;}\">\n\t\t\t\t\t<div class=\"e-con-inner\">\n\t\t<div class=\"elementor-element elementor-element-d2cabbf e-con-full e-flex e-con e-child\" data-id=\"d2cabbf\" data-element_type=\"container\" data-e-type=\"container\" data-settings=\"{&quot;background_background&quot;:&quot;classic&quot;}\">\n\t\t\t\t<div class=\"elementor-element elementor-element-5d69d8f elementor-widget elementor-widget-text-editor\" data-id=\"5d69d8f\" data-element_type=\"widget\" data-e-type=\"widget\" data-widget_type=\"text-editor.default\">\n\t\t\t\t\t\t\t\t\t<h3 class=\"wp-block-heading has-primary-color has-text-color has-link-color wp-elements-cc8d49fc4fc400b46ba63a2140959792\"><strong>M\u0113s ceram ar Jums sazin\u0101ties<\/strong><\/h3><p>Vai Jums ir jaut\u0101jumi vai v\u0113laties uzzin\u0101t vair\u0101k par Drivers First? Sazinieties ar mums pa e-pastu <a href=\"mailto:info@driversfirst.eu\">info@driversfirst.eu<\/a>. M\u0113s ceram Jums pal\u012bdz\u0113t un atbild\u0113t uz visiem J\u016bsu jaut\u0101jumiem.  <\/p><p>Lai ieg\u016btu vair\u0101k inform\u0101cijas par vad\u012bbu, partner\u012bbu vai invest\u012bciju iesp\u0113j\u0101m, apmekl\u0113jiet vietni <a href=\"https:\/\/mobilityfirst.eu\" target=\"_blank\" rel=\"noopener\">mobilityfirst.eu<\/a><\/p><h5>Vai jums ir nepiecie\u0161ams PVN r\u0113\u0137ins par j\u016bsu autost\u0101vvietas maks\u0101jumu?<\/h5><p>Izmantojiet m\u016bsu pa\u0161apkalpo\u0161an\u0101s r\u012bku: <a class=\"underline underline underline-offset-2 decoration-1 decoration-current\/40 hover:decoration-current focus:decoration-current\" href=\"https:\/\/driversfirst.eu\/vat-invoice\/\" target=\"_blank\" rel=\"noopener\">https:\/\/driversfirst.eu\/vat-invoice\/<\/a><\/p>\t\t\t\t\t\t\t\t<\/div>\n\t\t\t\t<div class=\"elementor-element elementor-element-888d45b elementor-widget elementor-widget-text-editor\" data-id=\"888d45b\" data-element_type=\"widget\" data-e-type=\"widget\" data-widget_type=\"text-editor.default\">\n\t\t\t\t\t\t\t\t\t<h3 class=\"wp-block-heading has-primary-color has-text-color has-link-color wp-elements-cc8d49fc4fc400b46ba63a2140959792\"><strong>Pievienojieties m\u016bsu jaunumiem<\/strong><\/h3><p>Abon\u0113jiet m\u016bsu jaunumus, lai sa\u0146emtu jaun\u0101k\u0101s zi\u0146as, pazi\u0146ojumus par uzs\u0101k\u0161anu un ekskluz\u012bvus atjaunin\u0101jumus.<\/p>\t\t\t\t\t\t\t\t<\/div>\n\t\t\t\t<div class=\"elementor-element elementor-element-9759eca elementor-button-align-center elementor-widget elementor-widget-form\" data-id=\"9759eca\" data-element_type=\"widget\" data-e-type=\"widget\" data-settings=\"{&quot;step_next_label&quot;:&quot;N\\u0101kamais&quot;,&quot;step_previous_label&quot;:&quot;Iepriek\\u0161\\u0113jais&quot;,&quot;button_width&quot;:&quot;40&quot;,&quot;step_type&quot;:&quot;number_text&quot;,&quot;step_icon_shape&quot;:&quot;circle&quot;}\" data-widget_type=\"form.default\">\n\t\t\t\t\t\t\t<form class=\"elementor-form\" method=\"post\" name=\"Jaunumi\" aria-label=\"Jaunumi\">\n\t\t\t<input type=\"hidden\" name=\"post_id\" value=\"5194\"\/>\n\t\t\t<input type=\"hidden\" name=\"form_id\" value=\"9759eca\"\/>\n\t\t\t<input type=\"hidden\" name=\"referer_title\" value=\"Kontakti - Drivers First Security Parking\" \/>\n\n\t\t\t\t\t\t\t<input type=\"hidden\" name=\"queried_id\" value=\"5194\"\/>\n\t\t\t\n\t\t\t<div class=\"elementor-form-fields-wrapper elementor-labels-\">\n\t\t\t\t\t\t\t\t<div class=\"elementor-field-type-email elementor-field-group elementor-column elementor-field-group-email elementor-col-60 elementor-field-required\">\n\t\t\t\t\t\t\t\t\t\t\t\t<label for=\"form-field-email\" class=\"elementor-field-label elementor-screen-only\">\n\t\t\t\t\t\t\t\tE-pasts\t\t\t\t\t\t\t<\/label>\n\t\t\t\t\t\t\t\t\t\t\t\t\t\t<input size=\"1\" type=\"email\" name=\"form_fields[email]\" id=\"form-field-email\" class=\"elementor-field elementor-size-sm  elementor-field-textual\" placeholder=\"E-pasts\" required=\"required\">\n\t\t\t\t\t\t\t\t\t\t\t<\/div>\n\t\t\t\t\t\t\t\t<div class=\"elementor-field-group elementor-column elementor-field-type-submit elementor-col-40 e-form__buttons\">\n\t\t\t\t\t<button class=\"elementor-button elementor-size-sm\" type=\"submit\">\n\t\t\t\t\t\t<span class=\"elementor-button-content-wrapper\">\n\t\t\t\t\t\t\t\t\t\t\t\t\t\t\t\t\t\t\t\t\t\t<span class=\"elementor-button-text\">Abon\u0113t <\/span>\n\t\t\t\t\t\t\t\t\t\t\t\t\t<\/span>\n\t\t\t\t\t<\/button>\n\t\t\t\t<\/div>\n\t\t\t<\/div>\n\t\t<\/form>\n\t\t\t\t\t\t<\/div>\n\t\t\t\t<\/div>\n\t\t<div class=\"elementor-element elementor-element-6988278 e-con-full e-flex e-con e-child\" data-id=\"6988278\" data-element_type=\"container\" data-e-type=\"container\" data-settings=\"{&quot;background_background&quot;:&quot;classic&quot;}\">\n\t\t\t\t<div class=\"elementor-element elementor-element-7b675ff elementor-widget elementor-widget-text-editor\" data-id=\"7b675ff\" data-element_type=\"widget\" data-e-type=\"widget\" data-widget_type=\"text-editor.default\">\n\t\t\t\t\t\t\t\t\t<h3 class=\"wp-block-heading has-primary-color has-text-color has-link-color wp-elements-cc8d49fc4fc400b46ba63a2140959792\"><a href=\"mailto:info@driversfirst.eu\">info@driversfirst.eu<\/a><\/h3><p>Lai ieg\u016btu kontaktinform\u0101ciju par konkr\u0113tu atra\u0161an\u0101s vietu, l\u016bdzu, skatiet katras atra\u0161an\u0101s vietas atsevi\u0161\u0137u lapu<\/p>\t\t\t\t\t\t\t\t<\/div>\n\t\t\t\t<div class=\"elementor-element elementor-element-14f1abc elementor-align-center elementor-widget elementor-widget-button\" data-id=\"14f1abc\" data-element_type=\"widget\" data-e-type=\"widget\" data-widget_type=\"button.default\">\n\t\t\t\t\t\t\t\t\t\t<a class=\"elementor-button elementor-button-link elementor-size-sm\" href=\"https:\/\/driversfirst.eu\/lv\/musu-atrasanas-vietas\/\">\n\t\t\t\t\t\t<span class=\"elementor-button-content-wrapper\">\n\t\t\t\t\t\t<span class=\"elementor-button-icon\">\n\t\t\t\t<svg aria-hidden=\"true\" class=\"e-font-icon-svg e-fas-location-arrow\" viewBox=\"0 0 512 512\" xmlns=\"http:\/\/www.w3.org\/2000\/svg\"><path d=\"M444.52 3.52L28.74 195.42c-47.97 22.39-31.98 92.75 19.19 92.75h175.91v175.91c0 51.17 70.36 67.17 92.75 19.19l191.9-415.78c15.99-38.39-25.59-79.97-63.97-63.97z\"><\/path><\/svg>\t\t\t<\/span>\n\t\t\t\t\t\t\t\t\t<span class=\"elementor-button-text\">M\u016bsu atra\u0161an\u0101s vietas<\/span>\n\t\t\t\t\t<\/span>\n\t\t\t\t\t<\/a>\n\t\t\t\t\t\t\t\t<\/div>\n\t\t\t\t<\/div>\n\t\t\t\t\t<\/div>\n\t\t\t\t<\/div>\n\t\t\t\t<\/div>\n\t\t","protected":false},"excerpt":{"rendered":"<p>M\u0113s ceram ar Jums sazin\u0101ties Vai Jums ir jaut\u0101jumi vai v\u0113laties uzzin\u0101t vair\u0101k par Drivers First? Sazinieties ar mums pa e-pastu info@driversfirst.eu. M\u0113s ceram Jums pal\u012bdz\u0113t un atbild\u0113t uz visiem J\u016bsu jaut\u0101jumiem. Lai ieg\u016btu vair\u0101k inform\u0101cijas par vad\u012bbu, partner\u012bbu vai invest\u012bciju iesp\u0113j\u0101m, apmekl\u0113jiet vietni mobilityfirst.eu Vai jums ir nepiecie\u0161ams PVN r\u0113\u0137ins par j\u016bsu autost\u0101vvietas maks\u0101jumu? [&hellip;]<\/p>\n","protected":false},"author":1,"featured_media":0,"parent":0,"menu_order":0,"comment_status":"closed","ping_status":"closed","template":"elementor_header_footer","meta":{"inline_featured_image":false,"footnotes":""},"class_list":["post-5194","page","type-page","status-publish","hentry"],"yoast_head":"<!-- This site is optimized with the Yoast SEO plugin v27.4 - https:\/\/yoast.com\/product\/yoast-seo-wordpress\/ -->\n<title>Kontakti - Drivers First Security Parking<\/title>\n<meta name=\"robots\" content=\"index, follow, max-snippet:-1, max-image-preview:large, max-video-preview:-1\" \/>\n<link rel=\"canonical\" href=\"https:\/\/driversfirst.eu\/lv\/kontakti\/\" \/>\n<meta property=\"og:locale\" content=\"lv_LV\" \/>\n<meta property=\"og:type\" content=\"article\" \/>\n<meta property=\"og:title\" content=\"Kontakti - Drivers First Security Parking\" \/>\n<meta property=\"og:description\" content=\"M\u0113s ceram ar Jums sazin\u0101ties Vai Jums ir jaut\u0101jumi vai v\u0113laties uzzin\u0101t vair\u0101k par Drivers First? Sazinieties ar mums pa e-pastu info@driversfirst.eu. M\u0113s ceram Jums pal\u012bdz\u0113t un atbild\u0113t uz visiem J\u016bsu jaut\u0101jumiem. Lai ieg\u016btu vair\u0101k inform\u0101cijas par vad\u012bbu, partner\u012bbu vai invest\u012bciju iesp\u0113j\u0101m, apmekl\u0113jiet vietni mobilityfirst.eu Vai jums ir nepiecie\u0161ams PVN r\u0113\u0137ins par j\u016bsu autost\u0101vvietas maks\u0101jumu? [&hellip;]\" \/>\n<meta property=\"og:url\" content=\"https:\/\/driversfirst.eu\/lv\/kontakti\/\" \/>\n<meta property=\"og:site_name\" content=\"Drivers First Security Parking\" \/>\n<meta property=\"article:publisher\" content=\"https:\/\/www.facebook.com\/p\/Drivers-First-61558688551720\/\" \/>\n<meta property=\"article:modified_time\" content=\"2026-04-23T13:09:27+00:00\" \/>\n<meta name=\"twitter:card\" content=\"summary_large_image\" \/>\n<meta name=\"twitter:label1\" content=\"Est. reading time\" \/>\n\t<meta name=\"twitter:data1\" content=\"1 minute\" \/>\n<script type=\"application\/ld+json\" class=\"yoast-schema-graph\">{\"@context\":\"https:\\\/\\\/schema.org\",\"@graph\":[{\"@type\":\"WebPage\",\"@id\":\"https:\\\/\\\/driversfirst.eu\\\/lv\\\/kontakti\\\/\",\"url\":\"https:\\\/\\\/driversfirst.eu\\\/lv\\\/kontakti\\\/\",\"name\":\"Kontakti - Drivers First Security Parking\",\"isPartOf\":{\"@id\":\"https:\\\/\\\/driversfirst.eu\\\/lv\\\/#website\"},\"datePublished\":\"2025-08-19T19:08:17+00:00\",\"dateModified\":\"2026-04-23T13:09:27+00:00\",\"breadcrumb\":{\"@id\":\"https:\\\/\\\/driversfirst.eu\\\/lv\\\/kontakti\\\/#breadcrumb\"},\"inLanguage\":\"lv-LV\",\"potentialAction\":[{\"@type\":\"ReadAction\",\"target\":[\"https:\\\/\\\/driversfirst.eu\\\/lv\\\/kontakti\\\/\"]}]},{\"@type\":\"BreadcrumbList\",\"@id\":\"https:\\\/\\\/driversfirst.eu\\\/lv\\\/kontakti\\\/#breadcrumb\",\"itemListElement\":[{\"@type\":\"ListItem\",\"position\":1,\"name\":\"S\u0101kums\",\"item\":\"https:\\\/\\\/driversfirst.eu\\\/lv\\\/\"},{\"@type\":\"ListItem\",\"position\":2,\"name\":\"Kontakti\"}]},{\"@type\":\"WebSite\",\"@id\":\"https:\\\/\\\/driversfirst.eu\\\/lv\\\/#website\",\"url\":\"https:\\\/\\\/driversfirst.eu\\\/lv\\\/\",\"name\":\"Drivers First Security Parking\",\"description\":\"Secure full service truck stops\",\"publisher\":{\"@id\":\"https:\\\/\\\/driversfirst.eu\\\/lv\\\/#organization\"},\"potentialAction\":[{\"@type\":\"SearchAction\",\"target\":{\"@type\":\"EntryPoint\",\"urlTemplate\":\"https:\\\/\\\/driversfirst.eu\\\/lv\\\/?s={search_term_string}\"},\"query-input\":{\"@type\":\"PropertyValueSpecification\",\"valueRequired\":true,\"valueName\":\"search_term_string\"}}],\"inLanguage\":\"lv-LV\"},{\"@type\":\"Organization\",\"@id\":\"https:\\\/\\\/driversfirst.eu\\\/lv\\\/#organization\",\"name\":\"Drivers First Security Parking\",\"alternateName\":\"Vad\u012bt\u0101jiem \u2013 priorit\u0101te\",\"url\":\"https:\\\/\\\/driversfirst.eu\\\/lv\\\/\",\"logo\":{\"@type\":\"ImageObject\",\"inLanguage\":\"lv-LV\",\"@id\":\"https:\\\/\\\/driversfirst.eu\\\/lv\\\/#\\\/schema\\\/logo\\\/image\\\/\",\"url\":\"https:\\\/\\\/driversfirst.eu\\\/wp-content\\\/uploads\\\/2025\\\/08\\\/drivers-first-security-parking-scaled.png\",\"contentUrl\":\"https:\\\/\\\/driversfirst.eu\\\/wp-content\\\/uploads\\\/2025\\\/08\\\/drivers-first-security-parking-scaled.png\",\"width\":2560,\"height\":490,\"caption\":\"Drivers First Security Parking\"},\"image\":{\"@id\":\"https:\\\/\\\/driversfirst.eu\\\/lv\\\/#\\\/schema\\\/logo\\\/image\\\/\"},\"sameAs\":[\"https:\\\/\\\/www.facebook.com\\\/p\\\/Drivers-First-61558688551720\\\/\",\"https:\\\/\\\/www.linkedin.com\\\/company\\\/driversfirst\"]}]}<\/script>\n<!-- \/ Yoast SEO plugin. -->","yoast_head_json":{"title":"Kontakti - Drivers First Security Parking","robots":{"index":"index","follow":"follow","max-snippet":"max-snippet:-1","max-image-preview":"max-image-preview:large","max-video-preview":"max-video-preview:-1"},"canonical":"https:\/\/driversfirst.eu\/lv\/kontakti\/","og_locale":"lv_LV","og_type":"article","og_title":"Kontakti - Drivers First Security Parking","og_description":"M\u0113s ceram ar Jums sazin\u0101ties Vai Jums ir jaut\u0101jumi vai v\u0113laties uzzin\u0101t vair\u0101k par Drivers First? Sazinieties ar mums pa e-pastu info@driversfirst.eu. M\u0113s ceram Jums pal\u012bdz\u0113t un atbild\u0113t uz visiem J\u016bsu jaut\u0101jumiem. Lai ieg\u016btu vair\u0101k inform\u0101cijas par vad\u012bbu, partner\u012bbu vai invest\u012bciju iesp\u0113j\u0101m, apmekl\u0113jiet vietni mobilityfirst.eu Vai jums ir nepiecie\u0161ams PVN r\u0113\u0137ins par j\u016bsu autost\u0101vvietas maks\u0101jumu? [&hellip;]","og_url":"https:\/\/driversfirst.eu\/lv\/kontakti\/","og_site_name":"Drivers First Security Parking","article_publisher":"https:\/\/www.facebook.com\/p\/Drivers-First-61558688551720\/","article_modified_time":"2026-04-23T13:09:27+00:00","twitter_card":"summary_large_image","twitter_misc":{"Est. reading time":"1 minute"},"schema":{"@context":"https:\/\/schema.org","@graph":[{"@type":"WebPage","@id":"https:\/\/driversfirst.eu\/lv\/kontakti\/","url":"https:\/\/driversfirst.eu\/lv\/kontakti\/","name":"Kontakti - Drivers First Security Parking","isPartOf":{"@id":"https:\/\/driversfirst.eu\/lv\/#website"},"datePublished":"2025-08-19T19:08:17+00:00","dateModified":"2026-04-23T13:09:27+00:00","breadcrumb":{"@id":"https:\/\/driversfirst.eu\/lv\/kontakti\/#breadcrumb"},"inLanguage":"lv-LV","potentialAction":[{"@type":"ReadAction","target":["https:\/\/driversfirst.eu\/lv\/kontakti\/"]}]},{"@type":"BreadcrumbList","@id":"https:\/\/driversfirst.eu\/lv\/kontakti\/#breadcrumb","itemListElement":[{"@type":"ListItem","position":1,"name":"S\u0101kums","item":"https:\/\/driversfirst.eu\/lv\/"},{"@type":"ListItem","position":2,"name":"Kontakti"}]},{"@type":"WebSite","@id":"https:\/\/driversfirst.eu\/lv\/#website","url":"https:\/\/driversfirst.eu\/lv\/","name":"Drivers First Security Parking","description":"Secure full service truck stops","publisher":{"@id":"https:\/\/driversfirst.eu\/lv\/#organization"},"potentialAction":[{"@type":"SearchAction","target":{"@type":"EntryPoint","urlTemplate":"https:\/\/driversfirst.eu\/lv\/?s={search_term_string}"},"query-input":{"@type":"PropertyValueSpecification","valueRequired":true,"valueName":"search_term_string"}}],"inLanguage":"lv-LV"},{"@type":"Organization","@id":"https:\/\/driversfirst.eu\/lv\/#organization","name":"Drivers First Security Parking","alternateName":"Vad\u012bt\u0101jiem \u2013 priorit\u0101te","url":"https:\/\/driversfirst.eu\/lv\/","logo":{"@type":"ImageObject","inLanguage":"lv-LV","@id":"https:\/\/driversfirst.eu\/lv\/#\/schema\/logo\/image\/","url":"https:\/\/driversfirst.eu\/wp-content\/uploads\/2025\/08\/drivers-first-security-parking-scaled.png","contentUrl":"https:\/\/driversfirst.eu\/wp-content\/uploads\/2025\/08\/drivers-first-security-parking-scaled.png","width":2560,"height":490,"caption":"Drivers First Security Parking"},"image":{"@id":"https:\/\/driversfirst.eu\/lv\/#\/schema\/logo\/image\/"},"sameAs":["https:\/\/www.facebook.com\/p\/Drivers-First-61558688551720\/","https:\/\/www.linkedin.com\/company\/driversfirst"]}]}},"_links":{"self":[{"href":"https:\/\/driversfirst.eu\/lv\/wp-json\/wp\/v2\/pages\/5194","targetHints":{"allow":["GET"]}}],"collection":[{"href":"https:\/\/driversfirst.eu\/lv\/wp-json\/wp\/v2\/pages"}],"about":[{"href":"https:\/\/driversfirst.eu\/lv\/wp-json\/wp\/v2\/types\/page"}],"author":[{"embeddable":true,"href":"https:\/\/driversfirst.eu\/lv\/wp-json\/wp\/v2\/users\/1"}],"replies":[{"embeddable":true,"href":"https:\/\/driversfirst.eu\/lv\/wp-json\/wp\/v2\/comments?post=5194"}],"version-history":[{"count":7,"href":"https:\/\/driversfirst.eu\/lv\/wp-json\/wp\/v2\/pages\/5194\/revisions"}],"predecessor-version":[{"id":8419,"href":"https:\/\/driversfirst.eu\/lv\/wp-json\/wp\/v2\/pages\/5194\/revisions\/8419"}],"wp:attachment":[{"href":"https:\/\/driversfirst.eu\/lv\/wp-json\/wp\/v2\/media?parent=5194"}],"curies":[{"name":"wp","href":"https:\/\/api.w.org\/{rel}","templated":true}]}}