{"id":3352,"date":"2025-08-20T08:51:42","date_gmt":"2025-08-20T06:51:42","guid":{"rendered":"https:\/\/driversfirst.eu\/musu-vietos\/"},"modified":"2026-03-04T12:42:51","modified_gmt":"2026-03-04T11:42:51","slug":"musu-vietos","status":"publish","type":"page","link":"https:\/\/driversfirst.eu\/lt\/musu-vietos\/","title":{"rendered":"M\u016bs\u0173 vietos"},"content":{"rendered":"\t\t<div data-elementor-type=\"wp-page\" data-elementor-id=\"3352\" class=\"elementor elementor-3352 elementor-1101\" data-elementor-post-type=\"page\">\n\t\t\t\t<div class=\"elementor-element elementor-element-84f75b6 e-flex e-con-boxed e-con e-parent\" data-id=\"84f75b6\" data-element_type=\"container\" data-e-type=\"container\">\n\t\t\t\t\t<div class=\"e-con-inner\">\n\t\t\t\t<div class=\"elementor-element elementor-element-f7ef81e elementor-widget elementor-widget-heading\" data-id=\"f7ef81e\" data-element_type=\"widget\" data-e-type=\"widget\" data-widget_type=\"heading.default\">\n\t\t\t\t\t<h2 class=\"elementor-heading-title elementor-size-default\">M\u016bs\u0173 vietos<\/h2>\t\t\t\t<\/div>\n\t\t\t\t\t<\/div>\n\t\t\t\t<\/div>\n\t\t<div class=\"elementor-element elementor-element-43dba8b e-flex e-con-boxed e-con e-parent\" data-id=\"43dba8b\" data-element_type=\"container\" data-e-type=\"container\">\n\t\t\t\t\t<div class=\"e-con-inner\">\n\t\t\t\t<div class=\"elementor-element elementor-element-2522327 elementor-widget elementor-widget-text-editor\" data-id=\"2522327\" data-element_type=\"widget\" data-e-type=\"widget\" data-widget_type=\"text-editor.default\">\n\t\t\t\t\t\t\t\t\t<p>Tyrin\u0117kite m\u016bs\u0173 vietoves! Spustel\u0117kite \u017eymekl\u012f \u017eem\u0117lapyje, kad su\u017einotum\u0117te daugiau apie kiekvien\u0105 viet\u0105 ir teikiamas paslaugas. <\/p>\t\t\t\t\t\t\t\t<\/div>\n\t\t\t\t\t<\/div>\n\t\t\t\t<\/div>\n\t\t<div class=\"elementor-element elementor-element-b27e696 e-flex e-con-boxed e-con e-parent\" data-id=\"b27e696\" data-element_type=\"container\" data-e-type=\"container\">\n\t\t\t\t\t<div class=\"e-con-inner\">\n\t\t\t\t<div class=\"elementor-element elementor-element-9ad521f elementor-widget elementor-widget-shortcode\" data-id=\"9ad521f\" data-element_type=\"widget\" data-e-type=\"widget\" data-widget_type=\"shortcode.default\">\n\t\t\t\t\t\t\t<div class=\"elementor-shortcode\">\n<div class=\"wplf-content wplf-map-view wplf-ggm\" id=\"wplf-content-69e1f0a284b93\" data-id=\"69e1f0a284b93\">\n    <input type=\"hidden\" name=\"viewer_type\" id=\"wplf-viewer_type-69e1f0a284b93\" value=\"map view\">\n    <input type=\"hidden\" name=\"map_zoom\" id=\"wplf-map_zoom-69e1f0a284b93\" value=\"0\">\n    <input type=\"hidden\" name=\"default_address\" id=\"wplf-default_address-69e1f0a284b93\" value=\"\">\n    <input type=\"hidden\" name=\"filter_cat\" id=\"wplf-filter_cat-69e1f0a284b93\" value=\"135\">\n    <input type=\"hidden\" name=\"filter_tag\" id=\"wplf-filter_tag-69e1f0a284b93\" value=\"\">\n    <input type=\"hidden\" name=\"default_marker_url\" id=\"wplf-default_marker_url-69e1f0a284b93\" value=\"PHN2ZyB4bWxucz0iaHR0cDovL3d3dy53My5vcmcvMjAwMC9zdmciIGhlaWdodD0iMjRweCIgdmlld0JveD0iMCAwIDI0IDI0IiB3aWR0aD0iMjRweCIgZmlsbD0iI0ZGNjkwMCI+PHBhdGggZD0iTTAgMGgyNHYyNEgweiIgZmlsbD0ibm9uZSIvPjxwYXRoIGQ9Ik0xMiAyQzguMTMgMiA1IDUuMTMgNSA5YzAgNS4yNSA3IDEzIDcgMTNzNy03Ljc1IDctMTNjMC0zLjg3LTMuMTMtNy03LTd6bTAgOS41Yy0xLjM4IDAtMi41LTEuMTItMi41LTIuNXMxLjEyLTIuNSAyLjUtMi41IDIuNSAxLjEyIDIuNSAyLjUtMS4xMiAyLjUtMi41IDIuNXoiLz48L3N2Zz4=\">\n\n    <div id=\"wplf-map-content-69e1f0a284b93\" class=\"wplf-map-content\">\n        <div class=\"wplf-left-content\">\n                        <div id=\"wplf-map-direction-content-69e1f0a284b93\" class=\"wplf-map-direction-content wplf-d-none\">\n                <div class=\"wplf-direction-content-top\">\n                    <div class=\"wplf-map-direction-btn\">\n                        <button id=\"wplf-map-direction-expand-69e1f0a284b93\" class=\"wplf-map-direction-expand\">\n                            <img decoding=\"async\" src=\"https:\/\/driversfirst.eu\/wp-content\/plugins\/wp-location-finder\/public\/partials\/..\/icons\/collapse-icon.svg\" alt=\"Collapse icon\">\n                            <span>Sutraukti<\/span>\n                        <\/button>\n                        <button class=\"wplf-close-direction\" id=\"wplf-close-direction-69e1f0a284b93\">\n                            <span>U\u017edaryti<\/span>\n                            <img decoding=\"async\" src=\"https:\/\/driversfirst.eu\/wp-content\/plugins\/wp-location-finder\/public\/partials\/..\/icons\/close-red-icon.svg\" alt=\"Close icon\">\n                        <\/button>\n                    <\/div>\n                    <div class=\"wplf-map-direction-input\">\n                        <img decoding=\"async\" src=\"https:\/\/driversfirst.eu\/wp-content\/plugins\/wp-location-finder\/public\/partials\/..\/icons\/icons.svg\" alt=\"Direction icon\">\n                        <div>\n                            <input id=\"wplf-start-address-69e1f0a284b93\" type=\"text\" value=\"\" readonly>\n                            <input id=\"wplf-end-address-69e1f0a284b93\" type=\"text\" value=\"\" readonly>\n                        <\/div>\n                    <\/div>\n                    <div class=\"wplf-map-direction-summary\" id=\"wplf-map-direction-summary-69e1f0a284b93\"><\/div>\n                    <div id=\"wplf-direction-loading-69e1f0a284b93\" class=\"wplf-direction-loading wplf-d-none\">\n                        <div class=\"spinner\"><\/div>\n                    <\/div>\n                <\/div>\n                <div class=\"wplf-map-direction\" id=\"wplf-map-direction-69e1f0a284b93\"><\/div>\n            <\/div>\n        <\/div>\n        <div class=\"wplf-right-content\">\n            <div class=\"wplf-map\" id=\"wplf-map-69e1f0a284b93\"><\/div>\n        <\/div>\n    <\/div>\n<\/div><\/div>\n\t\t\t\t\t\t<\/div>\n\t\t\t\t\t<\/div>\n\t\t\t\t<\/div>\n\t\t\t\t<\/div>\n\t\t","protected":false},"excerpt":{"rendered":"<p>Tyrin\u0117kite m\u016bs\u0173 vietoves! Spustel\u0117kite \u017eymekl\u012f \u017eem\u0117lapyje, kad su\u017einotum\u0117te daugiau apie kiekvien\u0105 viet\u0105 ir teikiamas paslaugas.<\/p>\n","protected":false},"author":1,"featured_media":0,"parent":0,"menu_order":0,"comment_status":"closed","ping_status":"closed","template":"elementor_header_footer","meta":{"inline_featured_image":false,"footnotes":""},"class_list":["post-3352","page","type-page","status-publish","hentry"],"yoast_head":"<!-- This site is optimized with the Yoast SEO plugin v27.4 - https:\/\/yoast.com\/product\/yoast-seo-wordpress\/ -->\n<title>M\u016bs\u0173 vietos - Drivers First Security Parking<\/title>\n<meta name=\"robots\" content=\"index, follow, max-snippet:-1, max-image-preview:large, max-video-preview:-1\" \/>\n<link rel=\"canonical\" href=\"https:\/\/driversfirst.eu\/lt\/musu-vietos\/\" \/>\n<meta property=\"og:locale\" content=\"lt_LT\" \/>\n<meta property=\"og:type\" content=\"article\" \/>\n<meta property=\"og:title\" content=\"M\u016bs\u0173 vietos - Drivers First Security Parking\" \/>\n<meta property=\"og:description\" content=\"Tyrin\u0117kite m\u016bs\u0173 vietoves! Spustel\u0117kite \u017eymekl\u012f \u017eem\u0117lapyje, kad su\u017einotum\u0117te daugiau apie kiekvien\u0105 viet\u0105 ir teikiamas paslaugas.\" \/>\n<meta property=\"og:url\" content=\"https:\/\/driversfirst.eu\/lt\/musu-vietos\/\" \/>\n<meta property=\"og:site_name\" content=\"Drivers First Security Parking\" \/>\n<meta property=\"article:publisher\" content=\"https:\/\/www.facebook.com\/p\/Drivers-First-61558688551720\/\" \/>\n<meta property=\"article:modified_time\" content=\"2026-03-04T11:42:51+00:00\" \/>\n<meta name=\"twitter:card\" content=\"summary_large_image\" \/>\n<script type=\"application\/ld+json\" class=\"yoast-schema-graph\">{\"@context\":\"https:\\\/\\\/schema.org\",\"@graph\":[{\"@type\":\"WebPage\",\"@id\":\"https:\\\/\\\/driversfirst.eu\\\/lt\\\/musu-vietos\\\/\",\"url\":\"https:\\\/\\\/driversfirst.eu\\\/lt\\\/musu-vietos\\\/\",\"name\":\"M\u016bs\u0173 vietos - Drivers First Security Parking\",\"isPartOf\":{\"@id\":\"https:\\\/\\\/driversfirst.eu\\\/lt\\\/#website\"},\"datePublished\":\"2025-08-20T06:51:42+00:00\",\"dateModified\":\"2026-03-04T11:42:51+00:00\",\"breadcrumb\":{\"@id\":\"https:\\\/\\\/driversfirst.eu\\\/lt\\\/musu-vietos\\\/#breadcrumb\"},\"inLanguage\":\"lt-LT\",\"potentialAction\":[{\"@type\":\"ReadAction\",\"target\":[\"https:\\\/\\\/driversfirst.eu\\\/lt\\\/musu-vietos\\\/\"]}]},{\"@type\":\"BreadcrumbList\",\"@id\":\"https:\\\/\\\/driversfirst.eu\\\/lt\\\/musu-vietos\\\/#breadcrumb\",\"itemListElement\":[{\"@type\":\"ListItem\",\"position\":1,\"name\":\"Pagrindinis\",\"item\":\"https:\\\/\\\/driversfirst.eu\\\/lt\\\/\"},{\"@type\":\"ListItem\",\"position\":2,\"name\":\"M\u016bs\u0173 vietos\"}]},{\"@type\":\"WebSite\",\"@id\":\"https:\\\/\\\/driversfirst.eu\\\/lt\\\/#website\",\"url\":\"https:\\\/\\\/driversfirst.eu\\\/lt\\\/\",\"name\":\"Drivers First Security Parking\",\"description\":\"Secure full service truck stops\",\"publisher\":{\"@id\":\"https:\\\/\\\/driversfirst.eu\\\/lt\\\/#organization\"},\"potentialAction\":[{\"@type\":\"SearchAction\",\"target\":{\"@type\":\"EntryPoint\",\"urlTemplate\":\"https:\\\/\\\/driversfirst.eu\\\/lt\\\/?s={search_term_string}\"},\"query-input\":{\"@type\":\"PropertyValueSpecification\",\"valueRequired\":true,\"valueName\":\"search_term_string\"}}],\"inLanguage\":\"lt-LT\"},{\"@type\":\"Organization\",\"@id\":\"https:\\\/\\\/driversfirst.eu\\\/lt\\\/#organization\",\"name\":\"Drivers First Security Parking\",\"alternateName\":\"Pirmiausia vairuotojai\",\"url\":\"https:\\\/\\\/driversfirst.eu\\\/lt\\\/\",\"logo\":{\"@type\":\"ImageObject\",\"inLanguage\":\"lt-LT\",\"@id\":\"https:\\\/\\\/driversfirst.eu\\\/lt\\\/#\\\/schema\\\/logo\\\/image\\\/\",\"url\":\"https:\\\/\\\/driversfirst.eu\\\/wp-content\\\/uploads\\\/2025\\\/08\\\/drivers-first-security-parking-scaled.png\",\"contentUrl\":\"https:\\\/\\\/driversfirst.eu\\\/wp-content\\\/uploads\\\/2025\\\/08\\\/drivers-first-security-parking-scaled.png\",\"width\":2560,\"height\":490,\"caption\":\"Drivers First Security Parking\"},\"image\":{\"@id\":\"https:\\\/\\\/driversfirst.eu\\\/lt\\\/#\\\/schema\\\/logo\\\/image\\\/\"},\"sameAs\":[\"https:\\\/\\\/www.facebook.com\\\/p\\\/Drivers-First-61558688551720\\\/\",\"https:\\\/\\\/www.linkedin.com\\\/company\\\/driversfirst\"]}]}<\/script>\n<!-- \/ Yoast SEO plugin. -->","yoast_head_json":{"title":"M\u016bs\u0173 vietos - Drivers First Security Parking","robots":{"index":"index","follow":"follow","max-snippet":"max-snippet:-1","max-image-preview":"max-image-preview:large","max-video-preview":"max-video-preview:-1"},"canonical":"https:\/\/driversfirst.eu\/lt\/musu-vietos\/","og_locale":"lt_LT","og_type":"article","og_title":"M\u016bs\u0173 vietos - Drivers First Security Parking","og_description":"Tyrin\u0117kite m\u016bs\u0173 vietoves! Spustel\u0117kite \u017eymekl\u012f \u017eem\u0117lapyje, kad su\u017einotum\u0117te daugiau apie kiekvien\u0105 viet\u0105 ir teikiamas paslaugas.","og_url":"https:\/\/driversfirst.eu\/lt\/musu-vietos\/","og_site_name":"Drivers First Security Parking","article_publisher":"https:\/\/www.facebook.com\/p\/Drivers-First-61558688551720\/","article_modified_time":"2026-03-04T11:42:51+00:00","twitter_card":"summary_large_image","schema":{"@context":"https:\/\/schema.org","@graph":[{"@type":"WebPage","@id":"https:\/\/driversfirst.eu\/lt\/musu-vietos\/","url":"https:\/\/driversfirst.eu\/lt\/musu-vietos\/","name":"M\u016bs\u0173 vietos - Drivers First Security Parking","isPartOf":{"@id":"https:\/\/driversfirst.eu\/lt\/#website"},"datePublished":"2025-08-20T06:51:42+00:00","dateModified":"2026-03-04T11:42:51+00:00","breadcrumb":{"@id":"https:\/\/driversfirst.eu\/lt\/musu-vietos\/#breadcrumb"},"inLanguage":"lt-LT","potentialAction":[{"@type":"ReadAction","target":["https:\/\/driversfirst.eu\/lt\/musu-vietos\/"]}]},{"@type":"BreadcrumbList","@id":"https:\/\/driversfirst.eu\/lt\/musu-vietos\/#breadcrumb","itemListElement":[{"@type":"ListItem","position":1,"name":"Pagrindinis","item":"https:\/\/driversfirst.eu\/lt\/"},{"@type":"ListItem","position":2,"name":"M\u016bs\u0173 vietos"}]},{"@type":"WebSite","@id":"https:\/\/driversfirst.eu\/lt\/#website","url":"https:\/\/driversfirst.eu\/lt\/","name":"Drivers First Security Parking","description":"Secure full service truck stops","publisher":{"@id":"https:\/\/driversfirst.eu\/lt\/#organization"},"potentialAction":[{"@type":"SearchAction","target":{"@type":"EntryPoint","urlTemplate":"https:\/\/driversfirst.eu\/lt\/?s={search_term_string}"},"query-input":{"@type":"PropertyValueSpecification","valueRequired":true,"valueName":"search_term_string"}}],"inLanguage":"lt-LT"},{"@type":"Organization","@id":"https:\/\/driversfirst.eu\/lt\/#organization","name":"Drivers First Security Parking","alternateName":"Pirmiausia vairuotojai","url":"https:\/\/driversfirst.eu\/lt\/","logo":{"@type":"ImageObject","inLanguage":"lt-LT","@id":"https:\/\/driversfirst.eu\/lt\/#\/schema\/logo\/image\/","url":"https:\/\/driversfirst.eu\/wp-content\/uploads\/2025\/08\/drivers-first-security-parking-scaled.png","contentUrl":"https:\/\/driversfirst.eu\/wp-content\/uploads\/2025\/08\/drivers-first-security-parking-scaled.png","width":2560,"height":490,"caption":"Drivers First Security Parking"},"image":{"@id":"https:\/\/driversfirst.eu\/lt\/#\/schema\/logo\/image\/"},"sameAs":["https:\/\/www.facebook.com\/p\/Drivers-First-61558688551720\/","https:\/\/www.linkedin.com\/company\/driversfirst"]}]}},"_links":{"self":[{"href":"https:\/\/driversfirst.eu\/lt\/wp-json\/wp\/v2\/pages\/3352","targetHints":{"allow":["GET"]}}],"collection":[{"href":"https:\/\/driversfirst.eu\/lt\/wp-json\/wp\/v2\/pages"}],"about":[{"href":"https:\/\/driversfirst.eu\/lt\/wp-json\/wp\/v2\/types\/page"}],"author":[{"embeddable":true,"href":"https:\/\/driversfirst.eu\/lt\/wp-json\/wp\/v2\/users\/1"}],"replies":[{"embeddable":true,"href":"https:\/\/driversfirst.eu\/lt\/wp-json\/wp\/v2\/comments?post=3352"}],"version-history":[{"count":16,"href":"https:\/\/driversfirst.eu\/lt\/wp-json\/wp\/v2\/pages\/3352\/revisions"}],"predecessor-version":[{"id":7475,"href":"https:\/\/driversfirst.eu\/lt\/wp-json\/wp\/v2\/pages\/3352\/revisions\/7475"}],"wp:attachment":[{"href":"https:\/\/driversfirst.eu\/lt\/wp-json\/wp\/v2\/media?parent=3352"}],"curies":[{"name":"wp","href":"https:\/\/api.w.org\/{rel}","templated":true}]}}