{"id":2875,"date":"2025-08-19T21:08:17","date_gmt":"2025-08-19T19:08:17","guid":{"rendered":"https:\/\/driversfirst.eu\/kontaktai\/"},"modified":"2026-04-23T15:09:27","modified_gmt":"2026-04-23T13:09:27","slug":"kontaktai","status":"publish","type":"page","link":"https:\/\/driversfirst.eu\/lt\/kontaktai\/","title":{"rendered":"Kontaktai"},"content":{"rendered":"\t\t<div data-elementor-type=\"wp-page\" data-elementor-id=\"2875\" class=\"elementor elementor-2875 elementor-971\" data-elementor-post-type=\"page\">\n\t\t\t\t<div class=\"elementor-element elementor-element-564acfc e-flex e-con-boxed e-con e-parent\" data-id=\"564acfc\" data-element_type=\"container\" data-e-type=\"container\">\n\t\t\t\t\t<div class=\"e-con-inner\">\n\t\t\t\t<div class=\"elementor-element elementor-element-4fc9ec7 elementor-widget elementor-widget-heading\" data-id=\"4fc9ec7\" data-element_type=\"widget\" data-e-type=\"widget\" data-widget_type=\"heading.default\">\n\t\t\t\t\t<h1 class=\"elementor-heading-title elementor-size-default\">Kontaktai<\/h1>\t\t\t\t<\/div>\n\t\t\t\t\t<\/div>\n\t\t\t\t<\/div>\n\t\t<div class=\"elementor-element elementor-element-76bac89 e-flex e-con-boxed e-con e-parent\" data-id=\"76bac89\" data-element_type=\"container\" data-e-type=\"container\" data-settings=\"{&quot;background_background&quot;:&quot;classic&quot;}\">\n\t\t\t\t\t<div class=\"e-con-inner\">\n\t\t<div class=\"elementor-element elementor-element-d2cabbf e-con-full e-flex e-con e-child\" data-id=\"d2cabbf\" data-element_type=\"container\" data-e-type=\"container\" data-settings=\"{&quot;background_background&quot;:&quot;classic&quot;}\">\n\t\t\t\t<div class=\"elementor-element elementor-element-5d69d8f elementor-widget elementor-widget-text-editor\" data-id=\"5d69d8f\" data-element_type=\"widget\" data-e-type=\"widget\" data-widget_type=\"text-editor.default\">\n\t\t\t\t\t\t\t\t\t<h3 class=\"wp-block-heading has-primary-color has-text-color has-link-color wp-elements-cc8d49fc4fc400b46ba63a2140959792\"><strong>Laukiame j\u016bs\u0173 \u017einut\u0117s<\/strong><\/h3><p>Ar turite klausim\u0173 ar norite su\u017einoti daugiau apie Drivers First? Nedvejodami susisiekite su mumis adresu <a href=\"mailto:info@driversfirst.eu\">info@driversfirst.eu<\/a>. Laukiame galimyb\u0117s jums pad\u0117ti ir atsakyti \u012f visus j\u016bs\u0173 klausimus.  <\/p><p>Daugiau informacijos apie valdymo, partneryst\u0117s ar investavimo galimybes rasite <a href=\"https:\/\/mobilityfirst.eu\" target=\"_blank\" rel=\"noopener\">mobilityfirst.eu<\/a><\/p><h5>Ar Jums reikia PVM s\u0105skaitos fakt\u016bros u\u017e stov\u0117jimo mokest\u012f?<\/h5><p>Naudokit\u0117s m\u016bs\u0173 savitarnos \u012frankiu: <a class=\"underline underline underline-offset-2 decoration-1 decoration-current\/40 hover:decoration-current focus:decoration-current\" href=\"https:\/\/driversfirst.eu\/vat-invoice\/\" target=\"_blank\" rel=\"noopener\">https:\/\/driversfirst.eu\/vat-invoice\/<\/a><\/p>\t\t\t\t\t\t\t\t<\/div>\n\t\t\t\t<div class=\"elementor-element elementor-element-888d45b elementor-widget elementor-widget-text-editor\" data-id=\"888d45b\" data-element_type=\"widget\" data-e-type=\"widget\" data-widget_type=\"text-editor.default\">\n\t\t\t\t\t\t\t\t\t<h3 class=\"wp-block-heading has-primary-color has-text-color has-link-color wp-elements-cc8d49fc4fc400b46ba63a2140959792\"><strong>Prisijunkite prie m\u016bs\u0173 naujienlai\u0161kio<\/strong><\/h3><p>U\u017esiprenumeruokite m\u016bs\u0173 naujienlai\u0161k\u012f ir gaukite naujausias naujienas, nauj\u0173 produkt\u0173 pristatymus ir i\u0161skirtinius atnaujinimus.<\/p>\t\t\t\t\t\t\t\t<\/div>\n\t\t\t\t<div class=\"elementor-element elementor-element-9759eca elementor-button-align-center elementor-widget elementor-widget-form\" data-id=\"9759eca\" data-element_type=\"widget\" data-e-type=\"widget\" data-settings=\"{&quot;step_next_label&quot;:&quot;Kitas&quot;,&quot;step_previous_label&quot;:&quot;Ankstesnis&quot;,&quot;button_width&quot;:&quot;40&quot;,&quot;step_type&quot;:&quot;number_text&quot;,&quot;step_icon_shape&quot;:&quot;circle&quot;}\" data-widget_type=\"form.default\">\n\t\t\t\t\t\t\t<form class=\"elementor-form\" method=\"post\" name=\"Naujienlai\u0161kis\" aria-label=\"Naujienlai\u0161kis\">\n\t\t\t<input type=\"hidden\" name=\"post_id\" value=\"2875\"\/>\n\t\t\t<input type=\"hidden\" name=\"form_id\" value=\"9759eca\"\/>\n\t\t\t<input type=\"hidden\" name=\"referer_title\" value=\"Kontaktai - Drivers First Security Parking\" \/>\n\n\t\t\t\t\t\t\t<input type=\"hidden\" name=\"queried_id\" value=\"2875\"\/>\n\t\t\t\n\t\t\t<div class=\"elementor-form-fields-wrapper elementor-labels-\">\n\t\t\t\t\t\t\t\t<div class=\"elementor-field-type-email elementor-field-group elementor-column elementor-field-group-email elementor-col-60 elementor-field-required\">\n\t\t\t\t\t\t\t\t\t\t\t\t<label for=\"form-field-email\" class=\"elementor-field-label elementor-screen-only\">\n\t\t\t\t\t\t\t\tEl. pa\u0161tas\t\t\t\t\t\t\t<\/label>\n\t\t\t\t\t\t\t\t\t\t\t\t\t\t<input size=\"1\" type=\"email\" name=\"form_fields[email]\" id=\"form-field-email\" class=\"elementor-field elementor-size-sm  elementor-field-textual\" placeholder=\"El. pa\u0161tas\" required=\"required\">\n\t\t\t\t\t\t\t\t\t\t\t<\/div>\n\t\t\t\t\t\t\t\t<div class=\"elementor-field-group elementor-column elementor-field-type-submit elementor-col-40 e-form__buttons\">\n\t\t\t\t\t<button class=\"elementor-button elementor-size-sm\" type=\"submit\">\n\t\t\t\t\t\t<span class=\"elementor-button-content-wrapper\">\n\t\t\t\t\t\t\t\t\t\t\t\t\t\t\t\t\t\t\t\t\t\t<span class=\"elementor-button-text\">Prenumeruoti  <\/span>\n\t\t\t\t\t\t\t\t\t\t\t\t\t<\/span>\n\t\t\t\t\t<\/button>\n\t\t\t\t<\/div>\n\t\t\t<\/div>\n\t\t<\/form>\n\t\t\t\t\t\t<\/div>\n\t\t\t\t<\/div>\n\t\t<div class=\"elementor-element elementor-element-6988278 e-con-full e-flex e-con e-child\" data-id=\"6988278\" data-element_type=\"container\" data-e-type=\"container\" data-settings=\"{&quot;background_background&quot;:&quot;classic&quot;}\">\n\t\t\t\t<div class=\"elementor-element elementor-element-7b675ff elementor-widget elementor-widget-text-editor\" data-id=\"7b675ff\" data-element_type=\"widget\" data-e-type=\"widget\" data-widget_type=\"text-editor.default\">\n\t\t\t\t\t\t\t\t\t<h3 class=\"wp-block-heading has-primary-color has-text-color has-link-color wp-elements-cc8d49fc4fc400b46ba63a2140959792\"><a href=\"mailto:info@driversfirst.eu\">info@driversfirst.eu<\/a><\/h3><p>Nor\u0117dami gauti konkre\u010dios vietos kontaktinius duomenis, apsilankykite atitinkamos vietos puslapyje<\/p>\t\t\t\t\t\t\t\t<\/div>\n\t\t\t\t<div class=\"elementor-element elementor-element-14f1abc elementor-align-center elementor-widget elementor-widget-button\" data-id=\"14f1abc\" data-element_type=\"widget\" data-e-type=\"widget\" data-widget_type=\"button.default\">\n\t\t\t\t\t\t\t\t\t\t<a class=\"elementor-button elementor-button-link elementor-size-sm\" href=\"https:\/\/driversfirst.eu\/lt\/musu-vietos\/\">\n\t\t\t\t\t\t<span class=\"elementor-button-content-wrapper\">\n\t\t\t\t\t\t<span class=\"elementor-button-icon\">\n\t\t\t\t<svg aria-hidden=\"true\" class=\"e-font-icon-svg e-fas-location-arrow\" viewBox=\"0 0 512 512\" xmlns=\"http:\/\/www.w3.org\/2000\/svg\"><path d=\"M444.52 3.52L28.74 195.42c-47.97 22.39-31.98 92.75 19.19 92.75h175.91v175.91c0 51.17 70.36 67.17 92.75 19.19l191.9-415.78c15.99-38.39-25.59-79.97-63.97-63.97z\"><\/path><\/svg>\t\t\t<\/span>\n\t\t\t\t\t\t\t\t\t<span class=\"elementor-button-text\">M\u016bs\u0173 vietos<\/span>\n\t\t\t\t\t<\/span>\n\t\t\t\t\t<\/a>\n\t\t\t\t\t\t\t\t<\/div>\n\t\t\t\t<\/div>\n\t\t\t\t\t<\/div>\n\t\t\t\t<\/div>\n\t\t\t\t<\/div>\n\t\t","protected":false},"excerpt":{"rendered":"<p>Laukiame j\u016bs\u0173 \u017einut\u0117s Ar turite klausim\u0173 ar norite su\u017einoti daugiau apie Drivers First? Nedvejodami susisiekite su mumis adresu info@driversfirst.eu. Laukiame galimyb\u0117s jums pad\u0117ti ir atsakyti \u012f visus j\u016bs\u0173 klausimus. Daugiau informacijos apie valdymo, partneryst\u0117s ar investavimo galimybes rasite mobilityfirst.eu Ar Jums reikia PVM s\u0105skaitos fakt\u016bros u\u017e stov\u0117jimo mokest\u012f? Naudokit\u0117s m\u016bs\u0173 savitarnos \u012frankiu: https:\/\/driversfirst.eu\/vat-invoice\/ Prisijunkite prie [&hellip;]<\/p>\n","protected":false},"author":1,"featured_media":0,"parent":0,"menu_order":0,"comment_status":"closed","ping_status":"closed","template":"elementor_header_footer","meta":{"inline_featured_image":false,"footnotes":""},"class_list":["post-2875","page","type-page","status-publish","hentry"],"yoast_head":"<!-- This site is optimized with the Yoast SEO plugin v27.4 - https:\/\/yoast.com\/product\/yoast-seo-wordpress\/ -->\n<title>Kontaktai - Drivers First Security Parking<\/title>\n<meta name=\"robots\" content=\"index, follow, max-snippet:-1, max-image-preview:large, max-video-preview:-1\" \/>\n<link rel=\"canonical\" href=\"https:\/\/driversfirst.eu\/lt\/kontaktai\/\" \/>\n<meta property=\"og:locale\" content=\"lt_LT\" \/>\n<meta property=\"og:type\" content=\"article\" \/>\n<meta property=\"og:title\" content=\"Kontaktai - Drivers First Security Parking\" \/>\n<meta property=\"og:description\" content=\"Laukiame j\u016bs\u0173 \u017einut\u0117s Ar turite klausim\u0173 ar norite su\u017einoti daugiau apie Drivers First? Nedvejodami susisiekite su mumis adresu info@driversfirst.eu. Laukiame galimyb\u0117s jums pad\u0117ti ir atsakyti \u012f visus j\u016bs\u0173 klausimus. Daugiau informacijos apie valdymo, partneryst\u0117s ar investavimo galimybes rasite mobilityfirst.eu Ar Jums reikia PVM s\u0105skaitos fakt\u016bros u\u017e stov\u0117jimo mokest\u012f? Naudokit\u0117s m\u016bs\u0173 savitarnos \u012frankiu: https:\/\/driversfirst.eu\/vat-invoice\/ Prisijunkite prie [&hellip;]\" \/>\n<meta property=\"og:url\" content=\"https:\/\/driversfirst.eu\/lt\/kontaktai\/\" \/>\n<meta property=\"og:site_name\" content=\"Drivers First Security Parking\" \/>\n<meta property=\"article:publisher\" content=\"https:\/\/www.facebook.com\/p\/Drivers-First-61558688551720\/\" \/>\n<meta property=\"article:modified_time\" content=\"2026-04-23T13:09:27+00:00\" \/>\n<meta name=\"twitter:card\" content=\"summary_large_image\" \/>\n<meta name=\"twitter:label1\" content=\"Est. reading time\" \/>\n\t<meta name=\"twitter:data1\" content=\"1 minut\u0117\" \/>\n<script type=\"application\/ld+json\" class=\"yoast-schema-graph\">{\"@context\":\"https:\\\/\\\/schema.org\",\"@graph\":[{\"@type\":\"WebPage\",\"@id\":\"https:\\\/\\\/driversfirst.eu\\\/lt\\\/kontaktai\\\/\",\"url\":\"https:\\\/\\\/driversfirst.eu\\\/lt\\\/kontaktai\\\/\",\"name\":\"Kontaktai - Drivers First Security Parking\",\"isPartOf\":{\"@id\":\"https:\\\/\\\/driversfirst.eu\\\/lt\\\/#website\"},\"datePublished\":\"2025-08-19T19:08:17+00:00\",\"dateModified\":\"2026-04-23T13:09:27+00:00\",\"breadcrumb\":{\"@id\":\"https:\\\/\\\/driversfirst.eu\\\/lt\\\/kontaktai\\\/#breadcrumb\"},\"inLanguage\":\"lt-LT\",\"potentialAction\":[{\"@type\":\"ReadAction\",\"target\":[\"https:\\\/\\\/driversfirst.eu\\\/lt\\\/kontaktai\\\/\"]}]},{\"@type\":\"BreadcrumbList\",\"@id\":\"https:\\\/\\\/driversfirst.eu\\\/lt\\\/kontaktai\\\/#breadcrumb\",\"itemListElement\":[{\"@type\":\"ListItem\",\"position\":1,\"name\":\"Pagrindinis\",\"item\":\"https:\\\/\\\/driversfirst.eu\\\/lt\\\/\"},{\"@type\":\"ListItem\",\"position\":2,\"name\":\"Kontaktai\"}]},{\"@type\":\"WebSite\",\"@id\":\"https:\\\/\\\/driversfirst.eu\\\/lt\\\/#website\",\"url\":\"https:\\\/\\\/driversfirst.eu\\\/lt\\\/\",\"name\":\"Drivers First Security Parking\",\"description\":\"Secure full service truck stops\",\"publisher\":{\"@id\":\"https:\\\/\\\/driversfirst.eu\\\/lt\\\/#organization\"},\"potentialAction\":[{\"@type\":\"SearchAction\",\"target\":{\"@type\":\"EntryPoint\",\"urlTemplate\":\"https:\\\/\\\/driversfirst.eu\\\/lt\\\/?s={search_term_string}\"},\"query-input\":{\"@type\":\"PropertyValueSpecification\",\"valueRequired\":true,\"valueName\":\"search_term_string\"}}],\"inLanguage\":\"lt-LT\"},{\"@type\":\"Organization\",\"@id\":\"https:\\\/\\\/driversfirst.eu\\\/lt\\\/#organization\",\"name\":\"Drivers First Security Parking\",\"alternateName\":\"Pirmiausia vairuotojai\",\"url\":\"https:\\\/\\\/driversfirst.eu\\\/lt\\\/\",\"logo\":{\"@type\":\"ImageObject\",\"inLanguage\":\"lt-LT\",\"@id\":\"https:\\\/\\\/driversfirst.eu\\\/lt\\\/#\\\/schema\\\/logo\\\/image\\\/\",\"url\":\"https:\\\/\\\/driversfirst.eu\\\/wp-content\\\/uploads\\\/2025\\\/08\\\/drivers-first-security-parking-scaled.png\",\"contentUrl\":\"https:\\\/\\\/driversfirst.eu\\\/wp-content\\\/uploads\\\/2025\\\/08\\\/drivers-first-security-parking-scaled.png\",\"width\":2560,\"height\":490,\"caption\":\"Drivers First Security Parking\"},\"image\":{\"@id\":\"https:\\\/\\\/driversfirst.eu\\\/lt\\\/#\\\/schema\\\/logo\\\/image\\\/\"},\"sameAs\":[\"https:\\\/\\\/www.facebook.com\\\/p\\\/Drivers-First-61558688551720\\\/\",\"https:\\\/\\\/www.linkedin.com\\\/company\\\/driversfirst\"]}]}<\/script>\n<!-- \/ Yoast SEO plugin. -->","yoast_head_json":{"title":"Kontaktai - Drivers First Security Parking","robots":{"index":"index","follow":"follow","max-snippet":"max-snippet:-1","max-image-preview":"max-image-preview:large","max-video-preview":"max-video-preview:-1"},"canonical":"https:\/\/driversfirst.eu\/lt\/kontaktai\/","og_locale":"lt_LT","og_type":"article","og_title":"Kontaktai - Drivers First Security Parking","og_description":"Laukiame j\u016bs\u0173 \u017einut\u0117s Ar turite klausim\u0173 ar norite su\u017einoti daugiau apie Drivers First? Nedvejodami susisiekite su mumis adresu info@driversfirst.eu. Laukiame galimyb\u0117s jums pad\u0117ti ir atsakyti \u012f visus j\u016bs\u0173 klausimus. Daugiau informacijos apie valdymo, partneryst\u0117s ar investavimo galimybes rasite mobilityfirst.eu Ar Jums reikia PVM s\u0105skaitos fakt\u016bros u\u017e stov\u0117jimo mokest\u012f? Naudokit\u0117s m\u016bs\u0173 savitarnos \u012frankiu: https:\/\/driversfirst.eu\/vat-invoice\/ Prisijunkite prie [&hellip;]","og_url":"https:\/\/driversfirst.eu\/lt\/kontaktai\/","og_site_name":"Drivers First Security Parking","article_publisher":"https:\/\/www.facebook.com\/p\/Drivers-First-61558688551720\/","article_modified_time":"2026-04-23T13:09:27+00:00","twitter_card":"summary_large_image","twitter_misc":{"Est. reading time":"1 minut\u0117"},"schema":{"@context":"https:\/\/schema.org","@graph":[{"@type":"WebPage","@id":"https:\/\/driversfirst.eu\/lt\/kontaktai\/","url":"https:\/\/driversfirst.eu\/lt\/kontaktai\/","name":"Kontaktai - Drivers First Security Parking","isPartOf":{"@id":"https:\/\/driversfirst.eu\/lt\/#website"},"datePublished":"2025-08-19T19:08:17+00:00","dateModified":"2026-04-23T13:09:27+00:00","breadcrumb":{"@id":"https:\/\/driversfirst.eu\/lt\/kontaktai\/#breadcrumb"},"inLanguage":"lt-LT","potentialAction":[{"@type":"ReadAction","target":["https:\/\/driversfirst.eu\/lt\/kontaktai\/"]}]},{"@type":"BreadcrumbList","@id":"https:\/\/driversfirst.eu\/lt\/kontaktai\/#breadcrumb","itemListElement":[{"@type":"ListItem","position":1,"name":"Pagrindinis","item":"https:\/\/driversfirst.eu\/lt\/"},{"@type":"ListItem","position":2,"name":"Kontaktai"}]},{"@type":"WebSite","@id":"https:\/\/driversfirst.eu\/lt\/#website","url":"https:\/\/driversfirst.eu\/lt\/","name":"Drivers First Security Parking","description":"Secure full service truck stops","publisher":{"@id":"https:\/\/driversfirst.eu\/lt\/#organization"},"potentialAction":[{"@type":"SearchAction","target":{"@type":"EntryPoint","urlTemplate":"https:\/\/driversfirst.eu\/lt\/?s={search_term_string}"},"query-input":{"@type":"PropertyValueSpecification","valueRequired":true,"valueName":"search_term_string"}}],"inLanguage":"lt-LT"},{"@type":"Organization","@id":"https:\/\/driversfirst.eu\/lt\/#organization","name":"Drivers First Security Parking","alternateName":"Pirmiausia vairuotojai","url":"https:\/\/driversfirst.eu\/lt\/","logo":{"@type":"ImageObject","inLanguage":"lt-LT","@id":"https:\/\/driversfirst.eu\/lt\/#\/schema\/logo\/image\/","url":"https:\/\/driversfirst.eu\/wp-content\/uploads\/2025\/08\/drivers-first-security-parking-scaled.png","contentUrl":"https:\/\/driversfirst.eu\/wp-content\/uploads\/2025\/08\/drivers-first-security-parking-scaled.png","width":2560,"height":490,"caption":"Drivers First Security Parking"},"image":{"@id":"https:\/\/driversfirst.eu\/lt\/#\/schema\/logo\/image\/"},"sameAs":["https:\/\/www.facebook.com\/p\/Drivers-First-61558688551720\/","https:\/\/www.linkedin.com\/company\/driversfirst"]}]}},"_links":{"self":[{"href":"https:\/\/driversfirst.eu\/lt\/wp-json\/wp\/v2\/pages\/2875","targetHints":{"allow":["GET"]}}],"collection":[{"href":"https:\/\/driversfirst.eu\/lt\/wp-json\/wp\/v2\/pages"}],"about":[{"href":"https:\/\/driversfirst.eu\/lt\/wp-json\/wp\/v2\/types\/page"}],"author":[{"embeddable":true,"href":"https:\/\/driversfirst.eu\/lt\/wp-json\/wp\/v2\/users\/1"}],"replies":[{"embeddable":true,"href":"https:\/\/driversfirst.eu\/lt\/wp-json\/wp\/v2\/comments?post=2875"}],"version-history":[{"count":18,"href":"https:\/\/driversfirst.eu\/lt\/wp-json\/wp\/v2\/pages\/2875\/revisions"}],"predecessor-version":[{"id":8418,"href":"https:\/\/driversfirst.eu\/lt\/wp-json\/wp\/v2\/pages\/2875\/revisions\/8418"}],"wp:attachment":[{"href":"https:\/\/driversfirst.eu\/lt\/wp-json\/wp\/v2\/media?parent=2875"}],"curies":[{"name":"wp","href":"https:\/\/api.w.org\/{rel}","templated":true}]}}