{"id":3405,"date":"2025-08-19T19:09:14","date_gmt":"2025-08-19T17:09:14","guid":{"rendered":"https:\/\/driversfirst.eu\/tarifs\/"},"modified":"2026-04-23T15:08:33","modified_gmt":"2026-04-23T13:08:33","slug":"tarifs","status":"publish","type":"page","link":"https:\/\/driversfirst.eu\/fr\/tarifs\/","title":{"rendered":"Tarifs"},"content":{"rendered":"\t\t<div data-elementor-type=\"wp-page\" data-elementor-id=\"3405\" class=\"elementor elementor-3405 elementor-782\" data-elementor-post-type=\"page\">\n\t\t\t\t<div class=\"elementor-element elementor-element-7449e6f e-flex e-con-boxed e-con e-parent\" data-id=\"7449e6f\" data-element_type=\"container\" data-e-type=\"container\">\n\t\t\t\t\t<div class=\"e-con-inner\">\n\t\t\t\t<div class=\"elementor-element elementor-element-efc6556 elementor-widget elementor-widget-heading\" data-id=\"efc6556\" data-element_type=\"widget\" data-e-type=\"widget\" data-widget_type=\"heading.default\">\n\t\t\t\t\t<h1 class=\"elementor-heading-title elementor-size-default\">Tarifs<\/h1>\t\t\t\t<\/div>\n\t\t\t\t\t<\/div>\n\t\t\t\t<\/div>\n\t\t<div class=\"elementor-element elementor-element-d9f6c86 e-flex e-con-boxed e-con e-parent\" data-id=\"d9f6c86\" data-element_type=\"container\" data-e-type=\"container\">\n\t\t\t\t\t<div class=\"e-con-inner\">\n\t\t\t\t<div class=\"elementor-element elementor-element-1ca10cd elementor-widget elementor-widget-text-editor\" data-id=\"1ca10cd\" data-element_type=\"widget\" data-e-type=\"widget\" data-widget_type=\"text-editor.default\">\n\t\t\t\t\t\t\t\t\t<p data-start=\"59\" data-end=\"209\">Nos prix sont clairs, comp\u00e9titifs et adapt\u00e9s aux chauffeurs professionnels et aux entreprises de transport.<\/p><p data-start=\"538\" data-end=\"581\">Vous trouverez ci-dessous notre liste de prix actuelle.<\/p>\t\t\t\t\t\t\t\t<\/div>\n\t\t\t\t\t<\/div>\n\t\t\t\t<\/div>\n\t\t<div class=\"elementor-element elementor-element-a308f1e e-flex e-con-boxed e-con e-parent\" data-id=\"a308f1e\" data-element_type=\"container\" data-e-type=\"container\">\n\t\t\t\t\t<div class=\"e-con-inner\">\n\t\t\t\t<div class=\"elementor-element elementor-element-ba006be e-n-tabs-none elementor-widget elementor-widget-n-tabs\" data-id=\"ba006be\" data-element_type=\"widget\" data-e-type=\"widget\" data-settings=\"{&quot;horizontal_scroll_mobile&quot;:&quot;disable&quot;,&quot;horizontal_scroll&quot;:&quot;disable&quot;}\" data-widget_type=\"nested-tabs.default\">\n\t\t\t\t\t\t\t<div class=\"e-n-tabs\" data-widget-number=\"195036862\" aria-label=\"Onglets. Ouvrez des \u00e9l\u00e9ments avec Entrer ou Espace, fermez-les avec Echape et naviguez \u00e0 l&#039;aide des touches fl\u00e9ch\u00e9es.\">\n\t\t\t<div class=\"e-n-tabs-heading\" role=\"tablist\">\n\t\t\t\t\t<button id=\"e-n-tab-title-1950368621\" data-tab-title-id=\"e-n-tab-title-1950368621\" class=\"e-n-tab-title elementor-animation-grow\" aria-selected=\"true\" data-tab-index=\"1\" role=\"tab\" tabindex=\"0\" aria-controls=\"e-n-tab-content-1950368621\" style=\"--n-tabs-title-order: 1;\">\n\t\t\t\t\t\t<span class=\"e-n-tab-title-text\">\n\t\t\t\tEskilstuna\t\t\t<\/span>\n\t\t<\/button>\n\t\t\t\t<button id=\"e-n-tab-title-1950368622\" data-tab-title-id=\"e-n-tab-title-1950368622\" class=\"e-n-tab-title elementor-animation-grow\" aria-selected=\"false\" data-tab-index=\"2\" role=\"tab\" tabindex=\"-1\" aria-controls=\"e-n-tab-content-1950368622\" style=\"--n-tabs-title-order: 2;\">\n\t\t\t\t\t\t<span class=\"e-n-tab-title-text\">\n\t\t\t\tJ\u00f6nk\u00f6ping\t\t\t<\/span>\n\t\t<\/button>\n\t\t\t\t<button id=\"e-n-tab-title-1950368623\" data-tab-title-id=\"e-n-tab-title-1950368623\" class=\"e-n-tab-title elementor-animation-grow\" aria-selected=\"false\" data-tab-index=\"3\" role=\"tab\" tabindex=\"-1\" aria-controls=\"e-n-tab-content-1950368623\" style=\"--n-tabs-title-order: 3;\">\n\t\t\t\t\t\t<span class=\"e-n-tab-title-text\">\n\t\t\t\tMalm\u00f6\t\t\t<\/span>\n\t\t<\/button>\n\t\t\t\t\t<\/div>\n\t\t\t<div class=\"e-n-tabs-content\">\n\t\t\t\t<div id=\"e-n-tab-content-1950368621\" role=\"tabpanel\" aria-labelledby=\"e-n-tab-title-1950368621\" data-tab-index=\"1\" style=\"--n-tabs-title-order: 1;\" class=\"e-active elementor-element elementor-element-3ec2ccb e-con-full e-flex e-con e-child\" data-id=\"3ec2ccb\" data-element_type=\"container\" data-e-type=\"container\">\n\t\t\t\t<div class=\"elementor-element elementor-element-f9e653b elementor-widget elementor-widget-eael-advanced-data-table\" data-id=\"f9e653b\" data-element_type=\"widget\" data-e-type=\"widget\" data-widget_type=\"eael-advanced-data-table.default\">\n\t\t\t\t\t<div class=\"ea-advanced-data-table-wrap\" data-id=\"f9e653b\"><div class=\"ea-advanced-data-table-wrap-inner\">\n                <table class=\"ea-advanced-data-table ea-advanced-data-table-static ea-advanced-data-table-f9e653b\" data-id=\"f9e653b\"><thead><tr><th><p>Description<\/p><\/th><th><p>Client de passage (sur place ou en ligne)<\/p><\/th><th><p>Client de compte d'entreprise (en ligne)<\/p><\/th><\/tr><\/thead><tbody><tr><td><p><strong>Prix <\/strong><\/p><p>Tous les prix sont hors TVA <\/p><\/td><td><p><strong>Tranche de 1 h :<\/strong><\/p><p>25 SEK (\u2248 2 EUR)<\/p><p><strong>Cr\u00e9neau horaire de 0 \u00e0 3 heures :<\/strong><\/p><p>70 SEK (\u2248 6 EUR)<\/p><p><strong>24 heures :<\/strong><\/p><p>299 SEK (\u2248 27 EUR)<\/p><p><br><\/p><p>Apr\u00e8s 24 heures : 299 SEK par jour<\/p><\/td><td><p><strong>Tranche de 1 h :<\/strong><\/p><p>25 SEK (\u2248 2 EUR)<\/p><p><strong>Cr\u00e9neau horaire de 0 \u00e0 3 heures :<\/strong><\/p><p>70 SEK (\u2248 6 EUR)<\/p><p><strong>24 heures :<\/strong><\/p><p>299 SEK (\u2248 27 EUR)<\/p><p><br><\/p><p>Apr\u00e8s 24 heures : 299 SEK par jour<\/p><p><strong>Veuillez nous contacter pour conna\u00eetre les remises sur volume et les tarifs.<\/strong><\/p><\/td><\/tr><tr><td><p>Pr\u00e9-r\u00e9server en ligne<\/p><\/td><td><p>Oui (place garantie \u00e0 l'arriv\u00e9e)<\/p><p><a href=\"https:\/\/book.driversfirst.eu\/bookings\/create\/services\" target=\"_blank\">R\u00e9servez et payez en ligne<\/a> <\/p><\/td><td><p>Oui (place garantie \u00e0 l'arriv\u00e9e)<\/p><p><a href=\"https:\/\/book.driversfirst.eu\/customer\/login\" target=\"_blank\">Connectez-vous et r\u00e9servez en ligne<\/a><\/p><\/td><\/tr><tr><td>Options de paiement<\/td><td><p>Carte*, Klarna, MobilePay, Apple Pay, Google Pay,<\/p><p>Revolut Pay, Bancontact, BLIK, EPS, iDEAL, Billie<\/p><\/td><td><p><strong>Facture \u00e0 l'entreprise<\/strong><\/p><p>Les factures seront \u00e9mises une fois par mois<\/p><p>avec toutes les r\u00e9servations pour cette p\u00e9riode consolid\u00e9es<\/p><\/td><\/tr><tr><td>Enregistrement<\/td><td><p>24h\/24 et 7j\/7 par code PIN<\/p><\/td><td>  24h\/24 et 7j\/7 par code PIN<\/td><\/tr><tr><td>Frais annuels<\/td><td> Non<\/td><td><p>Oui<\/p><\/td><\/tr><tr><td><p><strong>EXTRAS<\/strong><\/p><p><br><\/p><\/td><td><p><br><\/p><p><br><\/p><\/td><td><p><br><\/p><\/td><\/tr><tr><td><p>Douches et toilettes<\/p><\/td><td><p>Inclus<\/p><\/td><td><p>Inclus<\/p><\/td><\/tr><tr><td><p>Salon des conducteurs<\/p><\/td><td><p>Inclus<\/p><\/td><td><p>Inclus<\/p><\/td><\/tr><tr><td><p>Caf\u00e9 gratuit<\/p><\/td><td><p>Inclus<\/p><\/td><td><p>Inclus <\/p><\/td><\/tr><tr><td><p>Internet WiFi<\/p><\/td><td><p>Inclus <\/p><p><br><\/p><p>Le mot de passe WiFi se trouve sur la confirmation de r\u00e9servation\/le re\u00e7u<\/p><\/td><td><p>Inclus <\/p><p><br><\/p><p>Le mot de passe WiFi se trouve sur la confirmation de r\u00e9servation\/le re\u00e7u<\/p><\/td><\/tr><\/tbody><\/table>\n            <\/div><\/div>\t\t\t\t<\/div>\n\t\t\t\t<\/div>\n\t\t<div id=\"e-n-tab-content-1950368622\" role=\"tabpanel\" aria-labelledby=\"e-n-tab-title-1950368622\" data-tab-index=\"2\" style=\"--n-tabs-title-order: 2;\" class=\" elementor-element elementor-element-17c1d32 e-con-full e-flex e-con e-child\" data-id=\"17c1d32\" data-element_type=\"container\" data-e-type=\"container\">\n\t\t\t\t<div class=\"elementor-element elementor-element-cd82139 elementor-widget elementor-widget-eael-advanced-data-table\" data-id=\"cd82139\" data-element_type=\"widget\" data-e-type=\"widget\" data-widget_type=\"eael-advanced-data-table.default\">\n\t\t\t\t\t<div class=\"ea-advanced-data-table-wrap\" data-id=\"cd82139\"><div class=\"ea-advanced-data-table-wrap-inner\">\n                <table class=\"ea-advanced-data-table ea-advanced-data-table-static ea-advanced-data-table-cd82139\" data-id=\"cd82139\"><thead><tr><th><p>Description<\/p><\/th><th><p>Client de passage (sur place ou en ligne)<\/p><\/th><th><p>Client de compte d'entreprise (en ligne)<\/p><\/th><\/tr><\/thead><tbody><tr><td><p><strong>Prix <\/strong><\/p><p>Tous les prix sont hors TVA <\/p><\/td><td><p><br><\/p><p><strong>24 heures :<\/strong><\/p><p>200 SEK (\u224818 EUR)<\/p><p><br><\/p><p>Apr\u00e8s 24 heures : 200 SEK par jour<\/p><p><br><\/p><\/td><td><p><br><\/p><p><strong>24 heures :<\/strong><\/p><p>180 SEK (\u224816 EUR)<\/p><p><br><\/p><p>Apr\u00e8s 24 heures : 180 SEK par jour<\/p><p><br><\/p><\/td><\/tr><tr><td><p>Pr\u00e9-r\u00e9server en ligne<\/p><\/td><td><p>Oui (place garantie \u00e0 l'arriv\u00e9e)<\/p><p><a href=\"https:\/\/book.driversfirst.eu\/bookings\/create\/services\" target=\"_blank\">R\u00e9servez et payez en ligne<\/a> <\/p><\/td><td><p>Oui (place garantie \u00e0 l'arriv\u00e9e)<\/p><p><a href=\"https:\/\/book.driversfirst.eu\/customer\/login\" target=\"_blank\">Connectez-vous et r\u00e9servez en ligne<\/a><\/p><\/td><\/tr><tr><td>Options de paiement<\/td><td><p>Carte*, Klarna, MobilePay, Apple Pay, Google Pay,<\/p><p>Revolut Pay, Bancontact, BLIK, EPS, iDEAL, Billie<\/p><\/td><td><p><strong>Facture \u00e0 l'entreprise<\/strong><\/p><p>Les factures seront \u00e9mises une fois par mois<\/p><p>avec toutes les r\u00e9servations pour cette p\u00e9riode consolid\u00e9es<\/p><\/td><\/tr><tr><td>Enregistrement<\/td><td><p>24h\/24 et 7j\/7 par code PIN<\/p><\/td><td>  24h\/24 et 7j\/7 par code PIN<\/td><\/tr><tr><td>Frais annuels<\/td><td> Non<\/td><td><p>Oui <\/p><\/td><\/tr><tr><td><p><strong>EXTRAS<\/strong><\/p><p><br><\/p><\/td><td><p><br><\/p><p><br><\/p><\/td><td><p><br><\/p><\/td><\/tr><tr><td><p>Douches et toilettes<\/p><\/td><td><p>Inclus <\/p><\/td><td><p>Inclus <\/p><\/td><\/tr><tr><td><p>Caf\u00e9 gratuit<\/p><\/td><td><p>Inclus<\/p><\/td><td><p>Inclus<\/p><\/td><\/tr><tr><td><p>Internet WiFi<\/p><\/td><td><p>Inclus <\/p><p><br><\/p><p>Le mot de passe WiFi se trouve sur la confirmation de r\u00e9servation\/le re\u00e7u<\/p><\/td><td><p>Inclus <\/p><p><br><\/p><p>Le mot de passe WiFi se trouve sur la confirmation de r\u00e9servation\/le re\u00e7u<\/p><\/td><\/tr><\/tbody><\/table>\n            <\/div><\/div>\t\t\t\t<\/div>\n\t\t\t\t<\/div>\n\t\t<div id=\"e-n-tab-content-1950368623\" role=\"tabpanel\" aria-labelledby=\"e-n-tab-title-1950368623\" data-tab-index=\"3\" style=\"--n-tabs-title-order: 3;\" class=\" elementor-element elementor-element-582cbd5 e-con-full e-flex e-con e-child\" data-id=\"582cbd5\" data-element_type=\"container\" data-e-type=\"container\">\n\t\t\t\t<div class=\"elementor-element elementor-element-1240933 elementor-widget elementor-widget-eael-advanced-data-table\" data-id=\"1240933\" data-element_type=\"widget\" data-e-type=\"widget\" data-widget_type=\"eael-advanced-data-table.default\">\n\t\t\t\t\t<div class=\"ea-advanced-data-table-wrap\" data-id=\"1240933\"><div class=\"ea-advanced-data-table-wrap-inner\">\n                <table class=\"ea-advanced-data-table ea-advanced-data-table-static ea-advanced-data-table-1240933\" data-id=\"1240933\"><thead><tr><th><p>Description<\/p><\/th><th><p>Client de passage (sur place ou en ligne)<\/p><\/th><th><p>Client de compte d'entreprise (en ligne)<\/p><\/th><\/tr><\/thead><tbody><tr><td><p><strong>Prix <\/strong><\/p><p>Tous les prix sont hors TVA <\/p><\/td><td><p><strong>24 heures :<\/strong><\/p><p>299 SEK (\u2248 27 EUR)<\/p><p><br><\/p><p>Apr\u00e8s 24 heures : 299 SEK par jour<\/p><\/td><td><p><strong>24 heures :<\/strong><\/p><p>299 SEK (\u2248 27 EUR)<\/p><p><br><\/p><p>Apr\u00e8s 24 heures : 299 SEK par jour<\/p><p><strong>Veuillez nous contacter pour conna\u00eetre les remises sur volume et les tarifs.<\/strong><\/p><\/td><\/tr><tr><td><p>Pr\u00e9-r\u00e9server en ligne<\/p><\/td><td><p>Oui (place garantie \u00e0 l'arriv\u00e9e)<\/p><p><a href=\"https:\/\/book.driversfirst.eu\/bookings\/create\/services\" target=\"_blank\">R\u00e9servez et payez en ligne<\/a> <\/p><\/td><td><p>Oui (place garantie \u00e0 l'arriv\u00e9e)<\/p><p><a href=\"https:\/\/book.driversfirst.eu\/customer\/login\" target=\"_blank\">Connectez-vous et r\u00e9servez en ligne<\/a><\/p><\/td><\/tr><tr><td>Options de paiement<\/td><td><p>Carte*, Klarna, MobilePay, Apple Pay, Google Pay,<\/p><p>Revolut Pay, Bancontact, BLIK, EPS, iDEAL, Billie<\/p><\/td><td><p><strong>Facture \u00e0 l'entreprise<\/strong><\/p><p>Les factures seront \u00e9mises une fois par mois<\/p><p>avec toutes les r\u00e9servations pour cette p\u00e9riode consolid\u00e9es<\/p><\/td><\/tr><tr><td>Enregistrement<\/td><td><p>24h\/24 et 7j\/7 par code PIN<\/p><\/td><td>  24h\/24 et 7j\/7 par code PIN<\/td><\/tr><tr><td>Frais annuels<\/td><td> Non<\/td><td><p>Oui<\/p><\/td><\/tr><tr><td><p><strong>EXTRAS<\/strong><\/p><p><br><\/p><\/td><td><p><br><\/p><p><br><\/p><\/td><td><p><br><\/p><\/td><\/tr><tr><td><p>Douches et toilettes<\/p><\/td><td><p>Inclus<\/p><\/td><td><p>Inclus<\/p><\/td><\/tr><tr><td><p>Salon des conducteurs<\/p><\/td><td><p>Inclus<\/p><\/td><td><p>Inclus<\/p><\/td><\/tr><tr><td><p>Caf\u00e9 gratuit<\/p><\/td><td><p>Inclus<\/p><\/td><td><p>Inclus <\/p><\/td><\/tr><tr><td><p>Internet WiFi<\/p><\/td><td><p>Inclus <\/p><p><br><\/p><p>Le mot de passe WiFi se trouve sur la confirmation de r\u00e9servation\/le re\u00e7u<\/p><\/td><td><p>Inclus <\/p><p><br><\/p><p>Le mot de passe WiFi se trouve sur la confirmation de r\u00e9servation\/le re\u00e7u<\/p><\/td><\/tr><\/tbody><\/table>\n            <\/div><\/div>\t\t\t\t<\/div>\n\t\t\t\t<\/div>\n\t\t\t\t\t<\/div>\n\t\t<\/div>\n\t\t\t\t\t\t<\/div>\n\t\t\t\t\t<\/div>\n\t\t\t\t<\/div>\n\t\t\t\t<section class=\"elementor-section elementor-top-section elementor-element elementor-element-8f2d2db elementor-section-boxed elementor-section-height-default elementor-section-height-default\" data-id=\"8f2d2db\" data-element_type=\"section\" data-e-type=\"section\">\n\t\t\t\t\t\t<div class=\"elementor-container elementor-column-gap-default\">\n\t\t\t\t\t<div class=\"elementor-column elementor-col-100 elementor-top-column elementor-element elementor-element-a03e157\" data-id=\"a03e157\" data-element_type=\"column\" data-e-type=\"column\">\n\t\t\t<div class=\"elementor-widget-wrap elementor-element-populated\">\n\t\t\t\t\t\t<section class=\"elementor-section elementor-inner-section elementor-element elementor-element-9caa933 elementor-section-boxed elementor-section-height-default elementor-section-height-default\" data-id=\"9caa933\" data-element_type=\"section\" data-e-type=\"section\">\n\t\t\t\t\t\t<div class=\"elementor-container elementor-column-gap-default\">\n\t\t\t\t\t<div class=\"elementor-column elementor-col-50 elementor-inner-column elementor-element elementor-element-f9b0fdc\" data-id=\"f9b0fdc\" data-element_type=\"column\" data-e-type=\"column\">\n\t\t\t<div class=\"elementor-widget-wrap elementor-element-populated\">\n\t\t\t\t\t\t<div class=\"elementor-element elementor-element-fa556d3 elementor-widget elementor-widget-text-editor\" data-id=\"fa556d3\" data-element_type=\"widget\" data-e-type=\"widget\" data-widget_type=\"text-editor.default\">\n\t\t\t\t\t\t\t\t\t<p><strong>* Options de paiement par carte :<\/strong><\/p><p>Visa, Mastercard, American Express, maestro, v pay, diners<\/p><p>Pour les paiements effectu\u00e9s avec des cartes \u00e9trang\u00e8res, la conversion de devise est effectu\u00e9e selon le taux de change fix\u00e9 par l&rsquo;\u00e9metteur de la carte.<\/p>\t\t\t\t\t\t\t\t<\/div>\n\t\t\t\t\t<\/div>\n\t\t<\/div>\n\t\t\t\t<div class=\"elementor-column elementor-col-50 elementor-inner-column elementor-element elementor-element-0b2c521\" data-id=\"0b2c521\" data-element_type=\"column\" data-e-type=\"column\">\n\t\t\t<div class=\"elementor-widget-wrap elementor-element-populated\">\n\t\t\t\t\t\t<div class=\"elementor-element elementor-element-1d75dbd elementor-align-center elementor-hidden-mobile elementor-widget elementor-widget-button\" data-id=\"1d75dbd\" data-element_type=\"widget\" data-e-type=\"widget\" data-widget_type=\"button.default\">\n\t\t\t\t\t\t\t\t\t\t<a class=\"elementor-button elementor-button-link elementor-size-sm\" href=\"https:\/\/driversfirst.eu\/fr\/demander-un-compte\/\">\n\t\t\t\t\t\t<span class=\"elementor-button-content-wrapper\">\n\t\t\t\t\t\t<span class=\"elementor-button-icon\">\n\t\t\t\t<svg aria-hidden=\"true\" class=\"e-font-icon-svg e-fas-user-plus\" viewBox=\"0 0 640 512\" xmlns=\"http:\/\/www.w3.org\/2000\/svg\"><path d=\"M624 208h-64v-64c0-8.8-7.2-16-16-16h-32c-8.8 0-16 7.2-16 16v64h-64c-8.8 0-16 7.2-16 16v32c0 8.8 7.2 16 16 16h64v64c0 8.8 7.2 16 16 16h32c8.8 0 16-7.2 16-16v-64h64c8.8 0 16-7.2 16-16v-32c0-8.8-7.2-16-16-16zm-400 48c70.7 0 128-57.3 128-128S294.7 0 224 0 96 57.3 96 128s57.3 128 128 128zm89.6 32h-16.7c-22.2 10.2-46.9 16-72.9 16s-50.6-5.8-72.9-16h-16.7C60.2 288 0 348.2 0 422.4V464c0 26.5 21.5 48 48 48h352c26.5 0 48-21.5 48-48v-41.6c0-74.2-60.2-134.4-134.4-134.4z\"><\/path><\/svg>\t\t\t<\/span>\n\t\t\t\t\t\t\t\t\t<span class=\"elementor-button-text\">Demander un compte<\/span>\n\t\t\t\t\t<\/span>\n\t\t\t\t\t<\/a>\n\t\t\t\t\t\t\t\t<\/div>\n\t\t\t\t\t<\/div>\n\t\t<\/div>\n\t\t\t\t\t<\/div>\n\t\t<\/section>\n\t\t\t\t\t<\/div>\n\t\t<\/div>\n\t\t\t\t\t<\/div>\n\t\t<\/section>\n\t\t\t\t<\/div>\n\t\t","protected":false},"excerpt":{"rendered":"<p>Nos prix sont clairs, comp\u00e9titifs et adapt\u00e9s aux chauffeurs professionnels et aux entreprises de transport. Vous trouverez ci-dessous notre liste de prix actuelle. Eskilstuna J\u00f6nk\u00f6ping Malm\u00f6 Description Client de passage (sur place ou en ligne) Client de compte d&rsquo;entreprise (en ligne) Prix Tous les prix sont hors TVA Tranche de 1 h : 25 SEK [&hellip;]<\/p>\n","protected":false},"author":1,"featured_media":0,"parent":0,"menu_order":0,"comment_status":"closed","ping_status":"closed","template":"elementor_header_footer","meta":{"inline_featured_image":false,"footnotes":""},"class_list":["post-3405","page","type-page","status-publish","hentry"],"yoast_head":"<!-- This site is optimized with the Yoast SEO plugin v27.4 - https:\/\/yoast.com\/product\/yoast-seo-wordpress\/ -->\n<title>Tarifs - Drivers First Security Parking<\/title>\n<meta name=\"robots\" content=\"index, follow, max-snippet:-1, max-image-preview:large, max-video-preview:-1\" \/>\n<link rel=\"canonical\" href=\"https:\/\/driversfirst.eu\/fr\/tarifs\/\" \/>\n<meta property=\"og:locale\" content=\"fr_FR\" \/>\n<meta property=\"og:type\" content=\"article\" \/>\n<meta property=\"og:title\" content=\"Tarifs - Drivers First Security Parking\" \/>\n<meta property=\"og:description\" content=\"Nos prix sont clairs, comp\u00e9titifs et adapt\u00e9s aux chauffeurs professionnels et aux entreprises de transport. Vous trouverez ci-dessous notre liste de prix actuelle. Eskilstuna J\u00f6nk\u00f6ping Malm\u00f6 Description Client de passage (sur place ou en ligne) Client de compte d&rsquo;entreprise (en ligne) Prix Tous les prix sont hors TVA Tranche de 1 h : 25 SEK [&hellip;]\" \/>\n<meta property=\"og:url\" content=\"https:\/\/driversfirst.eu\/fr\/tarifs\/\" \/>\n<meta property=\"og:site_name\" content=\"Drivers First Security Parking\" \/>\n<meta property=\"article:publisher\" content=\"https:\/\/www.facebook.com\/p\/Drivers-First-61558688551720\/\" \/>\n<meta property=\"article:modified_time\" content=\"2026-04-23T13:08:33+00:00\" \/>\n<meta name=\"twitter:card\" content=\"summary_large_image\" \/>\n<meta name=\"twitter:label1\" content=\"Dur\u00e9e de lecture estim\u00e9e\" \/>\n\t<meta name=\"twitter:data1\" content=\"5 minutes\" \/>\n<script type=\"application\/ld+json\" class=\"yoast-schema-graph\">{\"@context\":\"https:\\\/\\\/schema.org\",\"@graph\":[{\"@type\":\"WebPage\",\"@id\":\"https:\\\/\\\/driversfirst.eu\\\/fr\\\/tarifs\\\/\",\"url\":\"https:\\\/\\\/driversfirst.eu\\\/fr\\\/tarifs\\\/\",\"name\":\"Tarifs - Drivers First Security Parking\",\"isPartOf\":{\"@id\":\"https:\\\/\\\/driversfirst.eu\\\/fr\\\/#website\"},\"datePublished\":\"2025-08-19T17:09:14+00:00\",\"dateModified\":\"2026-04-23T13:08:33+00:00\",\"breadcrumb\":{\"@id\":\"https:\\\/\\\/driversfirst.eu\\\/fr\\\/tarifs\\\/#breadcrumb\"},\"inLanguage\":\"fr-FR\",\"potentialAction\":[{\"@type\":\"ReadAction\",\"target\":[\"https:\\\/\\\/driversfirst.eu\\\/fr\\\/tarifs\\\/\"]}]},{\"@type\":\"BreadcrumbList\",\"@id\":\"https:\\\/\\\/driversfirst.eu\\\/fr\\\/tarifs\\\/#breadcrumb\",\"itemListElement\":[{\"@type\":\"ListItem\",\"position\":1,\"name\":\"Accueil\",\"item\":\"https:\\\/\\\/driversfirst.eu\\\/fr\\\/accueil\\\/\"},{\"@type\":\"ListItem\",\"position\":2,\"name\":\"Tarifs\"}]},{\"@type\":\"WebSite\",\"@id\":\"https:\\\/\\\/driversfirst.eu\\\/fr\\\/#website\",\"url\":\"https:\\\/\\\/driversfirst.eu\\\/fr\\\/\",\"name\":\"Drivers First Security Parking\",\"description\":\"Secure full service truck stops\",\"publisher\":{\"@id\":\"https:\\\/\\\/driversfirst.eu\\\/fr\\\/#organization\"},\"potentialAction\":[{\"@type\":\"SearchAction\",\"target\":{\"@type\":\"EntryPoint\",\"urlTemplate\":\"https:\\\/\\\/driversfirst.eu\\\/fr\\\/?s={search_term_string}\"},\"query-input\":{\"@type\":\"PropertyValueSpecification\",\"valueRequired\":true,\"valueName\":\"search_term_string\"}}],\"inLanguage\":\"fr-FR\"},{\"@type\":\"Organization\",\"@id\":\"https:\\\/\\\/driversfirst.eu\\\/fr\\\/#organization\",\"name\":\"Drivers First Security Parking\",\"alternateName\":\"Les conducteurs d'abord\",\"url\":\"https:\\\/\\\/driversfirst.eu\\\/fr\\\/\",\"logo\":{\"@type\":\"ImageObject\",\"inLanguage\":\"fr-FR\",\"@id\":\"https:\\\/\\\/driversfirst.eu\\\/fr\\\/#\\\/schema\\\/logo\\\/image\\\/\",\"url\":\"https:\\\/\\\/driversfirst.eu\\\/wp-content\\\/uploads\\\/2025\\\/08\\\/drivers-first-security-parking-scaled.png\",\"contentUrl\":\"https:\\\/\\\/driversfirst.eu\\\/wp-content\\\/uploads\\\/2025\\\/08\\\/drivers-first-security-parking-scaled.png\",\"width\":2560,\"height\":490,\"caption\":\"Drivers First Security Parking\"},\"image\":{\"@id\":\"https:\\\/\\\/driversfirst.eu\\\/fr\\\/#\\\/schema\\\/logo\\\/image\\\/\"},\"sameAs\":[\"https:\\\/\\\/www.facebook.com\\\/p\\\/Drivers-First-61558688551720\\\/\",\"https:\\\/\\\/www.linkedin.com\\\/company\\\/driversfirst\"]}]}<\/script>\n<!-- \/ Yoast SEO plugin. -->","yoast_head_json":{"title":"Tarifs - Drivers First Security Parking","robots":{"index":"index","follow":"follow","max-snippet":"max-snippet:-1","max-image-preview":"max-image-preview:large","max-video-preview":"max-video-preview:-1"},"canonical":"https:\/\/driversfirst.eu\/fr\/tarifs\/","og_locale":"fr_FR","og_type":"article","og_title":"Tarifs - Drivers First Security Parking","og_description":"Nos prix sont clairs, comp\u00e9titifs et adapt\u00e9s aux chauffeurs professionnels et aux entreprises de transport. Vous trouverez ci-dessous notre liste de prix actuelle. Eskilstuna J\u00f6nk\u00f6ping Malm\u00f6 Description Client de passage (sur place ou en ligne) Client de compte d&rsquo;entreprise (en ligne) Prix Tous les prix sont hors TVA Tranche de 1 h : 25 SEK [&hellip;]","og_url":"https:\/\/driversfirst.eu\/fr\/tarifs\/","og_site_name":"Drivers First Security Parking","article_publisher":"https:\/\/www.facebook.com\/p\/Drivers-First-61558688551720\/","article_modified_time":"2026-04-23T13:08:33+00:00","twitter_card":"summary_large_image","twitter_misc":{"Dur\u00e9e de lecture estim\u00e9e":"5 minutes"},"schema":{"@context":"https:\/\/schema.org","@graph":[{"@type":"WebPage","@id":"https:\/\/driversfirst.eu\/fr\/tarifs\/","url":"https:\/\/driversfirst.eu\/fr\/tarifs\/","name":"Tarifs - Drivers First Security Parking","isPartOf":{"@id":"https:\/\/driversfirst.eu\/fr\/#website"},"datePublished":"2025-08-19T17:09:14+00:00","dateModified":"2026-04-23T13:08:33+00:00","breadcrumb":{"@id":"https:\/\/driversfirst.eu\/fr\/tarifs\/#breadcrumb"},"inLanguage":"fr-FR","potentialAction":[{"@type":"ReadAction","target":["https:\/\/driversfirst.eu\/fr\/tarifs\/"]}]},{"@type":"BreadcrumbList","@id":"https:\/\/driversfirst.eu\/fr\/tarifs\/#breadcrumb","itemListElement":[{"@type":"ListItem","position":1,"name":"Accueil","item":"https:\/\/driversfirst.eu\/fr\/accueil\/"},{"@type":"ListItem","position":2,"name":"Tarifs"}]},{"@type":"WebSite","@id":"https:\/\/driversfirst.eu\/fr\/#website","url":"https:\/\/driversfirst.eu\/fr\/","name":"Drivers First Security Parking","description":"Secure full service truck stops","publisher":{"@id":"https:\/\/driversfirst.eu\/fr\/#organization"},"potentialAction":[{"@type":"SearchAction","target":{"@type":"EntryPoint","urlTemplate":"https:\/\/driversfirst.eu\/fr\/?s={search_term_string}"},"query-input":{"@type":"PropertyValueSpecification","valueRequired":true,"valueName":"search_term_string"}}],"inLanguage":"fr-FR"},{"@type":"Organization","@id":"https:\/\/driversfirst.eu\/fr\/#organization","name":"Drivers First Security Parking","alternateName":"Les conducteurs d'abord","url":"https:\/\/driversfirst.eu\/fr\/","logo":{"@type":"ImageObject","inLanguage":"fr-FR","@id":"https:\/\/driversfirst.eu\/fr\/#\/schema\/logo\/image\/","url":"https:\/\/driversfirst.eu\/wp-content\/uploads\/2025\/08\/drivers-first-security-parking-scaled.png","contentUrl":"https:\/\/driversfirst.eu\/wp-content\/uploads\/2025\/08\/drivers-first-security-parking-scaled.png","width":2560,"height":490,"caption":"Drivers First Security Parking"},"image":{"@id":"https:\/\/driversfirst.eu\/fr\/#\/schema\/logo\/image\/"},"sameAs":["https:\/\/www.facebook.com\/p\/Drivers-First-61558688551720\/","https:\/\/www.linkedin.com\/company\/driversfirst"]}]}},"_links":{"self":[{"href":"https:\/\/driversfirst.eu\/fr\/wp-json\/wp\/v2\/pages\/3405","targetHints":{"allow":["GET"]}}],"collection":[{"href":"https:\/\/driversfirst.eu\/fr\/wp-json\/wp\/v2\/pages"}],"about":[{"href":"https:\/\/driversfirst.eu\/fr\/wp-json\/wp\/v2\/types\/page"}],"author":[{"embeddable":true,"href":"https:\/\/driversfirst.eu\/fr\/wp-json\/wp\/v2\/users\/1"}],"replies":[{"embeddable":true,"href":"https:\/\/driversfirst.eu\/fr\/wp-json\/wp\/v2\/comments?post=3405"}],"version-history":[{"count":12,"href":"https:\/\/driversfirst.eu\/fr\/wp-json\/wp\/v2\/pages\/3405\/revisions"}],"predecessor-version":[{"id":8382,"href":"https:\/\/driversfirst.eu\/fr\/wp-json\/wp\/v2\/pages\/3405\/revisions\/8382"}],"wp:attachment":[{"href":"https:\/\/driversfirst.eu\/fr\/wp-json\/wp\/v2\/media?parent=3405"}],"curies":[{"name":"wp","href":"https:\/\/api.w.org\/{rel}","templated":true}]}}