{"id":2881,"date":"2025-08-19T21:08:17","date_gmt":"2025-08-19T19:08:17","guid":{"rendered":"https:\/\/driversfirst.eu\/kontakt\/"},"modified":"2026-04-05T02:15:38","modified_gmt":"2026-04-05T00:15:38","slug":"kontakt","status":"publish","type":"page","link":"https:\/\/driversfirst.eu\/de\/kontakt\/","title":{"rendered":"Kontakt"},"content":{"rendered":"\t\t<div data-elementor-type=\"wp-page\" data-elementor-id=\"2881\" class=\"elementor elementor-2881 elementor-971\" data-elementor-post-type=\"page\">\n\t\t\t\t<div class=\"elementor-element elementor-element-564acfc e-flex e-con-boxed e-con e-parent\" data-id=\"564acfc\" data-element_type=\"container\" data-e-type=\"container\">\n\t\t\t\t\t<div class=\"e-con-inner\">\n\t\t\t\t<div class=\"elementor-element elementor-element-4fc9ec7 elementor-widget elementor-widget-heading\" data-id=\"4fc9ec7\" data-element_type=\"widget\" data-e-type=\"widget\" data-widget_type=\"heading.default\">\n\t\t\t\t\t<h2 class=\"elementor-heading-title elementor-size-default\">Kontakt<\/h2>\t\t\t\t<\/div>\n\t\t\t\t\t<\/div>\n\t\t\t\t<\/div>\n\t\t<div class=\"elementor-element elementor-element-76bac89 e-flex e-con-boxed e-con e-parent\" data-id=\"76bac89\" data-element_type=\"container\" data-e-type=\"container\" data-settings=\"{&quot;background_background&quot;:&quot;classic&quot;}\">\n\t\t\t\t\t<div class=\"e-con-inner\">\n\t\t<div class=\"elementor-element elementor-element-d2cabbf e-con-full e-flex e-con e-child\" data-id=\"d2cabbf\" data-element_type=\"container\" data-e-type=\"container\" data-settings=\"{&quot;background_background&quot;:&quot;classic&quot;}\">\n\t\t\t\t<div class=\"elementor-element elementor-element-5d69d8f elementor-widget elementor-widget-text-editor\" data-id=\"5d69d8f\" data-element_type=\"widget\" data-e-type=\"widget\" data-widget_type=\"text-editor.default\">\n\t\t\t\t\t\t\t\t\t<h3 class=\"wp-block-heading has-primary-color has-text-color has-link-color wp-elements-cc8d49fc4fc400b46ba63a2140959792\"><strong>Wir freuen uns darauf, von Ihnen zu h\u00f6ren<\/strong><\/h3><p>Haben Sie Fragen oder m\u00f6chten Sie mehr \u00fcber Drivers First erfahren? Z\u00f6gern Sie nicht, uns unter <a href=\"mailto:info@driversfirst.eu\">info@driversfirst.eu<\/a> zu kontaktieren. Wir freuen uns darauf, Ihnen zu helfen und alle Ihre Fragen zu beantworten.  <\/p><p>F\u00fcr weitere Informationen zu Management-, Partnerschafts- oder Investitionsm\u00f6glichkeiten besuchen Sie <a href=\"https:\/\/mobilityfirst.eu\" target=\"_blank\" rel=\"noopener\">mobilityfirst.eu<\/a><\/p><h5>Ben\u00f6tigen Sie eine Rechnung mit Mehrwertsteuer f\u00fcr Ihre Parkgeb\u00fchr?<\/h5><p>Nutzen Sie unser Self-Service-Tool: <a class=\"underline underline underline-offset-2 decoration-1 decoration-current\/40 hover:decoration-current focus:decoration-current\" href=\"https:\/\/driversfirst.eu\/vat-invoice\/\" target=\"_blank\" rel=\"noopener\">https:\/\/driversfirst.eu\/vat-invoice\/<\/a><\/p>\t\t\t\t\t\t\t\t<\/div>\n\t\t\t\t<div class=\"elementor-element elementor-element-888d45b elementor-widget elementor-widget-text-editor\" data-id=\"888d45b\" data-element_type=\"widget\" data-e-type=\"widget\" data-widget_type=\"text-editor.default\">\n\t\t\t\t\t\t\t\t\t<h3 class=\"wp-block-heading has-primary-color has-text-color has-link-color wp-elements-cc8d49fc4fc400b46ba63a2140959792\"><strong>Abonnieren Sie unseren Newsletter<\/strong><\/h3><p>Abonnieren Sie unseren Newsletter, um die neuesten Nachrichten, Produkteinf\u00fchrungen und exklusive Updates zu erhalten.<\/p>\t\t\t\t\t\t\t\t<\/div>\n\t\t\t\t<div class=\"elementor-element elementor-element-9759eca elementor-button-align-center elementor-widget elementor-widget-form\" data-id=\"9759eca\" data-element_type=\"widget\" data-e-type=\"widget\" data-settings=\"{&quot;step_next_label&quot;:&quot;Weiter&quot;,&quot;step_previous_label&quot;:&quot;Zur\\u00fcck&quot;,&quot;button_width&quot;:&quot;40&quot;,&quot;step_type&quot;:&quot;number_text&quot;,&quot;step_icon_shape&quot;:&quot;circle&quot;}\" data-widget_type=\"form.default\">\n\t\t\t\t\t\t\t<form class=\"elementor-form\" method=\"post\" name=\"Newsletter\" aria-label=\"Newsletter\">\n\t\t\t<input type=\"hidden\" name=\"post_id\" value=\"2881\"\/>\n\t\t\t<input type=\"hidden\" name=\"form_id\" value=\"9759eca\"\/>\n\t\t\t<input type=\"hidden\" name=\"referer_title\" value=\"Drivers First Security Parking\" \/>\n\n\t\t\t\n\t\t\t<div class=\"elementor-form-fields-wrapper elementor-labels-\">\n\t\t\t\t\t\t\t\t<div class=\"elementor-field-type-email elementor-field-group elementor-column elementor-field-group-email elementor-col-60 elementor-field-required\">\n\t\t\t\t\t\t\t\t\t\t\t\t<label for=\"form-field-email\" class=\"elementor-field-label elementor-screen-only\">\n\t\t\t\t\t\t\t\tE-Mail\t\t\t\t\t\t\t<\/label>\n\t\t\t\t\t\t\t\t\t\t\t\t\t\t<input size=\"1\" type=\"email\" name=\"form_fields[email]\" id=\"form-field-email\" class=\"elementor-field elementor-size-sm  elementor-field-textual\" placeholder=\"E-Mail\" required=\"required\">\n\t\t\t\t\t\t\t\t\t\t\t<\/div>\n\t\t\t\t\t\t\t\t<div class=\"elementor-field-group elementor-column elementor-field-type-submit elementor-col-40 e-form__buttons\">\n\t\t\t\t\t<button class=\"elementor-button elementor-size-sm\" type=\"submit\">\n\t\t\t\t\t\t<span class=\"elementor-button-content-wrapper\">\n\t\t\t\t\t\t\t\t\t\t\t\t\t\t\t\t\t\t\t\t\t\t<span class=\"elementor-button-text\">Abonnieren <\/span>\n\t\t\t\t\t\t\t\t\t\t\t\t\t<\/span>\n\t\t\t\t\t<\/button>\n\t\t\t\t<\/div>\n\t\t\t<\/div>\n\t\t<\/form>\n\t\t\t\t\t\t<\/div>\n\t\t\t\t<\/div>\n\t\t<div class=\"elementor-element elementor-element-6988278 e-con-full e-flex e-con e-child\" data-id=\"6988278\" data-element_type=\"container\" data-e-type=\"container\" data-settings=\"{&quot;background_background&quot;:&quot;classic&quot;}\">\n\t\t\t\t<div class=\"elementor-element elementor-element-7b675ff elementor-widget elementor-widget-text-editor\" data-id=\"7b675ff\" data-element_type=\"widget\" data-e-type=\"widget\" data-widget_type=\"text-editor.default\">\n\t\t\t\t\t\t\t\t\t<h3 class=\"wp-block-heading has-primary-color has-text-color has-link-color wp-elements-cc8d49fc4fc400b46ba63a2140959792\"><a href=\"mailto:info@driversfirst.eu\">info@driversfirst.eu<\/a><\/h3><p>F\u00fcr Kontaktdaten eines bestimmten Standorts sehen Sie bitte die individuelle Seite f\u00fcr jeden Standort.<\/p>\t\t\t\t\t\t\t\t<\/div>\n\t\t\t\t<div class=\"elementor-element elementor-element-14f1abc elementor-align-center elementor-widget elementor-widget-button\" data-id=\"14f1abc\" data-element_type=\"widget\" data-e-type=\"widget\" data-widget_type=\"button.default\">\n\t\t\t\t\t\t\t\t\t\t<a class=\"elementor-button elementor-button-link elementor-size-sm\" href=\"https:\/\/driversfirst.eu\/de\/unsere-standorte\/\">\n\t\t\t\t\t\t<span class=\"elementor-button-content-wrapper\">\n\t\t\t\t\t\t<span class=\"elementor-button-icon\">\n\t\t\t\t<svg aria-hidden=\"true\" class=\"e-font-icon-svg e-fas-location-arrow\" viewBox=\"0 0 512 512\" xmlns=\"http:\/\/www.w3.org\/2000\/svg\"><path d=\"M444.52 3.52L28.74 195.42c-47.97 22.39-31.98 92.75 19.19 92.75h175.91v175.91c0 51.17 70.36 67.17 92.75 19.19l191.9-415.78c15.99-38.39-25.59-79.97-63.97-63.97z\"><\/path><\/svg>\t\t\t<\/span>\n\t\t\t\t\t\t\t\t\t<span class=\"elementor-button-text\">Unsere Standorte<\/span>\n\t\t\t\t\t<\/span>\n\t\t\t\t\t<\/a>\n\t\t\t\t\t\t\t\t<\/div>\n\t\t\t\t<\/div>\n\t\t\t\t\t<\/div>\n\t\t\t\t<\/div>\n\t\t\t\t<\/div>\n\t\t","protected":false},"excerpt":{"rendered":"<p>Wir freuen uns darauf, von Ihnen zu h\u00f6ren Haben Sie Fragen oder m\u00f6chten Sie mehr \u00fcber Drivers First erfahren? Z\u00f6gern Sie nicht, uns unter info@driversfirst.eu zu kontaktieren. Wir freuen uns darauf, Ihnen zu helfen und alle Ihre Fragen zu beantworten. F\u00fcr weitere Informationen zu Management-, Partnerschafts- oder Investitionsm\u00f6glichkeiten besuchen Sie mobilityfirst.eu Ben\u00f6tigen Sie eine Rechnung [&hellip;]<\/p>\n","protected":false},"author":1,"featured_media":0,"parent":0,"menu_order":0,"comment_status":"closed","ping_status":"closed","template":"elementor_header_footer","meta":{"inline_featured_image":false,"footnotes":""},"class_list":["post-2881","page","type-page","status-publish","hentry"],"yoast_head":"<!-- This site is optimized with the Yoast SEO plugin v27.4 - https:\/\/yoast.com\/product\/yoast-seo-wordpress\/ -->\n<title>Kontakt - Drivers First Security Parking<\/title>\n<meta name=\"robots\" content=\"index, follow, max-snippet:-1, max-image-preview:large, max-video-preview:-1\" \/>\n<link rel=\"canonical\" href=\"https:\/\/driversfirst.eu\/de\/kontakt\/\" \/>\n<meta property=\"og:locale\" content=\"de_DE\" \/>\n<meta property=\"og:type\" content=\"article\" \/>\n<meta property=\"og:title\" content=\"Kontakt - Drivers First Security Parking\" \/>\n<meta property=\"og:description\" content=\"Wir freuen uns darauf, von Ihnen zu h\u00f6ren Haben Sie Fragen oder m\u00f6chten Sie mehr \u00fcber Drivers First erfahren? Z\u00f6gern Sie nicht, uns unter info@driversfirst.eu zu kontaktieren. Wir freuen uns darauf, Ihnen zu helfen und alle Ihre Fragen zu beantworten. F\u00fcr weitere Informationen zu Management-, Partnerschafts- oder Investitionsm\u00f6glichkeiten besuchen Sie mobilityfirst.eu Ben\u00f6tigen Sie eine Rechnung [&hellip;]\" \/>\n<meta property=\"og:url\" content=\"https:\/\/driversfirst.eu\/de\/kontakt\/\" \/>\n<meta property=\"og:site_name\" content=\"Drivers First Security Parking\" \/>\n<meta property=\"article:publisher\" content=\"https:\/\/www.facebook.com\/p\/Drivers-First-61558688551720\/\" \/>\n<meta property=\"article:modified_time\" content=\"2026-04-05T00:15:38+00:00\" \/>\n<meta name=\"twitter:card\" content=\"summary_large_image\" \/>\n<meta name=\"twitter:label1\" content=\"Gesch\u00e4tzte Lesezeit\" \/>\n\t<meta name=\"twitter:data1\" content=\"1\u00a0Minute\" \/>\n<script type=\"application\/ld+json\" class=\"yoast-schema-graph\">{\"@context\":\"https:\\\/\\\/schema.org\",\"@graph\":[{\"@type\":\"WebPage\",\"@id\":\"https:\\\/\\\/driversfirst.eu\\\/de\\\/kontakt\\\/\",\"url\":\"https:\\\/\\\/driversfirst.eu\\\/de\\\/kontakt\\\/\",\"name\":\"Kontakt - Drivers First Security Parking\",\"isPartOf\":{\"@id\":\"https:\\\/\\\/driversfirst.eu\\\/de\\\/#website\"},\"datePublished\":\"2025-08-19T19:08:17+00:00\",\"dateModified\":\"2026-04-05T00:15:38+00:00\",\"breadcrumb\":{\"@id\":\"https:\\\/\\\/driversfirst.eu\\\/de\\\/kontakt\\\/#breadcrumb\"},\"inLanguage\":\"de\",\"potentialAction\":[{\"@type\":\"ReadAction\",\"target\":[\"https:\\\/\\\/driversfirst.eu\\\/de\\\/kontakt\\\/\"]}]},{\"@type\":\"BreadcrumbList\",\"@id\":\"https:\\\/\\\/driversfirst.eu\\\/de\\\/kontakt\\\/#breadcrumb\",\"itemListElement\":[{\"@type\":\"ListItem\",\"position\":1,\"name\":\"Startseite\",\"item\":\"https:\\\/\\\/driversfirst.eu\\\/de\\\/\"},{\"@type\":\"ListItem\",\"position\":2,\"name\":\"Kontakt\"}]},{\"@type\":\"WebSite\",\"@id\":\"https:\\\/\\\/driversfirst.eu\\\/de\\\/#website\",\"url\":\"https:\\\/\\\/driversfirst.eu\\\/de\\\/\",\"name\":\"Drivers First Security Parking\",\"description\":\"Secure full service truck stops\",\"publisher\":{\"@id\":\"https:\\\/\\\/driversfirst.eu\\\/de\\\/#organization\"},\"potentialAction\":[{\"@type\":\"SearchAction\",\"target\":{\"@type\":\"EntryPoint\",\"urlTemplate\":\"https:\\\/\\\/driversfirst.eu\\\/de\\\/?s={search_term_string}\"},\"query-input\":{\"@type\":\"PropertyValueSpecification\",\"valueRequired\":true,\"valueName\":\"search_term_string\"}}],\"inLanguage\":\"de\"},{\"@type\":\"Organization\",\"@id\":\"https:\\\/\\\/driversfirst.eu\\\/de\\\/#organization\",\"name\":\"Drivers First Security Parking\",\"alternateName\":\"Drivers first\",\"url\":\"https:\\\/\\\/driversfirst.eu\\\/de\\\/\",\"logo\":{\"@type\":\"ImageObject\",\"inLanguage\":\"de\",\"@id\":\"https:\\\/\\\/driversfirst.eu\\\/de\\\/#\\\/schema\\\/logo\\\/image\\\/\",\"url\":\"https:\\\/\\\/driversfirst.eu\\\/wp-content\\\/uploads\\\/2025\\\/08\\\/drivers-first-security-parking-scaled.png\",\"contentUrl\":\"https:\\\/\\\/driversfirst.eu\\\/wp-content\\\/uploads\\\/2025\\\/08\\\/drivers-first-security-parking-scaled.png\",\"width\":2560,\"height\":490,\"caption\":\"Drivers First Security Parking\"},\"image\":{\"@id\":\"https:\\\/\\\/driversfirst.eu\\\/de\\\/#\\\/schema\\\/logo\\\/image\\\/\"},\"sameAs\":[\"https:\\\/\\\/www.facebook.com\\\/p\\\/Drivers-First-61558688551720\\\/\",\"https:\\\/\\\/www.linkedin.com\\\/company\\\/driversfirst\"]}]}<\/script>\n<!-- \/ Yoast SEO plugin. -->","yoast_head_json":{"title":"Kontakt - Drivers First Security Parking","robots":{"index":"index","follow":"follow","max-snippet":"max-snippet:-1","max-image-preview":"max-image-preview:large","max-video-preview":"max-video-preview:-1"},"canonical":"https:\/\/driversfirst.eu\/de\/kontakt\/","og_locale":"de_DE","og_type":"article","og_title":"Kontakt - Drivers First Security Parking","og_description":"Wir freuen uns darauf, von Ihnen zu h\u00f6ren Haben Sie Fragen oder m\u00f6chten Sie mehr \u00fcber Drivers First erfahren? Z\u00f6gern Sie nicht, uns unter info@driversfirst.eu zu kontaktieren. Wir freuen uns darauf, Ihnen zu helfen und alle Ihre Fragen zu beantworten. F\u00fcr weitere Informationen zu Management-, Partnerschafts- oder Investitionsm\u00f6glichkeiten besuchen Sie mobilityfirst.eu Ben\u00f6tigen Sie eine Rechnung [&hellip;]","og_url":"https:\/\/driversfirst.eu\/de\/kontakt\/","og_site_name":"Drivers First Security Parking","article_publisher":"https:\/\/www.facebook.com\/p\/Drivers-First-61558688551720\/","article_modified_time":"2026-04-05T00:15:38+00:00","twitter_card":"summary_large_image","twitter_misc":{"Gesch\u00e4tzte Lesezeit":"1\u00a0Minute"},"schema":{"@context":"https:\/\/schema.org","@graph":[{"@type":"WebPage","@id":"https:\/\/driversfirst.eu\/de\/kontakt\/","url":"https:\/\/driversfirst.eu\/de\/kontakt\/","name":"Kontakt - Drivers First Security Parking","isPartOf":{"@id":"https:\/\/driversfirst.eu\/de\/#website"},"datePublished":"2025-08-19T19:08:17+00:00","dateModified":"2026-04-05T00:15:38+00:00","breadcrumb":{"@id":"https:\/\/driversfirst.eu\/de\/kontakt\/#breadcrumb"},"inLanguage":"de","potentialAction":[{"@type":"ReadAction","target":["https:\/\/driversfirst.eu\/de\/kontakt\/"]}]},{"@type":"BreadcrumbList","@id":"https:\/\/driversfirst.eu\/de\/kontakt\/#breadcrumb","itemListElement":[{"@type":"ListItem","position":1,"name":"Startseite","item":"https:\/\/driversfirst.eu\/de\/"},{"@type":"ListItem","position":2,"name":"Kontakt"}]},{"@type":"WebSite","@id":"https:\/\/driversfirst.eu\/de\/#website","url":"https:\/\/driversfirst.eu\/de\/","name":"Drivers First Security Parking","description":"Secure full service truck stops","publisher":{"@id":"https:\/\/driversfirst.eu\/de\/#organization"},"potentialAction":[{"@type":"SearchAction","target":{"@type":"EntryPoint","urlTemplate":"https:\/\/driversfirst.eu\/de\/?s={search_term_string}"},"query-input":{"@type":"PropertyValueSpecification","valueRequired":true,"valueName":"search_term_string"}}],"inLanguage":"de"},{"@type":"Organization","@id":"https:\/\/driversfirst.eu\/de\/#organization","name":"Drivers First Security Parking","alternateName":"Drivers first","url":"https:\/\/driversfirst.eu\/de\/","logo":{"@type":"ImageObject","inLanguage":"de","@id":"https:\/\/driversfirst.eu\/de\/#\/schema\/logo\/image\/","url":"https:\/\/driversfirst.eu\/wp-content\/uploads\/2025\/08\/drivers-first-security-parking-scaled.png","contentUrl":"https:\/\/driversfirst.eu\/wp-content\/uploads\/2025\/08\/drivers-first-security-parking-scaled.png","width":2560,"height":490,"caption":"Drivers First Security Parking"},"image":{"@id":"https:\/\/driversfirst.eu\/de\/#\/schema\/logo\/image\/"},"sameAs":["https:\/\/www.facebook.com\/p\/Drivers-First-61558688551720\/","https:\/\/www.linkedin.com\/company\/driversfirst"]}]}},"_links":{"self":[{"href":"https:\/\/driversfirst.eu\/de\/wp-json\/wp\/v2\/pages\/2881","targetHints":{"allow":["GET"]}}],"collection":[{"href":"https:\/\/driversfirst.eu\/de\/wp-json\/wp\/v2\/pages"}],"about":[{"href":"https:\/\/driversfirst.eu\/de\/wp-json\/wp\/v2\/types\/page"}],"author":[{"embeddable":true,"href":"https:\/\/driversfirst.eu\/de\/wp-json\/wp\/v2\/users\/1"}],"replies":[{"embeddable":true,"href":"https:\/\/driversfirst.eu\/de\/wp-json\/wp\/v2\/comments?post=2881"}],"version-history":[{"count":19,"href":"https:\/\/driversfirst.eu\/de\/wp-json\/wp\/v2\/pages\/2881\/revisions"}],"predecessor-version":[{"id":7810,"href":"https:\/\/driversfirst.eu\/de\/wp-json\/wp\/v2\/pages\/2881\/revisions\/7810"}],"wp:attachment":[{"href":"https:\/\/driversfirst.eu\/de\/wp-json\/wp\/v2\/media?parent=2881"}],"curies":[{"name":"wp","href":"https:\/\/api.w.org\/{rel}","templated":true}]}}